{"id":2474,"date":"2013-07-05T13:02:08","date_gmt":"2013-07-05T12:02:08","guid":{"rendered":"http:\/\/bdmiam.fr\/?page_id=2474"},"modified":"2013-07-05T13:02:08","modified_gmt":"2013-07-05T12:02:08","slug":"bdmiam-kezako","status":"publish","type":"page","link":"https:\/\/bdmiam.fr\/index.php\/bdmiam-kezako\/","title":{"rendered":"BDMiam, k\u00e9zako ?"},"content":{"rendered":"<p><strong>C\u2019est d\u2019abord qui\u00a0!?!<\/strong><br \/>\nUne bande d\u2019amis, de tout \u00e2ges et de tout horizons, qui prenaient plaisir \u00e0 se retrouver autour d\u2019une bonne bande-dessin\u00e9e.<\/p>\n<p>Et puis quoi de plus convivial qu\u2019un bon repas avec et si en plus il y a un p\u2019tit verre de Beaujolais quoi demander de plus\u00a0!<\/p>\n<p>Le concept \u00e9tait n\u00e9\u00a0; se retrouver autour d\u2019un auteur, parler bd, dessin, sc\u00e9nario\u2026tout en d\u00e9gustant ou sirotant de bien bonnes choses.<\/p>\n<p>Seul dans notre coin on se trouvait ma foi bien \u00e9go\u00efste\u00a0!!<\/p>\n<p>Pourquoi ne pas partager cette bonne ambiance avec le reste de la Terre\u2026 et plus particuli\u00e8rement de la r\u00e9gion Beaujolaise et c\u2019est d\u00e9j\u00e0 pas mal.<\/p>\n<p>Ni une ni deux l\u2019association Bd Miam \u00e9tait n\u00e9e, son objectif faire d\u00e9couvrir la bande-dessin\u00e9e et les produits du terroir \u00e0 travers un festival.<\/p>\n<p>On va donc se retrousser les manches et essayer de vous concocter un bel \u00e9v\u00e8nement, convivial, familiale autour de la bd et de la bonne bouffe.<\/p>\n<div id='gallery-1' class='gallery galleryid-2474 gallery-columns-3 gallery-size-thumbnail'><figure class='gallery-item'>\n\t\t\t<div class='gallery-icon landscape'>\n\t\t\t\t<img loading=\"lazy\" decoding=\"async\" width=\"150\" height=\"150\" src=\"https:\/\/i0.wp.com\/bdmiam.fr\/wp-content\/uploads\/2013\/09\/la_fournee_de_marie_1-1.jpg?resize=150%2C150&amp;ssl=1\" class=\"attachment-thumbnail size-thumbnail\" alt=\"\" srcset=\"https:\/\/i0.wp.com\/bdmiam.fr\/wp-content\/uploads\/2013\/09\/la_fournee_de_marie_1-1.jpg?resize=150%2C150&amp;ssl=1 150w, https:\/\/i0.wp.com\/bdmiam.fr\/wp-content\/uploads\/2013\/09\/la_fournee_de_marie_1-1.jpg?zoom=2&amp;resize=150%2C150&amp;ssl=1 300w, https:\/\/i0.wp.com\/bdmiam.fr\/wp-content\/uploads\/2013\/09\/la_fournee_de_marie_1-1.jpg?zoom=3&amp;resize=150%2C150&amp;ssl=1 450w\" sizes=\"auto, (max-width: 150px) 100vw, 150px\" \/>\n\t\t\t<\/div><\/figure><figure class='gallery-item'>\n\t\t\t<div class='gallery-icon landscape'>\n\t\t\t\t<img loading=\"lazy\" decoding=\"async\" width=\"150\" height=\"150\" src=\"https:\/\/i0.wp.com\/bdmiam.fr\/wp-content\/uploads\/2013\/09\/2013-08-02-22.08.55-1.jpg?resize=150%2C150&amp;ssl=1\" class=\"attachment-thumbnail size-thumbnail\" alt=\"\" srcset=\"https:\/\/i0.wp.com\/bdmiam.fr\/wp-content\/uploads\/2013\/09\/2013-08-02-22.08.55-1.jpg?resize=150%2C150&amp;ssl=1 150w, https:\/\/i0.wp.com\/bdmiam.fr\/wp-content\/uploads\/2013\/09\/2013-08-02-22.08.55-1.jpg?zoom=2&amp;resize=150%2C150&amp;ssl=1 300w, https:\/\/i0.wp.com\/bdmiam.fr\/wp-content\/uploads\/2013\/09\/2013-08-02-22.08.55-1.jpg?zoom=3&amp;resize=150%2C150&amp;ssl=1 450w\" sizes=\"auto, (max-width: 150px) 100vw, 150px\" \/>\n\t\t\t<\/div><\/figure><figure class='gallery-item'>\n\t\t\t<div class='gallery-icon landscape'>\n\t\t\t\t<img loading=\"lazy\" decoding=\"async\" width=\"150\" height=\"150\" src=\"https:\/\/i0.wp.com\/bdmiam.fr\/wp-content\/uploads\/2013\/09\/degust-1.jpg?resize=150%2C150&amp;ssl=1\" class=\"attachment-thumbnail size-thumbnail\" alt=\"\" srcset=\"https:\/\/i0.wp.com\/bdmiam.fr\/wp-content\/uploads\/2013\/09\/degust-1.jpg?w=612&amp;ssl=1 612w, https:\/\/i0.wp.com\/bdmiam.fr\/wp-content\/uploads\/2013\/09\/degust-1.jpg?resize=300%2C300&amp;ssl=1 300w, https:\/\/i0.wp.com\/bdmiam.fr\/wp-content\/uploads\/2013\/09\/degust-1.jpg?resize=150%2C150&amp;ssl=1 150w\" sizes=\"auto, (max-width: 150px) 100vw, 150px\" \/>\n\t\t\t<\/div><\/figure><figure class='gallery-item'>\n\t\t\t<div class='gallery-icon landscape'>\n\t\t\t\t<img loading=\"lazy\" decoding=\"async\" width=\"150\" height=\"150\" src=\"https:\/\/i0.wp.com\/bdmiam.fr\/wp-content\/uploads\/2013\/09\/P1020048-1-scaled.jpg?resize=150%2C150&amp;ssl=1\" class=\"attachment-thumbnail size-thumbnail\" alt=\"\" srcset=\"https:\/\/i0.wp.com\/bdmiam.fr\/wp-content\/uploads\/2013\/09\/P1020048-1-scaled.jpg?resize=150%2C150&amp;ssl=1 150w, https:\/\/i0.wp.com\/bdmiam.fr\/wp-content\/uploads\/2013\/09\/P1020048-1-scaled.jpg?zoom=2&amp;resize=150%2C150&amp;ssl=1 300w, https:\/\/i0.wp.com\/bdmiam.fr\/wp-content\/uploads\/2013\/09\/P1020048-1-scaled.jpg?zoom=3&amp;resize=150%2C150&amp;ssl=1 450w\" sizes=\"auto, (max-width: 150px) 100vw, 150px\" \/>\n\t\t\t<\/div><\/figure><figure class='gallery-item'>\n\t\t\t<div class='gallery-icon landscape'>\n\t\t\t\t<img loading=\"lazy\" decoding=\"async\" width=\"150\" height=\"150\" src=\"https:\/\/i0.wp.com\/bdmiam.fr\/wp-content\/uploads\/2013\/09\/2013-08-02-20.59.012-1.jpg?resize=150%2C150&amp;ssl=1\" class=\"attachment-thumbnail size-thumbnail\" alt=\"\" srcset=\"https:\/\/i0.wp.com\/bdmiam.fr\/wp-content\/uploads\/2013\/09\/2013-08-02-20.59.012-1.jpg?resize=150%2C150&amp;ssl=1 150w, https:\/\/i0.wp.com\/bdmiam.fr\/wp-content\/uploads\/2013\/09\/2013-08-02-20.59.012-1.jpg?zoom=2&amp;resize=150%2C150&amp;ssl=1 300w, https:\/\/i0.wp.com\/bdmiam.fr\/wp-content\/uploads\/2013\/09\/2013-08-02-20.59.012-1.jpg?zoom=3&amp;resize=150%2C150&amp;ssl=1 450w\" sizes=\"auto, (max-width: 150px) 100vw, 150px\" \/>\n\t\t\t<\/div><\/figure><figure class='gallery-item'>\n\t\t\t<div class='gallery-icon landscape'>\n\t\t\t\t<img loading=\"lazy\" decoding=\"async\" width=\"150\" height=\"150\" src=\"https:\/\/i0.wp.com\/bdmiam.fr\/wp-content\/uploads\/2013\/09\/P1020054-1-scaled.jpg?resize=150%2C150&amp;ssl=1\" class=\"attachment-thumbnail size-thumbnail\" alt=\"\" srcset=\"https:\/\/i0.wp.com\/bdmiam.fr\/wp-content\/uploads\/2013\/09\/P1020054-1-scaled.jpg?resize=150%2C150&amp;ssl=1 150w, https:\/\/i0.wp.com\/bdmiam.fr\/wp-content\/uploads\/2013\/09\/P1020054-1-scaled.jpg?zoom=2&amp;resize=150%2C150&amp;ssl=1 300w, https:\/\/i0.wp.com\/bdmiam.fr\/wp-content\/uploads\/2013\/09\/P1020054-1-scaled.jpg?zoom=3&amp;resize=150%2C150&amp;ssl=1 450w\" sizes=\"auto, (max-width: 150px) 100vw, 150px\" \/>\n\t\t\t<\/div><\/figure><figure class='gallery-item'>\n\t\t\t<div class='gallery-icon landscape'>\n\t\t\t\t<img loading=\"lazy\" decoding=\"async\" width=\"150\" height=\"150\" src=\"https:\/\/i0.wp.com\/bdmiam.fr\/wp-content\/uploads\/2013\/09\/2013-08-02-20.24.311-1.jpg?resize=150%2C150&amp;ssl=1\" class=\"attachment-thumbnail size-thumbnail\" alt=\"\" srcset=\"https:\/\/i0.wp.com\/bdmiam.fr\/wp-content\/uploads\/2013\/09\/2013-08-02-20.24.311-1.jpg?resize=150%2C150&amp;ssl=1 150w, https:\/\/i0.wp.com\/bdmiam.fr\/wp-content\/uploads\/2013\/09\/2013-08-02-20.24.311-1.jpg?zoom=2&amp;resize=150%2C150&amp;ssl=1 300w, https:\/\/i0.wp.com\/bdmiam.fr\/wp-content\/uploads\/2013\/09\/2013-08-02-20.24.311-1.jpg?zoom=3&amp;resize=150%2C150&amp;ssl=1 450w\" sizes=\"auto, (max-width: 150px) 100vw, 150px\" \/>\n\t\t\t<\/div><\/figure><figure class='gallery-item'>\n\t\t\t<div class='gallery-icon landscape'>\n\t\t\t\t<img loading=\"lazy\" decoding=\"async\" width=\"150\" height=\"150\" src=\"https:\/\/i0.wp.com\/bdmiam.fr\/wp-content\/uploads\/2013\/09\/P1020044-1-scaled.jpg?resize=150%2C150&amp;ssl=1\" class=\"attachment-thumbnail size-thumbnail\" alt=\"\" srcset=\"https:\/\/i0.wp.com\/bdmiam.fr\/wp-content\/uploads\/2013\/09\/P1020044-1-scaled.jpg?resize=150%2C150&amp;ssl=1 150w, https:\/\/i0.wp.com\/bdmiam.fr\/wp-content\/uploads\/2013\/09\/P1020044-1-scaled.jpg?zoom=2&amp;resize=150%2C150&amp;ssl=1 300w, https:\/\/i0.wp.com\/bdmiam.fr\/wp-content\/uploads\/2013\/09\/P1020044-1-scaled.jpg?zoom=3&amp;resize=150%2C150&amp;ssl=1 450w\" sizes=\"auto, (max-width: 150px) 100vw, 150px\" \/>\n\t\t\t<\/div><\/figure>\n\t\t<\/div>\n\n","protected":false},"excerpt":{"rendered":"<p>C\u2019est d\u2019abord qui\u00a0!?! Une bande d\u2019amis, de tout \u00e2ges et de tout horizons, qui prenaient plaisir \u00e0 se retrouver autour d\u2019une bonne bande-dessin\u00e9e. Et puis quoi de plus convivial qu\u2019un bon repas avec et si en plus il y a un p\u2019tit verre de Beaujolais quoi demander de plus\u00a0! Le concept \u00e9tait n\u00e9\u00a0; se retrouver [&hellip;]<\/p>\n","protected":false},"author":2,"featured_media":0,"parent":0,"menu_order":0,"comment_status":"closed","ping_status":"closed","template":"","meta":{"footnotes":""},"class_list":["post-2474","page","type-page","status-publish","hentry"],"jetpack_sharing_enabled":true,"_links":{"self":[{"href":"https:\/\/bdmiam.fr\/index.php\/wp-json\/wp\/v2\/pages\/2474","targetHints":{"allow":["GET"]}}],"collection":[{"href":"https:\/\/bdmiam.fr\/index.php\/wp-json\/wp\/v2\/pages"}],"about":[{"href":"https:\/\/bdmiam.fr\/index.php\/wp-json\/wp\/v2\/types\/page"}],"author":[{"embeddable":true,"href":"https:\/\/bdmiam.fr\/index.php\/wp-json\/wp\/v2\/users\/2"}],"replies":[{"embeddable":true,"href":"https:\/\/bdmiam.fr\/index.php\/wp-json\/wp\/v2\/comments?post=2474"}],"version-history":[{"count":0,"href":"https:\/\/bdmiam.fr\/index.php\/wp-json\/wp\/v2\/pages\/2474\/revisions"}],"wp:attachment":[{"href":"https:\/\/bdmiam.fr\/index.php\/wp-json\/wp\/v2\/media?parent=2474"}],"curies":[{"name":"wp","href":"https:\/\/api.w.org\/{rel}","templated":true}]}}