{"id":2622,"date":"2013-07-29T11:53:06","date_gmt":"2013-07-29T10:53:06","guid":{"rendered":"http:\/\/bdmiam.fr\/?page_id=2622"},"modified":"2026-03-22T18:00:16","modified_gmt":"2026-03-22T17:00:16","slug":"rejoindre-bdmiam","status":"publish","type":"page","link":"https:\/\/bdmiam.fr\/index.php\/rejoindre-bdmiam\/","title":{"rendered":"Rejoindre BDMiam"},"content":{"rendered":"\n<p>L\u2019association \u00ab Bd MIAM \u00bb a pour objet de promouvoir la bande dessin\u00e9e et les produits locaux \u00e0 travers une manifestation qui aura lieu le 27 et 28 juin 202 \u00e0 Fareins.<\/p>\n\n\n\n<p>Simple amateur ou passionn\u00e9, vous pouvez, vous aussi, adh\u00e9rer \u00e0 cette association en r\u00e9glant la cotisation annuelle de :<\/p>\n\n\n\n<p>&#8211; 20\u20ac pour un membre adh\u00e9rent<\/p>\n\n\n\n<p>&#8211; 20\u20ac ou plus pour un membre bienfaiteur<\/p>\n\n\n\n<p>Vous permettrez ainsi \u00e0 l\u2019association de concr\u00e9tiser ce projet.<\/p>\n\n\n\n<p>Vous pourrez suivre la cr\u00e9ation et l\u2019\u00e9volution du festival via notre site ou par <a href=\"https:\/\/www.facebook.com\/bdmiam\" data-type=\"link\" data-id=\"https:\/\/www.facebook.com\/bdmiam\" target=\"_blank\" rel=\"noreferrer noopener\"><strong>Facebook<\/strong><\/a>.<\/p>\n\n\n\n<p>N\u2019h\u00e9sitez pas \u00e0 nous contacter si vous souhaitez adh\u00e9rer \u00e0 l\u2019association, via nos r\u00e9seaux sociaux ou en vous rendant \u00e0 la librairie <em>La Boussole<\/em>.<\/p>\n\n\n\n<p>Association Bd Miam &#8211; 234 rue de Belleville 69400 Villefranche sur Sa\u00f4ne<\/p>\n\n\n\n<p><\/p>\n","protected":false},"excerpt":{"rendered":"<p>L\u2019association \u00ab Bd MIAM \u00bb a pour objet de promouvoir la bande dessin\u00e9e et les produits locaux \u00e0 travers une manifestation qui aura lieu le 27 et 28 juin 202 \u00e0 Fareins. Simple amateur ou passionn\u00e9, vous pouvez, vous aussi, adh\u00e9rer \u00e0 cette association en r\u00e9glant la cotisation annuelle de : &#8211; 20\u20ac pour un [&hellip;]<\/p>\n","protected":false},"author":2,"featured_media":0,"parent":0,"menu_order":0,"comment_status":"closed","ping_status":"closed","template":"page-with-sidebar","meta":{"footnotes":""},"class_list":["post-2622","page","type-page","status-publish","hentry"],"jetpack_sharing_enabled":true,"_links":{"self":[{"href":"https:\/\/bdmiam.fr\/index.php\/wp-json\/wp\/v2\/pages\/2622","targetHints":{"allow":["GET"]}}],"collection":[{"href":"https:\/\/bdmiam.fr\/index.php\/wp-json\/wp\/v2\/pages"}],"about":[{"href":"https:\/\/bdmiam.fr\/index.php\/wp-json\/wp\/v2\/types\/page"}],"author":[{"embeddable":true,"href":"https:\/\/bdmiam.fr\/index.php\/wp-json\/wp\/v2\/users\/2"}],"replies":[{"embeddable":true,"href":"https:\/\/bdmiam.fr\/index.php\/wp-json\/wp\/v2\/comments?post=2622"}],"version-history":[{"count":5,"href":"https:\/\/bdmiam.fr\/index.php\/wp-json\/wp\/v2\/pages\/2622\/revisions"}],"predecessor-version":[{"id":7561,"href":"https:\/\/bdmiam.fr\/index.php\/wp-json\/wp\/v2\/pages\/2622\/revisions\/7561"}],"wp:attachment":[{"href":"https:\/\/bdmiam.fr\/index.php\/wp-json\/wp\/v2\/media?parent=2622"}],"curies":[{"name":"wp","href":"https:\/\/api.w.org\/{rel}","templated":true}]}}