{"id":4479,"date":"2018-05-12T09:42:36","date_gmt":"2018-05-12T08:42:36","guid":{"rendered":"http:\/\/bdmiam.fr\/?page_id=4479"},"modified":"2023-12-10T20:54:47","modified_gmt":"2023-12-10T19:54:47","slug":"festival-2023","status":"publish","type":"page","link":"https:\/\/bdmiam.fr\/index.php\/festival-2023\/","title":{"rendered":"Festival 2023"},"content":{"rendered":"\r\n<p style=\"text-align: center;\">\u00a0<\/p>\r\n\r\n<h3 class=\"widgettitle text-center\" style=\"text-align: center;\"><img data-recalc-dims=\"1\" loading=\"lazy\" decoding=\"async\" class=\"aligncenter wp-image-5619\" src=\"https:\/\/i0.wp.com\/bdmiam.fr\/wp-content\/uploads\/2022\/12\/2020-BDMIAM-2023-CLOCHEMERLE-generale-INTERNET.jpg?resize=198%2C280&#038;ssl=1\" alt=\"\" width=\"198\" height=\"280\" \/><\/h3>\r\n<h3 class=\"widgettitle text-center\" style=\"text-align: center;\">QUAND ?<\/h3>\r\n<div class=\"text-center\" style=\"text-align: center;\">\r\n<h6 class=\"hours-title\" style=\"text-align: center;\">SAMEDI 17 JUIN 2023<\/h6>\r\n<p style=\"text-align: center;\">10h &#8211; 18h<\/p>\r\n<h6 class=\"hours-title\" style=\"text-align: center;\">DIMANCHE 18 JUIN 2023<\/h6>\r\n<p style=\"text-align: center;\">10h30 &#8211; 18h<\/p>\r\n<p><strong>ENTR\u00c9E GRATUITE<\/strong><\/p>\r\n<\/div>\r\n<div class=\"text-center\" style=\"text-align: center;\">\r\n<p>&nbsp;<\/p>\r\n<\/div>\r\n<hr \/>\r\n<div class=\"text-center\">\r\n<h3 style=\"text-align: center;\">O\u00d9 ?<\/h3>\r\n<\/div>\r\n<p style=\"text-align: center;\"><strong>Vaux-en-Beaujolais &#8211; Clochemerle<br \/><\/strong><\/p>\r\n<p class=\"hours-title\" style=\"text-align: center;\">Place du Petit Tertre &#8211; 69460<\/p>\r\n<p style=\"text-align: center;\"><iframe loading=\"lazy\" src=\"https:\/\/www.google.com\/maps\/d\/u\/0\/embed?mid=1rvDzjvkUMyqdV2R0I8wgCOaZlfXzxRI&amp;ehbc=2E312F\" width=\"640\" height=\"480\"><\/iframe><\/p>\r\n<p>&nbsp;<\/p>\r\n<hr \/>\r\n<h3 class=\"widgettitle text-center\" style=\"text-align: center;\">QUI ?<\/h3>\r\n<p style=\"text-align: center;\">notre Parrain : <a href=\"https:\/\/bdmiam.fr\/index.php\/festival-2023\/hub\/\" target=\"_blank\" rel=\"noopener noreferrer\">HUB<\/a><\/p>\r\n<p style=\"text-align: center;\"><a href=\"https:\/\/bdmiam.fr\/index.php\/festival-2023\/joel-alessandra\/\" target=\"_blank\" rel=\"noopener noreferrer\">Jo\u00ebl Alessandra<\/a><\/p>\r\n<p style=\"text-align: center;\"><a href=\"https:\/\/bdmiam.fr\/index.php\/festival-2023\/paola-antista\/\" target=\"_blank\" rel=\"noopener\">Paola Antista<\/a><\/p>\r\n<p style=\"text-align: center;\"><a href=\"https:\/\/bdmiam.fr\/index.php\/festival-2023\/b-gnet\/\" target=\"_blank\" rel=\"noopener noreferrer\">B-Gnet<\/a><\/p>\r\n<p style=\"text-align: center;\"><a href=\"https:\/\/bdmiam.fr\/index.php\/festival-2023\/jean-sebastien-bordas\/\" target=\"_blank\" rel=\"noopener noreferrer\">Jean-S\u00e9bastien Bordas<\/a><\/p>\r\n<p style=\"text-align: center;\"><a href=\"https:\/\/bdmiam.fr\/index.php\/festival-2023\/javier-casado\/\" target=\"_blank\" rel=\"noopener noreferrer\">Javier Casado<\/a><\/p>\r\n<p style=\"text-align: center;\"><a href=\"https:\/\/bdmiam.fr\/index.php\/festival-2023\/loic-clement\/\" target=\"_blank\" rel=\"noopener noreferrer\">Lo\u00efc Clement<\/a><\/p>\r\n<p style=\"text-align: center;\"><a href=\"https:\/\/bdmiam.fr\/index.php\/festival-2023\/stephanie-dunand-pallaz\/\" target=\"_blank\" rel=\"noopener noreferrer\">St\u00e9phanie Dunand-Pallaz<\/a><\/p>\r\n<p style=\"text-align: center;\"><a href=\"https:\/\/bdmiam.fr\/index.php\/festival-2023\/anais-eustache\/\" target=\"_blank\" rel=\"noopener noreferrer\">Ana\u00efs Eustache<\/a><\/p>\r\n<p style=\"text-align: center;\"><a href=\"https:\/\/bdmiam.fr\/index.php\/festival-2023\/aurelie-guarino\/\" target=\"_blank\" rel=\"noopener noreferrer\">Aur\u00e9lie Guarino<\/a><\/p>\r\n<p style=\"text-align: center;\"><a href=\"https:\/\/bdmiam.fr\/index.php\/festival-2023\/antoine-giner-belmonte\/\" target=\"_blank\" rel=\"noopener noreferrer\">Antoine Giner-Belmonte<\/a><\/p>\r\n<p style=\"text-align: center;\"><a href=\"https:\/\/bdmiam.fr\/index.php\/festival-2023\/matthieu-ferrand\/\" target=\"_blank\" rel=\"noopener noreferrer\">Matthieu Ferrand<\/a> <em>le dimanche uniquement<\/em><\/p>\r\n<p style=\"text-align: center;\"><a href=\"https:\/\/bdmiam.fr\/index.php\/festival-2023\/jocelyn-joret\/\" target=\"_blank\" rel=\"noopener noreferrer\">Jocelyn Joret<\/a><\/p>\r\n<p style=\"text-align: center;\"><a href=\"https:\/\/bdmiam.fr\/index.php\/festival-2023\/benjamin-laurent\/\" target=\"_blank\" rel=\"noopener noreferrer\">Benjamin Laurent<\/a><\/p>\r\n<p style=\"text-align: center;\"><a href=\"https:\/\/bdmiam.fr\/index.php\/festival-2023\/jerome-lereculey\/\" target=\"_blank\" rel=\"noopener noreferrer\">J\u00e9r\u00f4me Lereculey<\/a><\/p>\r\n<p style=\"text-align: center;\"><a href=\"https:\/\/bdmiam.fr\/index.php\/festival-2023\/giuseppe-liotti\/\" target=\"_blank\" rel=\"noopener noreferrer\">Giuseppe Liotti<\/a><\/p>\r\n<p style=\"text-align: center;\"><a href=\"https:\/\/bdmiam.fr\/index.php\/festival-2023\/claire-martin\/\" target=\"_blank\" rel=\"noopener noreferrer\">Claire Martin<\/a><\/p>\r\n<p style=\"text-align: center;\"><a href=\"https:\/\/bdmiam.fr\/index.php\/festival-2023\/eric-martin\/\" target=\"_blank\" rel=\"noopener noreferrer\">Eric Martin<\/a> <em>le dimanche uniquement<\/em><\/p>\r\n<p style=\"text-align: center;\"><a href=\"https:\/\/bdmiam.fr\/index.php\/festival-2023\/emmanuel-michalak\/\" target=\"_blank\" rel=\"noopener noreferrer\">Emmanuel Michalak<\/a><\/p>\r\n<p style=\"text-align: center;\"><a href=\"https:\/\/bdmiam.fr\/index.php\/festival-2023\/anne-montel\/\" target=\"_blank\" rel=\"noopener noreferrer\">Anne Montel<\/a><\/p>\r\n<p style=\"text-align: center;\"><a href=\"https:\/\/bdmiam.fr\/index.php\/festival-2023\/nicolas-nayaert\/\" target=\"_blank\" rel=\"noopener noreferrer\">Nicolas Nayaert<\/a><\/p>\r\n<p style=\"text-align: center;\"><a href=\"https:\/\/bdmiam.fr\/index.php\/festival-2023\/giovanni-rigano\/\" target=\"_blank\" rel=\"noopener noreferrer\">Giovanni Rigano<\/a><\/p>\r\n<p style=\"text-align: center;\"><a href=\"https:\/\/bdmiam.fr\/index.php\/festival-2023\/alex-sierra\/\" target=\"_blank\" rel=\"noopener noreferrer\">Alex Sierra<\/a><\/p>\r\n<p style=\"text-align: center;\"><a href=\"https:\/\/bdmiam.fr\/index.php\/festival-2023\/tieko\/\" target=\"_blank\" rel=\"noopener noreferrer\">TieKo<\/a><\/p>\r\n<p style=\"text-align: center;\"><a href=\"https:\/\/bdmiam.fr\/index.php\/festival-2023\/sophie-turrel\/\" target=\"_blank\" rel=\"noopener noreferrer\">Sophie Turrel<\/a><\/p>\r\n<p style=\"text-align: center;\"><a href=\"https:\/\/bdmiam.fr\/index.php\/festival-2023\/sophie-uliana\/\" target=\"_blank\" rel=\"noopener noreferrer\">Sophie Uliana<\/a><\/p>\r\n<p style=\"text-align: center;\"><a href=\"https:\/\/bdmiam.fr\/index.php\/festival-2023\/bojan-vukic\/\" target=\"_blank\" rel=\"noopener noreferrer\">Bojan Vuki\u0107<\/a><\/p>\r\n<p style=\"text-align: center;\"><a href=\"https:\/\/bdmiam.fr\/index.php\/festival-2023\/etienne-willem\/\" target=\"_blank\" rel=\"noopener noreferrer\">Etienne Willem<\/a><\/p>\r\n<p style=\"text-align: center;\">Invit\u00e9 myst\u00e8re&#8230;<\/p>","protected":false},"excerpt":{"rendered":"<p>\u00a0 QUAND ? SAMEDI 17 JUIN 2023 10h &#8211; 18h DIMANCHE 18 JUIN 2023 10h30 &#8211; 18h ENTR\u00c9E GRATUITE &nbsp; O\u00d9 ? Vaux-en-Beaujolais &#8211; Clochemerle Place du Petit Tertre &#8211; 69460 &nbsp; QUI ? notre Parrain : HUB Jo\u00ebl Alessandra Paola Antista B-Gnet Jean-S\u00e9bastien Bordas Javier Casado Lo\u00efc Clement St\u00e9phanie Dunand-Pallaz Ana\u00efs Eustache Aur\u00e9lie Guarino [&hellip;]<\/p>\n","protected":false},"author":7,"featured_media":6068,"parent":0,"menu_order":0,"comment_status":"closed","ping_status":"closed","template":"","meta":{"footnotes":""},"class_list":["post-4479","page","type-page","status-publish","has-post-thumbnail","hentry"],"jetpack_sharing_enabled":true,"_links":{"self":[{"href":"https:\/\/bdmiam.fr\/index.php\/wp-json\/wp\/v2\/pages\/4479","targetHints":{"allow":["GET"]}}],"collection":[{"href":"https:\/\/bdmiam.fr\/index.php\/wp-json\/wp\/v2\/pages"}],"about":[{"href":"https:\/\/bdmiam.fr\/index.php\/wp-json\/wp\/v2\/types\/page"}],"author":[{"embeddable":true,"href":"https:\/\/bdmiam.fr\/index.php\/wp-json\/wp\/v2\/users\/7"}],"replies":[{"embeddable":true,"href":"https:\/\/bdmiam.fr\/index.php\/wp-json\/wp\/v2\/comments?post=4479"}],"version-history":[{"count":8,"href":"https:\/\/bdmiam.fr\/index.php\/wp-json\/wp\/v2\/pages\/4479\/revisions"}],"predecessor-version":[{"id":6972,"href":"https:\/\/bdmiam.fr\/index.php\/wp-json\/wp\/v2\/pages\/4479\/revisions\/6972"}],"wp:featuredmedia":[{"embeddable":true,"href":"https:\/\/bdmiam.fr\/index.php\/wp-json\/wp\/v2\/media\/6068"}],"wp:attachment":[{"href":"https:\/\/bdmiam.fr\/index.php\/wp-json\/wp\/v2\/media?parent=4479"}],"curies":[{"name":"wp","href":"https:\/\/api.w.org\/{rel}","templated":true}]}}