{"id":4489,"date":"2018-05-12T10:10:32","date_gmt":"2018-05-12T09:10:32","guid":{"rendered":"http:\/\/bdmiam.fr\/?page_id=4489"},"modified":"2018-05-12T10:10:32","modified_gmt":"2018-05-12T09:10:32","slug":"editions-precedentes","status":"publish","type":"page","link":"https:\/\/bdmiam.fr\/index.php\/editions-precedentes\/","title":{"rendered":"\u00c9DITIONS PR\u00c9C\u00c9DENTES"},"content":{"rendered":"<p><strong>Festival 2019 : Clochemerle<\/strong><\/p>\n\n\n<div class=\"wp-block-image\"><figure class=\"aligncenter is-resized\"><img data-recalc-dims=\"1\" loading=\"lazy\" decoding=\"async\" src=\"https:\/\/i0.wp.com\/bdmiam.fr\/wp-content\/uploads\/2019\/09\/Librairie-La-Boussole-festival-Bd-Miam-2019-29-1.jpg?resize=302%2C226&#038;ssl=1\" alt=\"\" class=\"wp-image-5291\" width=\"302\" height=\"226\"\/><figcaption><a href=\"https:\/\/bdmiam.fr\/?page_id=5293\" target=\"_blank\" rel=\"noreferrer noopener\" aria-label=\"Le cadre et les festivaliers (s\u2019ouvre dans un nouvel onglet)\">Le cadre et les festivaliers<\/a><\/figcaption><\/figure><\/div>\n\n\n\n<div class=\"wp-block-image\"><figure class=\"aligncenter is-resized\"><img data-recalc-dims=\"1\" loading=\"lazy\" decoding=\"async\" src=\"https:\/\/i0.wp.com\/bdmiam.fr\/wp-content\/uploads\/2019\/09\/Librairie-La-Boussole-festival-Bd-Miam-2019-6-2.jpg?resize=301%2C226&#038;ssl=1\" alt=\"\" class=\"wp-image-5287\" width=\"301\" height=\"226\"\/><figcaption><a href=\"https:\/\/bdmiam.fr\/?page_id=5308\" target=\"_blank\" rel=\"noreferrer noopener\" aria-label=\"Ceux qui bossent... (s\u2019ouvre dans un nouvel onglet)\">Ceux qui bossent&#8230;<\/a><\/figcaption><\/figure><\/div>\n\n\n\n<div class=\"wp-block-image\"><figure class=\"aligncenter is-resized\"><img data-recalc-dims=\"1\" loading=\"lazy\" decoding=\"async\" src=\"https:\/\/i0.wp.com\/bdmiam.fr\/wp-content\/uploads\/2019\/09\/Librairie-La-Boussole-festival-Bd-Miam-2019-51-1.jpg?resize=310%2C232&#038;ssl=1\" alt=\"\" class=\"wp-image-5288\" width=\"310\" height=\"232\"\/><figcaption><a href=\"https:\/\/bdmiam.fr\/editions-precedentes\/festival-2019-le-staff-%e2%99%a5\/\" target=\"_blank\" rel=\"noreferrer noopener\" aria-label=\"Et d'autres qui bossent ! (s\u2019ouvre dans un nouvel onglet)\">Et d&rsquo;autres qui bossent !<\/a><\/figcaption><\/figure><\/div>\n","protected":false},"excerpt":{"rendered":"<p>Festival 2019 : Clochemerle<\/p>\n","protected":false},"author":6,"featured_media":0,"parent":0,"menu_order":0,"comment_status":"closed","ping_status":"closed","template":"","meta":{"footnotes":""},"class_list":["post-4489","page","type-page","status-publish","hentry"],"jetpack_sharing_enabled":true,"_links":{"self":[{"href":"https:\/\/bdmiam.fr\/index.php\/wp-json\/wp\/v2\/pages\/4489","targetHints":{"allow":["GET"]}}],"collection":[{"href":"https:\/\/bdmiam.fr\/index.php\/wp-json\/wp\/v2\/pages"}],"about":[{"href":"https:\/\/bdmiam.fr\/index.php\/wp-json\/wp\/v2\/types\/page"}],"author":[{"embeddable":true,"href":"https:\/\/bdmiam.fr\/index.php\/wp-json\/wp\/v2\/users\/6"}],"replies":[{"embeddable":true,"href":"https:\/\/bdmiam.fr\/index.php\/wp-json\/wp\/v2\/comments?post=4489"}],"version-history":[{"count":0,"href":"https:\/\/bdmiam.fr\/index.php\/wp-json\/wp\/v2\/pages\/4489\/revisions"}],"wp:attachment":[{"href":"https:\/\/bdmiam.fr\/index.php\/wp-json\/wp\/v2\/media?parent=4489"}],"curies":[{"name":"wp","href":"https:\/\/api.w.org\/{rel}","templated":true}]}}