{"id":4517,"date":"2018-05-12T17:34:32","date_gmt":"2018-05-12T16:34:32","guid":{"rendered":"http:\/\/bdmiam.fr\/?page_id=4517"},"modified":"2024-06-06T21:29:26","modified_gmt":"2024-06-06T19:29:26","slug":"etienne-willem","status":"publish","type":"page","link":"https:\/\/bdmiam.fr\/index.php\/festival-2024\/etienne-willem\/","title":{"rendered":"Etienne Willem"},"content":{"rendered":"\n<figure class=\"wp-block-image aligncenter size-full is-resized\"><img data-recalc-dims=\"1\" loading=\"lazy\" decoding=\"async\" width=\"960\" height=\"960\" src=\"https:\/\/i0.wp.com\/bdmiam.fr\/wp-content\/uploads\/2017\/08\/20993013_1877881392238288_3128585783978358444_n-1.jpg?resize=960%2C960&#038;ssl=1\" alt=\"\" class=\"wp-image-4461\" style=\"width:271px;height:auto\" srcset=\"https:\/\/i0.wp.com\/bdmiam.fr\/wp-content\/uploads\/2017\/08\/20993013_1877881392238288_3128585783978358444_n-1.jpg?w=960&amp;ssl=1 960w, https:\/\/i0.wp.com\/bdmiam.fr\/wp-content\/uploads\/2017\/08\/20993013_1877881392238288_3128585783978358444_n-1.jpg?resize=300%2C300&amp;ssl=1 300w, https:\/\/i0.wp.com\/bdmiam.fr\/wp-content\/uploads\/2017\/08\/20993013_1877881392238288_3128585783978358444_n-1.jpg?resize=150%2C150&amp;ssl=1 150w, https:\/\/i0.wp.com\/bdmiam.fr\/wp-content\/uploads\/2017\/08\/20993013_1877881392238288_3128585783978358444_n-1.jpg?resize=768%2C768&amp;ssl=1 768w\" sizes=\"auto, (max-width: 960px) 100vw, 960px\" \/><\/figure>\n\n\n\n<p class=\"has-text-align-center\">N\u00e9 \u00e0 Charleroi en 1972,<strong> \u00c9tienne Willem<\/strong> a suivi des \u00e9tudes d\u2019histoire \u00e0 l\u2019universit\u00e9 de Li\u00e8ge. Il travaille au studio d\u2019animation 352 au Luxembourg comme superviseur story-board. Auteur aux \u00c9ditions Paquet de la s\u00e9rie \u201cVieille Bruy\u00e8re et Bas de Soie\u201d (3 tomes disponibles). Il a r\u00e9alis\u00e9 ensuite la s\u00e9rie \u201cL\u2019\u00c9p\u00e9e d\u2019Ardenois\u201d en mettant en sc\u00e8ne des personnages animaliers dans un contexte m\u00e9di\u00e9val. Il travaille \u00e9galement sur une s\u00e9rie d\u2019inspiration steampunk \u201cLes ailes du singe\u201d. En 2018 sort le premier tome de sa s\u00e9rie \u00ab\u00a0La fille de l&rsquo;exposition universelle\u00a0\u00bb.<\/p>\n\n\n\n<p class=\"has-text-align-center\">En 2020, \u00c9tienne Willem publie le premier tome de sa nouvelle s\u00e9rie \u00ab\u00a0Les Artilleuses\u00a0\u00bb, pour laquelle il travaille avec le sc\u00e9nariste et romancier <strong>Pierre Pevel<\/strong>. Nous avons un immense plaisir \u00e0 le recevoir de nouveau \u00e0 BD Miam !<\/p>\n\n\n\n<p><\/p>\n\n\n\n<p class=\"has-text-align-center\"><strong><span style=\"text-decoration: underline;\">Info Festival 2024 : pr\u00e9sent uniquement le dimanche<\/span><\/strong><\/p>\n\n\n\n<p><\/p>\n\n\n\n<figure class=\"wp-block-image aligncenter size-large\"><img data-recalc-dims=\"1\" loading=\"lazy\" decoding=\"async\" width=\"776\" height=\"1024\" src=\"https:\/\/i0.wp.com\/bdmiam.fr\/wp-content\/uploads\/2024\/06\/81w322UbRcL._SL1500_.jpg?resize=776%2C1024&#038;ssl=1\" alt=\"\" class=\"wp-image-6857\" srcset=\"https:\/\/i0.wp.com\/bdmiam.fr\/wp-content\/uploads\/2024\/06\/81w322UbRcL._SL1500_.jpg?resize=776%2C1024&amp;ssl=1 776w, https:\/\/i0.wp.com\/bdmiam.fr\/wp-content\/uploads\/2024\/06\/81w322UbRcL._SL1500_.jpg?resize=227%2C300&amp;ssl=1 227w, https:\/\/i0.wp.com\/bdmiam.fr\/wp-content\/uploads\/2024\/06\/81w322UbRcL._SL1500_.jpg?resize=768%2C1014&amp;ssl=1 768w, https:\/\/i0.wp.com\/bdmiam.fr\/wp-content\/uploads\/2024\/06\/81w322UbRcL._SL1500_.jpg?w=1136&amp;ssl=1 1136w\" sizes=\"auto, (max-width: 776px) 100vw, 776px\" \/><\/figure>\n\n\n\n<p class=\"has-text-align-center\">&nbsp;<\/p>\n\n\n\n<p class=\"has-text-align-center\">\nSource : <a href=\"https:\/\/www.bedetheque.com\/auteur-9517-BD-Willem-Etienne.html\" target=\"_blank\" rel=\"noreferrer noopener\">Bedetheque<\/a><\/p>\n","protected":false},"excerpt":{"rendered":"<p>N\u00e9 \u00e0 Charleroi en 1972, \u00c9tienne Willem a suivi des \u00e9tudes d\u2019histoire \u00e0 l\u2019universit\u00e9 de Li\u00e8ge. Il travaille au studio d\u2019animation 352 au Luxembourg comme superviseur story-board. Auteur aux \u00c9ditions Paquet de la s\u00e9rie \u201cVieille Bruy\u00e8re et Bas de Soie\u201d (3 tomes disponibles). Il a r\u00e9alis\u00e9 ensuite la s\u00e9rie \u201cL\u2019\u00c9p\u00e9e d\u2019Ardenois\u201d en mettant en sc\u00e8ne [&hellip;]<\/p>\n","protected":false},"author":6,"featured_media":6856,"parent":6448,"menu_order":0,"comment_status":"closed","ping_status":"closed","template":"page-with-sidebar","meta":{"footnotes":""},"class_list":["post-4517","page","type-page","status-publish","has-post-thumbnail","hentry"],"jetpack_sharing_enabled":true,"_links":{"self":[{"href":"https:\/\/bdmiam.fr\/index.php\/wp-json\/wp\/v2\/pages\/4517","targetHints":{"allow":["GET"]}}],"collection":[{"href":"https:\/\/bdmiam.fr\/index.php\/wp-json\/wp\/v2\/pages"}],"about":[{"href":"https:\/\/bdmiam.fr\/index.php\/wp-json\/wp\/v2\/types\/page"}],"author":[{"embeddable":true,"href":"https:\/\/bdmiam.fr\/index.php\/wp-json\/wp\/v2\/users\/6"}],"replies":[{"embeddable":true,"href":"https:\/\/bdmiam.fr\/index.php\/wp-json\/wp\/v2\/comments?post=4517"}],"version-history":[{"count":4,"href":"https:\/\/bdmiam.fr\/index.php\/wp-json\/wp\/v2\/pages\/4517\/revisions"}],"predecessor-version":[{"id":6859,"href":"https:\/\/bdmiam.fr\/index.php\/wp-json\/wp\/v2\/pages\/4517\/revisions\/6859"}],"up":[{"embeddable":true,"href":"https:\/\/bdmiam.fr\/index.php\/wp-json\/wp\/v2\/pages\/6448"}],"wp:featuredmedia":[{"embeddable":true,"href":"https:\/\/bdmiam.fr\/index.php\/wp-json\/wp\/v2\/media\/6856"}],"wp:attachment":[{"href":"https:\/\/bdmiam.fr\/index.php\/wp-json\/wp\/v2\/media?parent=4517"}],"curies":[{"name":"wp","href":"https:\/\/api.w.org\/{rel}","templated":true}]}}