{"id":4557,"date":"2018-05-15T21:04:22","date_gmt":"2018-05-15T20:04:22","guid":{"rendered":"http:\/\/bdmiam.fr\/?page_id=4557"},"modified":"2018-05-15T21:04:22","modified_gmt":"2018-05-15T20:04:22","slug":"xavier-besse","status":"publish","type":"page","link":"https:\/\/bdmiam.fr\/index.php\/nos-artistes\/xavier-besse\/","title":{"rendered":"Xavier Besse"},"content":{"rendered":"<p><a href=\"https:\/\/i0.wp.com\/bdmiam.fr\/wp-content\/uploads\/2018\/05\/115843954.jpg?ssl=1\"><img data-recalc-dims=\"1\" loading=\"lazy\" decoding=\"async\" src=\"https:\/\/i0.wp.com\/bdmiam.fr\/wp-content\/uploads\/2018\/05\/115843954.jpg?resize=200%2C300&#038;ssl=1\" alt=\"\" class=\"size-medium wp-image-4556 aligncenter\" width=\"200\" height=\"300\" \/><\/a><\/p>\n<p style=\"text-align: center;\">Fermement d\u00e9cid\u00e9 \u00e0 devenir auteur de BD depuis toujours, <strong>Xavier Besse<\/strong> apprend le dessin en d\u00e9cortiquant les planches de Tintin, Alix, et de Spiderman (entre autres) avant de plonger subitement dans l&rsquo;\u00e9tude de la Chine Ancienne. Le dipl\u00f4me de l\u2019\u00c9cole du Louvre et un Master en Art &amp; Archaeology de la London University en poche, Xavier entre alors au d\u00e9partement Chine du mus\u00e9e Guimet \u00e0 Paris, pour se vouer corps et \u00e2me \u00e0 la sinologie. Rattrap\u00e9 au fil des ans par un tenace besoin de dessiner, Xavier se re-passionne pour la narration graphique, et nourri des merveilles de l&rsquo;art asiatique, d\u00e9cide de se lancer comme illustrateur avec des albums jeunesse \u00e9dit\u00e9s par la R\u00e9union des Mus\u00e9es Nationaux. Apr\u00e8s avoir adapt\u00e9 des contes d\u2019Edgar Poe pour un \u00e9diteur espagnol, il a fait son entr\u00e9e au catalogue de Casterman en illustrant <em>Arsino\u00e9 est morte<\/em>, le tome 2 de <em>La M\u00e9moire d\u2019Abraham<\/em>. Apr\u00e8s des rencontres d\u00e9cisives, notamment avec Jean-David Morvan, il se consacre \u00e0 la Bande Dessin\u00e9e. En 2016, il met en image <em>Lao Wai<\/em> une s\u00e9rie avec Alcante et L-F Boll\u00e9e chez Gl\u00e9nat.<\/p>\n<p>&nbsp;<\/p>\n<p style=\"text-align: center;\"><a href=\"https:\/\/bdmiam.fr\/wp-content\/uploads\/2018\/05\/Couv_317960.jpg\">\u00a0<\/a><a href=\"https:\/\/i0.wp.com\/bdmiam.fr\/wp-content\/uploads\/2018\/05\/2100_couv.jpg?ssl=1\"><img data-recalc-dims=\"1\" loading=\"lazy\" decoding=\"async\" src=\"https:\/\/i0.wp.com\/bdmiam.fr\/wp-content\/uploads\/2018\/05\/2100_couv.jpg?resize=210%2C279&#038;ssl=1\" alt=\"\" class=\"alignnone wp-image-4559\" width=\"210\" height=\"279\" \/><\/a><a href=\"https:\/\/bdmiam.fr\/wp-content\/uploads\/2018\/05\/Couv_317960.jpg\">\u00a0\u00a0\u00a0<\/a><a href=\"https:\/\/i0.wp.com\/bdmiam.fr\/wp-content\/uploads\/2018\/05\/Couv_317960.jpg?ssl=1\"><img data-recalc-dims=\"1\" loading=\"lazy\" decoding=\"async\" src=\"https:\/\/i0.wp.com\/bdmiam.fr\/wp-content\/uploads\/2018\/05\/Couv_317960.jpg?resize=233%2C311&#038;ssl=1\" alt=\"\" class=\"alignnone wp-image-4561\" width=\"233\" height=\"311\" \/><\/a><a href=\"https:\/\/bdmiam.fr\/wp-content\/uploads\/2018\/05\/Couv_317960.jpg\"> <\/a><a href=\"https:\/\/i0.wp.com\/bdmiam.fr\/wp-content\/uploads\/2018\/05\/Couv_113212.jpg?ssl=1\">\u00a0 <img data-recalc-dims=\"1\" loading=\"lazy\" decoding=\"async\" src=\"https:\/\/i0.wp.com\/bdmiam.fr\/wp-content\/uploads\/2018\/05\/Couv_113212.jpg?resize=209%2C279&#038;ssl=1\" alt=\"\" class=\"alignnone wp-image-4560\" width=\"209\" height=\"279\" \/><\/a><\/p>\n<p>&nbsp;<\/p>\n<p style=\"text-align: center;\">Source : <a href=\"http:\/\/xavierbesseblog.blogspot.fr\/\" target=\"_blank\" rel=\"noopener\">xavierbesseblog.blogspot.fr<\/a> ; <a href=\"https:\/\/www.bedetheque.com\/auteur-25337-BD-Besse-Xavier.html\" target=\"_blank\" rel=\"noopener\">betetheque<\/a><\/p>\n","protected":false},"excerpt":{"rendered":"<p>Fermement d\u00e9cid\u00e9 \u00e0 devenir auteur de BD depuis toujours, Xavier Besse apprend le dessin en d\u00e9cortiquant les planches de Tintin, Alix, et de Spiderman (entre autres) avant de plonger subitement dans l&rsquo;\u00e9tude de la Chine Ancienne. Le dipl\u00f4me de l\u2019\u00c9cole du Louvre et un Master en Art &amp; Archaeology de la London University en poche, [&hellip;]<\/p>\n","protected":false},"author":7,"featured_media":4563,"parent":4494,"menu_order":0,"comment_status":"closed","ping_status":"closed","template":"","meta":{"footnotes":""},"class_list":["post-4557","page","type-page","status-publish","has-post-thumbnail","hentry"],"jetpack_sharing_enabled":true,"_links":{"self":[{"href":"https:\/\/bdmiam.fr\/index.php\/wp-json\/wp\/v2\/pages\/4557","targetHints":{"allow":["GET"]}}],"collection":[{"href":"https:\/\/bdmiam.fr\/index.php\/wp-json\/wp\/v2\/pages"}],"about":[{"href":"https:\/\/bdmiam.fr\/index.php\/wp-json\/wp\/v2\/types\/page"}],"author":[{"embeddable":true,"href":"https:\/\/bdmiam.fr\/index.php\/wp-json\/wp\/v2\/users\/7"}],"replies":[{"embeddable":true,"href":"https:\/\/bdmiam.fr\/index.php\/wp-json\/wp\/v2\/comments?post=4557"}],"version-history":[{"count":0,"href":"https:\/\/bdmiam.fr\/index.php\/wp-json\/wp\/v2\/pages\/4557\/revisions"}],"up":[{"embeddable":true,"href":"https:\/\/bdmiam.fr\/index.php\/wp-json\/wp\/v2\/pages\/4494"}],"wp:featuredmedia":[{"embeddable":true,"href":"https:\/\/bdmiam.fr\/index.php\/wp-json\/wp\/v2\/media\/4563"}],"wp:attachment":[{"href":"https:\/\/bdmiam.fr\/index.php\/wp-json\/wp\/v2\/media?parent=4557"}],"curies":[{"name":"wp","href":"https:\/\/api.w.org\/{rel}","templated":true}]}}