{"id":4575,"date":"2018-05-15T21:53:50","date_gmt":"2018-05-15T20:53:50","guid":{"rendered":"http:\/\/bdmiam.fr\/?page_id=4575"},"modified":"2018-05-15T21:53:50","modified_gmt":"2018-05-15T20:53:50","slug":"richard-vallerand","status":"publish","type":"page","link":"https:\/\/bdmiam.fr\/index.php\/nos-artistes\/richard-vallerand\/","title":{"rendered":"Richard Vallerand"},"content":{"rendered":"<p><a href=\"https:\/\/i0.wp.com\/bdmiam.fr\/wp-content\/uploads\/2018\/05\/Photo_45352.jpg?ssl=1\"><img data-recalc-dims=\"1\" loading=\"lazy\" decoding=\"async\" src=\"https:\/\/i0.wp.com\/bdmiam.fr\/wp-content\/uploads\/2018\/05\/Photo_45352.jpg?resize=300%2C300&#038;ssl=1\" alt=\"\" class=\"size-medium wp-image-4578 aligncenter\" width=\"300\" height=\"300\" \/><\/a><\/p>\n<p style=\"text-align: center;\"><strong>Richard Vallerand<\/strong> a plus de 20 ans d\u2019exp\u00e9rience dans le domaine du storyboard et de l\u2019animation 2D. Apr\u00e8s avoir termin\u00e9 une formation en animation au Sheridan Colledge of Ontario, il travaille sur la production de longs m\u00e9trages d\u2019animation chez Bluth Entertainment en Irlande. Apr\u00e8s avoir oeuvr\u00e9 plusieurs ann\u00e9es sur des s\u00e9ries d\u2019animation et des films publicitaires, il participe \u00e0 la fondation de Sarbakan. En tant que directeur de cr\u00e9ation, il sc\u00e9narise et participe \u00e0 la conception graphique de webisodes et de BD interactives publi\u00e9s sur les sites de plusieurs \u00e9diteurs de contenus am\u00e9ricains tels que Warner Brothers, Nickelodeon, Disney Interactive et AOL. Apr\u00e8s 10 ans d&rsquo;implication dans le d\u00e9veloppement et la gestion de cette entreprise, il d\u00e9cide de se consacrer exclusivement \u00e0 la bande dessin\u00e9e et l&rsquo;illustration jeunesse. Avec <strong>Djief<\/strong> et <strong>Mikael<\/strong>, il fonde La Shop \u00e0 Bulles \u00e0 l\u2019\u00e9t\u00e9 2011. Bas\u00e9 dans la ville de Qu\u00e9bec, cet espace de cr\u00e9ation est r\u00e9serv\u00e9 exclusivement au 9e art. En tant qu\u2019illustrateur\/b\u00e9d\u00e9iste, il participe aussi \u00e0 plusieurs \u00e9v\u00e9nements multidisciplinaires tels que \u00abL\u2019Histoire du soldat\u00bb de Stravinsky pr\u00e9sent\u00e9 dans le cadre de la Quinzaine de th\u00e9\u00e2tre de Qu\u00e9bec \u00e9dition 2012, et plus r\u00e9cemment une soir\u00e9e \u00abHommage \u00e0 M\u00e9zi\u00e8re\u00bb en pr\u00e9sence de l\u2019auteur et pr\u00e9sent\u00e9 dans le cadre du festival \u00ab\u00a0Qu\u00e9bec en Toute Lettres\u00a0\u00bb.<\/p>\n<p>&nbsp;<\/p>\n<p><a href=\"https:\/\/i0.wp.com\/bdmiam.fr\/wp-content\/uploads\/2018\/05\/Couv_302801.jpg?ssl=1\">\u00a0\u00a0\u00a0\u00a0\u00a0\u00a0\u00a0\u00a0\u00a0\u00a0\u00a0\u00a0\u00a0\u00a0\u00a0\u00a0\u00a0\u00a0\u00a0\u00a0\u00a0\u00a0\u00a0\u00a0\u00a0\u00a0\u00a0\u00a0\u00a0\u00a0\u00a0\u00a0\u00a0\u00a0 <img data-recalc-dims=\"1\" loading=\"lazy\" decoding=\"async\" src=\"https:\/\/i0.wp.com\/bdmiam.fr\/wp-content\/uploads\/2018\/05\/Couv_302801.jpg?resize=237%2C300&#038;ssl=1\" alt=\"\" class=\"alignnone size-medium wp-image-4576\" width=\"237\" height=\"300\" \/><\/a>\u00a0\u00a0\u00a0 <a href=\"https:\/\/i0.wp.com\/bdmiam.fr\/wp-content\/uploads\/2018\/05\/CoverLabroats_promo.png?ssl=1\"><img data-recalc-dims=\"1\" loading=\"lazy\" decoding=\"async\" src=\"https:\/\/i0.wp.com\/bdmiam.fr\/wp-content\/uploads\/2018\/05\/CoverLabroats_promo.png?resize=232%2C300&#038;ssl=1\" alt=\"\" class=\"alignnone size-medium wp-image-4577\" width=\"232\" height=\"300\" \/><\/a><\/p>\n<p>&nbsp;<\/p>\n<p style=\"text-align: center;\">Source : <a href=\"https:\/\/www.bedetheque.com\/auteur-45352-BD-Vallerand-Richard.html\" target=\"_blank\" rel=\"noopener\">beteth\u00e8que<\/a><\/p>\n","protected":false},"excerpt":{"rendered":"<p>Richard Vallerand a plus de 20 ans d\u2019exp\u00e9rience dans le domaine du storyboard et de l\u2019animation 2D. Apr\u00e8s avoir termin\u00e9 une formation en animation au Sheridan Colledge of Ontario, il travaille sur la production de longs m\u00e9trages d\u2019animation chez Bluth Entertainment en Irlande. Apr\u00e8s avoir oeuvr\u00e9 plusieurs ann\u00e9es sur des s\u00e9ries d\u2019animation et des films [&hellip;]<\/p>\n","protected":false},"author":7,"featured_media":4576,"parent":4494,"menu_order":0,"comment_status":"closed","ping_status":"closed","template":"","meta":{"footnotes":""},"class_list":["post-4575","page","type-page","status-publish","has-post-thumbnail","hentry"],"jetpack_sharing_enabled":true,"_links":{"self":[{"href":"https:\/\/bdmiam.fr\/index.php\/wp-json\/wp\/v2\/pages\/4575","targetHints":{"allow":["GET"]}}],"collection":[{"href":"https:\/\/bdmiam.fr\/index.php\/wp-json\/wp\/v2\/pages"}],"about":[{"href":"https:\/\/bdmiam.fr\/index.php\/wp-json\/wp\/v2\/types\/page"}],"author":[{"embeddable":true,"href":"https:\/\/bdmiam.fr\/index.php\/wp-json\/wp\/v2\/users\/7"}],"replies":[{"embeddable":true,"href":"https:\/\/bdmiam.fr\/index.php\/wp-json\/wp\/v2\/comments?post=4575"}],"version-history":[{"count":0,"href":"https:\/\/bdmiam.fr\/index.php\/wp-json\/wp\/v2\/pages\/4575\/revisions"}],"up":[{"embeddable":true,"href":"https:\/\/bdmiam.fr\/index.php\/wp-json\/wp\/v2\/pages\/4494"}],"wp:featuredmedia":[{"embeddable":true,"href":"https:\/\/bdmiam.fr\/index.php\/wp-json\/wp\/v2\/media\/4576"}],"wp:attachment":[{"href":"https:\/\/bdmiam.fr\/index.php\/wp-json\/wp\/v2\/media?parent=4575"}],"curies":[{"name":"wp","href":"https:\/\/api.w.org\/{rel}","templated":true}]}}