{"id":4584,"date":"2018-05-15T22:05:30","date_gmt":"2018-05-15T21:05:30","guid":{"rendered":"http:\/\/bdmiam.fr\/?page_id=4584"},"modified":"2018-05-15T22:05:30","modified_gmt":"2018-05-15T21:05:30","slug":"paul-bordeleau","status":"publish","type":"page","link":"https:\/\/bdmiam.fr\/index.php\/nos-artistes\/paul-bordeleau\/","title":{"rendered":"Paul Bordeleau"},"content":{"rendered":"<p><a href=\"https:\/\/i0.wp.com\/bdmiam.fr\/wp-content\/uploads\/2018\/05\/5555-paul-bordeleau.jpg?ssl=1\"><img data-recalc-dims=\"1\" loading=\"lazy\" decoding=\"async\" src=\"https:\/\/i0.wp.com\/bdmiam.fr\/wp-content\/uploads\/2018\/05\/5555-paul-bordeleau.jpg?resize=300%2C300&#038;ssl=1\" alt=\"\" class=\"size-full wp-image-4586 aligncenter\" width=\"300\" height=\"300\" \/><\/a><\/p>\n<p style=\"text-align: center;\">Originaire de Grande-Rivi\u00e8re, Gasp\u00e9sie, <strong>Paul Bordeleau<\/strong> vit et travaille \u00e0 Lac-Delage pr\u00e8s de Qu\u00e9bec. Illustrateur-pigiste depuis 1988, il obtient un baccalaur\u00e9at en Communication graphique (concentration illustration) en 1991. D\u00e8s lors, il r\u00e9alise des mandats pour divers clients du Qu\u00e9bec, du Canada et des \u00c9tats-Unis. Il est illustrateur-\u00e9ditorialiste pour l\u2019hebdomadaire VOIR (Qu\u00e9bec) de 1992 \u00e0 2004 et pour le journal LA PRESSE (Montr\u00e9al), de 2001 \u00e0 2002. En 1999, il est finaliste au concours GRAFIKA (cat\u00e9gorie emballage pi\u00e8ce unique). Par ailleurs, sa production donne lieu \u00e0 plusieurs expositions pr\u00e9sent\u00e9es notamment \u00e0 Qu\u00e9bec, Montr\u00e9al, Ottawa et Minas (Uruguay). <strong>Paul Bordeleau<\/strong> est membre de l\u2019ACEC, Association canadienne des dessinateurs \u00e9ditoriaux et de la SODART, Soci\u00e9t\u00e9 de droits d\u2019auteur en arts visuels.<\/p>\n<p>&nbsp;<\/p>\n<p><a href=\"https:\/\/i0.wp.com\/bdmiam.fr\/wp-content\/uploads\/2018\/05\/Couv_302802.jpg?ssl=1\"><img data-recalc-dims=\"1\" loading=\"lazy\" decoding=\"async\" src=\"https:\/\/i0.wp.com\/bdmiam.fr\/wp-content\/uploads\/2018\/05\/Couv_302802.jpg?resize=204%2C300&#038;ssl=1\" alt=\"\" class=\"size-medium wp-image-4585 aligncenter\" width=\"204\" height=\"300\" \/><\/a><\/p>\n<p style=\"text-align: center;\">Sources : <a href=\"https:\/\/www.bd-tek.com\/Auteur-5555-paul-bordeleau.html\" target=\"_blank\" rel=\"noopener\">bd-tek<\/a> ; <a href=\"https:\/\/www.bedetheque.com\/auteur-16599-BD-Bordeleau-Paul.html\" target=\"_blank\" rel=\"noopener\">bedeth\u00e8que<\/a><\/p>\n","protected":false},"excerpt":{"rendered":"<p>Originaire de Grande-Rivi\u00e8re, Gasp\u00e9sie, Paul Bordeleau vit et travaille \u00e0 Lac-Delage pr\u00e8s de Qu\u00e9bec. Illustrateur-pigiste depuis 1988, il obtient un baccalaur\u00e9at en Communication graphique (concentration illustration) en 1991. D\u00e8s lors, il r\u00e9alise des mandats pour divers clients du Qu\u00e9bec, du Canada et des \u00c9tats-Unis. Il est illustrateur-\u00e9ditorialiste pour l\u2019hebdomadaire VOIR (Qu\u00e9bec) de 1992 \u00e0 2004 [&hellip;]<\/p>\n","protected":false},"author":7,"featured_media":4585,"parent":4494,"menu_order":0,"comment_status":"closed","ping_status":"closed","template":"","meta":{"footnotes":""},"class_list":["post-4584","page","type-page","status-publish","has-post-thumbnail","hentry"],"jetpack_sharing_enabled":true,"_links":{"self":[{"href":"https:\/\/bdmiam.fr\/index.php\/wp-json\/wp\/v2\/pages\/4584","targetHints":{"allow":["GET"]}}],"collection":[{"href":"https:\/\/bdmiam.fr\/index.php\/wp-json\/wp\/v2\/pages"}],"about":[{"href":"https:\/\/bdmiam.fr\/index.php\/wp-json\/wp\/v2\/types\/page"}],"author":[{"embeddable":true,"href":"https:\/\/bdmiam.fr\/index.php\/wp-json\/wp\/v2\/users\/7"}],"replies":[{"embeddable":true,"href":"https:\/\/bdmiam.fr\/index.php\/wp-json\/wp\/v2\/comments?post=4584"}],"version-history":[{"count":0,"href":"https:\/\/bdmiam.fr\/index.php\/wp-json\/wp\/v2\/pages\/4584\/revisions"}],"up":[{"embeddable":true,"href":"https:\/\/bdmiam.fr\/index.php\/wp-json\/wp\/v2\/pages\/4494"}],"wp:featuredmedia":[{"embeddable":true,"href":"https:\/\/bdmiam.fr\/index.php\/wp-json\/wp\/v2\/media\/4585"}],"wp:attachment":[{"href":"https:\/\/bdmiam.fr\/index.php\/wp-json\/wp\/v2\/media?parent=4584"}],"curies":[{"name":"wp","href":"https:\/\/api.w.org\/{rel}","templated":true}]}}