{"id":4612,"date":"2018-05-16T16:50:47","date_gmt":"2018-05-16T15:50:47","guid":{"rendered":"http:\/\/bdmiam.fr\/?page_id=4612"},"modified":"2025-03-30T22:13:42","modified_gmt":"2025-03-30T20:13:42","slug":"sophie-turrel","status":"publish","type":"page","link":"https:\/\/bdmiam.fr\/index.php\/festival-2025-10eme-edition\/sophie-turrel\/","title":{"rendered":"Sophie Turrel"},"content":{"rendered":"\n<figure class=\"wp-block-image aligncenter size-full\"><img data-recalc-dims=\"1\" loading=\"lazy\" decoding=\"async\" width=\"150\" height=\"150\" src=\"https:\/\/i0.wp.com\/bdmiam.fr\/wp-content\/uploads\/2018\/05\/3491-1.jpg?resize=150%2C150&#038;ssl=1\" alt=\"\" class=\"wp-image-4613\"\/><\/figure>\n\n\n<p style=\"text-align: center;\">Dessinatrice depuis l\u2019enfance comme tous les enfants\u2026 <strong>Sophie Turrel<\/strong> n\u2019a simplement jamais arr\u00eat\u00e9 de dessiner ! Elle est aujourd\u2019hui illustratrice et graphiste ind\u00e9pendante. Elle \u00e9tudie le design aux Beaux-Arts de Saint-\u00c9tienne puis revient \u00e0 l&rsquo;illustration. Les illustrations de Sophie sont gaies, vives et color\u00e9es et son univers se rapporte souvent au monde de l\u2019enfance. Elle illustre depuis 2003 la s\u00e9rie de livres jeunesse \u201cLes petits chats\u201d ; des albums p\u00e9tillants, joyeux et lumineux, \u00e9crits tout en rimes par <strong>St\u00e9phanie Dunand-Pallaz<\/strong>. Elle cr\u00e9e \u00e9galement depuis 1999 de nombreuses cartes postales pour la collection \u201cCache-cache\u201d aux \u00e9ditions des Correspondances. Distribu\u00e9es dans le monde entiers, ces cartes postales \u00e0 2 volets pr\u00e9sentent des images remplies d\u2019animaux dr\u00f4les et po\u00e9tiques. Aujourd&rsquo;hui install\u00e9e comme graphiste et illustratrice en Savoie, Elle r\u00e9alise aussi des affiches, logos, brochures de communication, et divers documents graphiques. lorsqu\u2019elle n\u2019est pas \u00e0 sa table de dessin avec ses crayons et ses encres de couleurs pour cr\u00e9er une illustration, c\u2019est qu\u2019elle est devant son ordinateur pour r\u00e9aliser une composition graphique\u2026 \u00e0 moins qu\u2019elle ne soit en balade dans les for\u00eats ou les prairies des montagnes Savoyardes !<\/p>\n<p style=\"text-align: center;\"><a href=\"https:\/\/i0.wp.com\/bdmiam.fr\/wp-content\/uploads\/2018\/05\/couv-chat-mourai.jpg?ssl=1\"><img data-recalc-dims=\"1\" loading=\"lazy\" decoding=\"async\" class=\"alignnone size-medium wp-image-4614\" src=\"https:\/\/i0.wp.com\/bdmiam.fr\/wp-content\/uploads\/2018\/05\/couv-chat-mourai.jpg?resize=300%2C225&#038;ssl=1\" alt=\"\" width=\"300\" height=\"225\" \/>\u00a0\u00a0\u00a0\u00a0<\/a> <a href=\"https:\/\/i0.wp.com\/bdmiam.fr\/wp-content\/uploads\/2018\/05\/couv-chat-niversaire.jpg?ssl=1\"><img data-recalc-dims=\"1\" loading=\"lazy\" decoding=\"async\" class=\"alignnone wp-image-6638 size-medium\" src=\"https:\/\/i0.wp.com\/bdmiam.fr\/wp-content\/uploads\/2024\/05\/couv-chatmallow.jpg?resize=300%2C225&#038;ssl=1\" alt=\"\" width=\"300\" height=\"225\" srcset=\"https:\/\/i0.wp.com\/bdmiam.fr\/wp-content\/uploads\/2024\/05\/couv-chatmallow.jpg?resize=300%2C225&amp;ssl=1 300w, https:\/\/i0.wp.com\/bdmiam.fr\/wp-content\/uploads\/2024\/05\/couv-chatmallow.jpg?resize=768%2C576&amp;ssl=1 768w, https:\/\/i0.wp.com\/bdmiam.fr\/wp-content\/uploads\/2024\/05\/couv-chatmallow.jpg?w=1000&amp;ssl=1 1000w\" sizes=\"auto, (max-width: 300px) 100vw, 300px\" \/>\u00a0\u00a0\u00a0 <\/a><a href=\"https:\/\/i0.wp.com\/bdmiam.fr\/wp-content\/uploads\/2023\/05\/couv-chat-stronaute-980x735-1-1.jpg?ssl=1\"><img data-recalc-dims=\"1\" loading=\"lazy\" decoding=\"async\" class=\"alignnone size-medium wp-image-5940\" src=\"https:\/\/i0.wp.com\/bdmiam.fr\/wp-content\/uploads\/2023\/05\/couv-chat-stronaute-980x735-1.jpg?resize=300%2C225&#038;ssl=1\" alt=\"\" width=\"300\" height=\"225\" srcset=\"https:\/\/i0.wp.com\/bdmiam.fr\/wp-content\/uploads\/2023\/05\/couv-chat-stronaute-980x735-1.jpg?resize=300%2C225&amp;ssl=1 300w, https:\/\/i0.wp.com\/bdmiam.fr\/wp-content\/uploads\/2023\/05\/couv-chat-stronaute-980x735-1.jpg?resize=768%2C576&amp;ssl=1 768w, https:\/\/i0.wp.com\/bdmiam.fr\/wp-content\/uploads\/2023\/05\/couv-chat-stronaute-980x735-1.jpg?w=980&amp;ssl=1 980w\" sizes=\"auto, (max-width: 300px) 100vw, 300px\" \/><\/a><\/p>\n<p style=\"text-align: center;\">Source : <a href=\"http:\/\/opalebd.com\/auteurs\/fiche\/3491\" target=\"_blank\" rel=\"noopener noreferrer\">opale BD<\/a> ; <a href=\"http:\/\/www.les-petits-chats.com\/\" target=\"_blank\" rel=\"noopener noreferrer\">les-petits-chats.com<\/a><\/p>\n\n\n<p><\/p>\n","protected":false},"excerpt":{"rendered":"<p>Dessinatrice depuis l\u2019enfance comme tous les enfants\u2026 Sophie Turrel n\u2019a simplement jamais arr\u00eat\u00e9 de dessiner ! Elle est aujourd\u2019hui illustratrice et graphiste ind\u00e9pendante. Elle \u00e9tudie le design aux Beaux-Arts de Saint-\u00c9tienne puis revient \u00e0 l&rsquo;illustration. Les illustrations de Sophie sont gaies, vives et color\u00e9es et son univers se rapporte souvent au monde de l\u2019enfance. Elle [&hellip;]<\/p>\n","protected":false},"author":7,"featured_media":5944,"parent":7007,"menu_order":0,"comment_status":"closed","ping_status":"closed","template":"page-with-sidebar","meta":{"footnotes":""},"class_list":["post-4612","page","type-page","status-publish","has-post-thumbnail","hentry"],"jetpack_sharing_enabled":true,"_links":{"self":[{"href":"https:\/\/bdmiam.fr\/index.php\/wp-json\/wp\/v2\/pages\/4612","targetHints":{"allow":["GET"]}}],"collection":[{"href":"https:\/\/bdmiam.fr\/index.php\/wp-json\/wp\/v2\/pages"}],"about":[{"href":"https:\/\/bdmiam.fr\/index.php\/wp-json\/wp\/v2\/types\/page"}],"author":[{"embeddable":true,"href":"https:\/\/bdmiam.fr\/index.php\/wp-json\/wp\/v2\/users\/7"}],"replies":[{"embeddable":true,"href":"https:\/\/bdmiam.fr\/index.php\/wp-json\/wp\/v2\/comments?post=4612"}],"version-history":[{"count":3,"href":"https:\/\/bdmiam.fr\/index.php\/wp-json\/wp\/v2\/pages\/4612\/revisions"}],"predecessor-version":[{"id":6643,"href":"https:\/\/bdmiam.fr\/index.php\/wp-json\/wp\/v2\/pages\/4612\/revisions\/6643"}],"up":[{"embeddable":true,"href":"https:\/\/bdmiam.fr\/index.php\/wp-json\/wp\/v2\/pages\/7007"}],"wp:featuredmedia":[{"embeddable":true,"href":"https:\/\/bdmiam.fr\/index.php\/wp-json\/wp\/v2\/media\/5944"}],"wp:attachment":[{"href":"https:\/\/bdmiam.fr\/index.php\/wp-json\/wp\/v2\/media?parent=4612"}],"curies":[{"name":"wp","href":"https:\/\/api.w.org\/{rel}","templated":true}]}}