{"id":4620,"date":"2018-05-16T17:06:12","date_gmt":"2018-05-16T16:06:12","guid":{"rendered":"http:\/\/bdmiam.fr\/?page_id=4620"},"modified":"2025-03-30T22:12:55","modified_gmt":"2025-03-30T20:12:55","slug":"stephanie-dunand-pallaz","status":"publish","type":"page","link":"https:\/\/bdmiam.fr\/index.php\/festival-2025-10eme-edition\/stephanie-dunand-pallaz\/","title":{"rendered":"St\u00e9phanie Dunand-Pallaz"},"content":{"rendered":"<figure id=\"attachment_3015\" aria-describedby=\"caption-attachment-3015\" style=\"width: 351px\" class=\"wp-caption aligncenter\"><a href=\"https:\/\/i0.wp.com\/bdmiam.fr\/wp-content\/uploads\/2014\/07\/BD-Miam-Blac%C3%A9-juin-2014-235.jpg?ssl=1\"><img data-recalc-dims=\"1\" loading=\"lazy\" decoding=\"async\" class=\" wp-image-3015\" src=\"https:\/\/i0.wp.com\/bdmiam.fr\/wp-content\/uploads\/2014\/07\/BD-Miam-Blac%C3%A9-juin-2014-235.jpg?resize=351%2C235&#038;ssl=1\" alt=\"\" width=\"351\" height=\"235\" \/><\/a><figcaption id=\"caption-attachment-3015\" class=\"wp-caption-text\">St\u00e9phanie \u00e0 BdMiam, en juin 2014<\/figcaption><\/figure>\n<p style=\"text-align: center;\"><strong>St\u00e9phanie Dunand-Pallaz<\/strong>, dit <strong>Nini Bombardier<\/strong>, est une auteur jeunesse et sc\u00e9nariste de bande dessin\u00e9e. En 1998, avec un DUT de communication d\u2019entreprises, une licence audiovisuelle et une ma\u00eetrise multim\u00e9dia en poche, elle se tourne d\u2019abord vers l\u2019animation pour enfants et d\u00e9veloppe avec eux des ateliers d\u2019\u00e9criture.<br \/>\nDeux saisons apr\u00e8s, elle devient \u00abwebmaster\u00bb pour la ville de Meylan.<\/p>\n<p style=\"text-align: center;\">Sa rencontre avec Coyote, en 1999, fait office de d\u00e9tonateur. L\u2019explosion se produit en 2002, avec la parution de son premier projet, en collaboration avec l\u2019illustratrice <strong>Sophie Turrel<\/strong> : la s\u00e9rie \u00abHistoires de Chats\u00bb publi\u00e9e sous sa v\u00e9ritable identit\u00e9 chez Magnard-Jeunesse.<\/p>\n<p style=\"text-align: center;\">En 2004, chez le m\u00eame \u00e9diteur, elle publie son premier roman pour les 7\/9 ans, \u00abIsa et Zigomar\u00bb, illustr\u00e9 par Karine Sampol. La m\u00eame ann\u00e9e, elle fait ses premiers pas dans la BD en co-sc\u00e9narisant \u00abLes Voisins\u00bb en compagnie de Coyote, pour \u00abFluide Glacial\u00bb.<\/p>\n<p style=\"text-align: center;\">En 2006, elle emm\u00e9nage avec Coyote et \u00abLes Voisins du 109\u00bb dans la collection d\u2019humour \u00abTroisi\u00e8me Degr\u00e9\u00bb au Lombard.<\/p>\n<p style=\"text-align: center;\"><a href=\"https:\/\/i0.wp.com\/bdmiam.fr\/wp-content\/uploads\/2018\/05\/couv-chat-mourai.jpg?ssl=1\"><img data-recalc-dims=\"1\" loading=\"lazy\" decoding=\"async\" class=\"alignnone size-medium wp-image-4614\" src=\"https:\/\/i0.wp.com\/bdmiam.fr\/wp-content\/uploads\/2018\/05\/couv-chat-mourai.jpg?resize=300%2C225&#038;ssl=1\" alt=\"\" width=\"300\" height=\"225\" \/><\/a> <img data-recalc-dims=\"1\" loading=\"lazy\" decoding=\"async\" class=\"alignnone wp-image-6638 size-medium\" src=\"https:\/\/i0.wp.com\/bdmiam.fr\/wp-content\/uploads\/2024\/05\/couv-chatmallow.jpg?resize=300%2C225&#038;ssl=1\" alt=\"\" width=\"300\" height=\"225\" srcset=\"https:\/\/i0.wp.com\/bdmiam.fr\/wp-content\/uploads\/2024\/05\/couv-chatmallow.jpg?resize=300%2C225&amp;ssl=1 300w, https:\/\/i0.wp.com\/bdmiam.fr\/wp-content\/uploads\/2024\/05\/couv-chatmallow.jpg?resize=768%2C576&amp;ssl=1 768w, https:\/\/i0.wp.com\/bdmiam.fr\/wp-content\/uploads\/2024\/05\/couv-chatmallow.jpg?w=1000&amp;ssl=1 1000w\" sizes=\"auto, (max-width: 300px) 100vw, 300px\" \/> <a href=\"https:\/\/i0.wp.com\/bdmiam.fr\/wp-content\/uploads\/2023\/05\/couv-chat-stronaute-980x735-1-1.jpg?ssl=1\"><img data-recalc-dims=\"1\" loading=\"lazy\" decoding=\"async\" class=\"alignnone size-medium wp-image-5940\" src=\"https:\/\/i0.wp.com\/bdmiam.fr\/wp-content\/uploads\/2023\/05\/couv-chat-stronaute-980x735-1.jpg?resize=300%2C225&#038;ssl=1\" alt=\"\" width=\"300\" height=\"225\" srcset=\"https:\/\/i0.wp.com\/bdmiam.fr\/wp-content\/uploads\/2023\/05\/couv-chat-stronaute-980x735-1.jpg?resize=300%2C225&amp;ssl=1 300w, https:\/\/i0.wp.com\/bdmiam.fr\/wp-content\/uploads\/2023\/05\/couv-chat-stronaute-980x735-1.jpg?resize=768%2C576&amp;ssl=1 768w, https:\/\/i0.wp.com\/bdmiam.fr\/wp-content\/uploads\/2023\/05\/couv-chat-stronaute-980x735-1.jpg?w=980&amp;ssl=1 980w\" sizes=\"auto, (max-width: 300px) 100vw, 300px\" \/><\/a><\/p>\n<p style=\"text-align: center;\">Source : <a href=\"https:\/\/www.babelio.com\/auteur\/Stephanie-Dunand-Pallaz\/96129\" target=\"_blank\" rel=\"noopener noreferrer\">Babelio.com<\/a> ; <a href=\"http:\/\/www.les-petits-chats.com\/\" target=\"_blank\" rel=\"noopener noreferrer\">les-petits-chats.com<\/a><\/p>\n","protected":false},"excerpt":{"rendered":"<p>St\u00e9phanie Dunand-Pallaz, dit Nini Bombardier, est une auteur jeunesse et sc\u00e9nariste de bande dessin\u00e9e. En 1998, avec un DUT de communication d\u2019entreprises, une licence audiovisuelle et une ma\u00eetrise multim\u00e9dia en poche, elle se tourne d\u2019abord vers l\u2019animation pour enfants et d\u00e9veloppe avec eux des ateliers d\u2019\u00e9criture. Deux saisons apr\u00e8s, elle devient \u00abwebmaster\u00bb pour la ville [&hellip;]<\/p>\n","protected":false},"author":7,"featured_media":5944,"parent":7007,"menu_order":0,"comment_status":"closed","ping_status":"closed","template":"page-with-sidebar","meta":{"footnotes":""},"class_list":["post-4620","page","type-page","status-publish","has-post-thumbnail","hentry"],"jetpack_sharing_enabled":true,"_links":{"self":[{"href":"https:\/\/bdmiam.fr\/index.php\/wp-json\/wp\/v2\/pages\/4620","targetHints":{"allow":["GET"]}}],"collection":[{"href":"https:\/\/bdmiam.fr\/index.php\/wp-json\/wp\/v2\/pages"}],"about":[{"href":"https:\/\/bdmiam.fr\/index.php\/wp-json\/wp\/v2\/types\/page"}],"author":[{"embeddable":true,"href":"https:\/\/bdmiam.fr\/index.php\/wp-json\/wp\/v2\/users\/7"}],"replies":[{"embeddable":true,"href":"https:\/\/bdmiam.fr\/index.php\/wp-json\/wp\/v2\/comments?post=4620"}],"version-history":[{"count":2,"href":"https:\/\/bdmiam.fr\/index.php\/wp-json\/wp\/v2\/pages\/4620\/revisions"}],"predecessor-version":[{"id":6642,"href":"https:\/\/bdmiam.fr\/index.php\/wp-json\/wp\/v2\/pages\/4620\/revisions\/6642"}],"up":[{"embeddable":true,"href":"https:\/\/bdmiam.fr\/index.php\/wp-json\/wp\/v2\/pages\/7007"}],"wp:featuredmedia":[{"embeddable":true,"href":"https:\/\/bdmiam.fr\/index.php\/wp-json\/wp\/v2\/media\/5944"}],"wp:attachment":[{"href":"https:\/\/bdmiam.fr\/index.php\/wp-json\/wp\/v2\/media?parent=4620"}],"curies":[{"name":"wp","href":"https:\/\/api.w.org\/{rel}","templated":true}]}}