{"id":4632,"date":"2018-05-17T12:28:50","date_gmt":"2018-05-17T11:28:50","guid":{"rendered":"http:\/\/bdmiam.fr\/?page_id=4632"},"modified":"2018-05-17T12:28:50","modified_gmt":"2018-05-17T11:28:50","slug":"isabelle-mandrou","status":"publish","type":"page","link":"https:\/\/bdmiam.fr\/index.php\/nos-artistes\/isabelle-mandrou\/","title":{"rendered":"Isabelle Mandrou"},"content":{"rendered":"<p><a href=\"https:\/\/i0.wp.com\/bdmiam.fr\/wp-content\/uploads\/2018\/05\/isabelle-mandrou-photo.jpg?ssl=1\"><img data-recalc-dims=\"1\" loading=\"lazy\" decoding=\"async\" src=\"https:\/\/i0.wp.com\/bdmiam.fr\/wp-content\/uploads\/2018\/05\/isabelle-mandrou-photo.jpg?resize=200%2C300&#038;ssl=1\" alt=\"\" class=\"size-medium wp-image-4634 aligncenter\" width=\"200\" height=\"300\" \/><\/a><\/p>\n<p><b>Isabelle Mandrou<\/b>, connu \u00e9galement sous le nom de <b>Miss Prickly<\/b>, nous vient de Savoie, o\u00f9 elle a obtenu son dipl\u00f4me d\u2019illustratrice en 2003 \u00e0 l\u2019ENAAI.<\/p>\n<p>Illustratrice pour diff\u00e9rents supports \u2013 magazines, ouvrages jeunesses et outils de communication \u2013 elle enseigne \u00e9galement les arts appliqu\u00e9s.<\/p>\n<p>Que ce soit sous le nom de <b>Miss Prickly<\/b> ou son nom propre, elle signe des BD jeunesse de r\u00e9f\u00e9rences comme <i>Mortelle Ad\u00e8le<\/i>, <i>A cheval<\/i> ou encore <i>Les Cochons Dingues<\/i>.<\/p>\n<p>&nbsp;<\/p>\n<p style=\"text-align: center;\"><a href=\"https:\/\/i0.wp.com\/bdmiam.fr\/wp-content\/uploads\/2018\/05\/a-cheval-mandrou.jpg?ssl=1\"><img data-recalc-dims=\"1\" loading=\"lazy\" decoding=\"async\" src=\"https:\/\/i0.wp.com\/bdmiam.fr\/wp-content\/uploads\/2018\/05\/a-cheval-mandrou.jpg?resize=227%2C300&#038;ssl=1\" alt=\"\" class=\"alignnone size-medium wp-image-4633\" width=\"227\" height=\"300\" \/><\/a> \u00a0\u00a0\u00a0\u00a0\u00a0\u00a0 <a href=\"https:\/\/i0.wp.com\/bdmiam.fr\/wp-content\/uploads\/2018\/05\/mortelle-adele.jpg?ssl=1\"><img data-recalc-dims=\"1\" loading=\"lazy\" decoding=\"async\" src=\"https:\/\/i0.wp.com\/bdmiam.fr\/wp-content\/uploads\/2018\/05\/mortelle-adele.jpg?resize=235%2C300&#038;ssl=1\" alt=\"\" class=\"alignnone size-medium wp-image-4635\" width=\"235\" height=\"300\" \/><\/a><\/p>\n<p style=\"text-align: center;\">Source : <a href=\"http:\/\/www.isabelle-mandrou.com\/illustratrice\/\" target=\"_blank\" rel=\"noopener\">http:\/\/www.isabelle-mandrou.com\/illustratrice\/<\/a><\/p>\n","protected":false},"excerpt":{"rendered":"<p>Isabelle Mandrou, connu \u00e9galement sous le nom de Miss Prickly, nous vient de Savoie, o\u00f9 elle a obtenu son dipl\u00f4me d\u2019illustratrice en 2003 \u00e0 l\u2019ENAAI. Illustratrice pour diff\u00e9rents supports \u2013 magazines, ouvrages jeunesses et outils de communication \u2013 elle enseigne \u00e9galement les arts appliqu\u00e9s. Que ce soit sous le nom de Miss Prickly ou son [&hellip;]<\/p>\n","protected":false},"author":4,"featured_media":4691,"parent":4494,"menu_order":0,"comment_status":"closed","ping_status":"closed","template":"","meta":{"footnotes":""},"class_list":["post-4632","page","type-page","status-publish","has-post-thumbnail","hentry"],"jetpack_sharing_enabled":true,"_links":{"self":[{"href":"https:\/\/bdmiam.fr\/index.php\/wp-json\/wp\/v2\/pages\/4632","targetHints":{"allow":["GET"]}}],"collection":[{"href":"https:\/\/bdmiam.fr\/index.php\/wp-json\/wp\/v2\/pages"}],"about":[{"href":"https:\/\/bdmiam.fr\/index.php\/wp-json\/wp\/v2\/types\/page"}],"author":[{"embeddable":true,"href":"https:\/\/bdmiam.fr\/index.php\/wp-json\/wp\/v2\/users\/4"}],"replies":[{"embeddable":true,"href":"https:\/\/bdmiam.fr\/index.php\/wp-json\/wp\/v2\/comments?post=4632"}],"version-history":[{"count":0,"href":"https:\/\/bdmiam.fr\/index.php\/wp-json\/wp\/v2\/pages\/4632\/revisions"}],"up":[{"embeddable":true,"href":"https:\/\/bdmiam.fr\/index.php\/wp-json\/wp\/v2\/pages\/4494"}],"wp:featuredmedia":[{"embeddable":true,"href":"https:\/\/bdmiam.fr\/index.php\/wp-json\/wp\/v2\/media\/4691"}],"wp:attachment":[{"href":"https:\/\/bdmiam.fr\/index.php\/wp-json\/wp\/v2\/media?parent=4632"}],"curies":[{"name":"wp","href":"https:\/\/api.w.org\/{rel}","templated":true}]}}