{"id":4653,"date":"2018-05-17T12:57:44","date_gmt":"2018-05-17T11:57:44","guid":{"rendered":"http:\/\/bdmiam.fr\/?page_id=4653"},"modified":"2018-05-17T12:57:44","modified_gmt":"2018-05-17T11:57:44","slug":"romain-pujol","status":"publish","type":"page","link":"https:\/\/bdmiam.fr\/index.php\/nos-artistes\/romain-pujol\/","title":{"rendered":"Romain Pujol"},"content":{"rendered":"<p style=\"text-align: center;\"><a href=\"https:\/\/i0.wp.com\/bdmiam.fr\/wp-content\/uploads\/2018\/05\/Photo_29727.jpg?ssl=1\"><img data-recalc-dims=\"1\" loading=\"lazy\" decoding=\"async\" src=\"https:\/\/i0.wp.com\/bdmiam.fr\/wp-content\/uploads\/2018\/05\/Photo_29727.jpg?resize=250%2C250&#038;ssl=1\" alt=\"\" class=\"alignnone size-full wp-image-4655\" width=\"250\" height=\"250\" \/><\/a><\/p>\n<p style=\"text-align: center;\"><b>Romain Pujol <\/b>est n\u00e9 \u00e0 Albi, le 1er janvier 1989. En 2006, il obtient le 2e prix de la cat\u00e9gorie \u00ab Teenagers \u00bb au concours BD de Colomiers. Cette passion, il doit en faire son m\u00e9tier. En 2007, ann\u00e9e de son Bac ES, il cr\u00e9e un blog : \u00ab Dailyrarium \u00bb o\u00f9 il d\u00e9veloppe son univers et ses personnages d\u00e9lirants. Fin 2008, il est pris dans le collectif \u00ab 30 jours de BD \u00bb qui l\u2019aide \u00e0 se faire une petite place dans le milieu des blogs BD. Il obtient sa licence d\u2019Arts Appliqu\u00e9s \u00e0 la facult\u00e9 de Sciences Humaines du Mirail en 2011.<\/p>\n<p style=\"text-align: center;\">Par la suite, il choisit de consacrer une ann\u00e9e \u00e0 un projet d\u2019album avec <b>Thitaume<\/b>, sc\u00e9nariste toulousain de quelques projets de Midam. Entre-temps, <b>Thitaume<\/b> et lui passent un test pour adapter les <i>Lapins Cr\u00e9tins<\/i> en bande-dessin\u00e9e. Le bin\u00f4me est retenu et r\u00e9alise cette nouvelle s\u00e9rie pour les \u00e9ditions \u00ables Deux Royaumes\u00bb.<\/p>\n<p style=\"text-align: center;\">En 2013, il est approch\u00e9 par Milan pour cr\u00e9er de nouveaux h\u00e9ros pour la jeunesse. Il cr\u00e9e la s\u00e9rie \u00ab <i>Avni<\/i> \u00bb dessin\u00e9e par <b>Vincent Caut<\/b>. Cette BD est pr\u00e9-publi\u00e9e dans le magazine Toboggan puis publi\u00e9e en album dans la collection BDKids. Dans un m\u00eame temps, il co-sc\u00e9narise avec son coll\u00e8gue <b>Thitaume<\/b> une autre s\u00e9rie jeunesse pr\u00e9-publi\u00e9e dans le magazine Wakou, \u00ab <i>Balez et Malina<\/i> \u00bb.<\/p>\n<p style=\"text-align: center;\"><a href=\"https:\/\/i0.wp.com\/bdmiam.fr\/wp-content\/uploads\/2018\/05\/album-cover-large-16926.jpg?ssl=1\"><img data-recalc-dims=\"1\" loading=\"lazy\" decoding=\"async\" src=\"https:\/\/i0.wp.com\/bdmiam.fr\/wp-content\/uploads\/2018\/05\/album-cover-large-16926.jpg?resize=211%2C300&#038;ssl=1\" alt=\"\" class=\"alignnone size-medium wp-image-4656\" width=\"211\" height=\"300\" \/><\/a> <a href=\"https:\/\/i0.wp.com\/bdmiam.fr\/wp-content\/uploads\/2018\/05\/avni.jpg?ssl=1\"><img data-recalc-dims=\"1\" loading=\"lazy\" decoding=\"async\" src=\"https:\/\/i0.wp.com\/bdmiam.fr\/wp-content\/uploads\/2018\/05\/avni.jpg?resize=238%2C300&#038;ssl=1\" alt=\"\" class=\"alignnone size-medium wp-image-4657\" width=\"238\" height=\"300\" \/><\/a> <a href=\"https:\/\/i0.wp.com\/bdmiam.fr\/wp-content\/uploads\/2018\/05\/balez.jpg?ssl=1\"><img data-recalc-dims=\"1\" loading=\"lazy\" decoding=\"async\" src=\"https:\/\/i0.wp.com\/bdmiam.fr\/wp-content\/uploads\/2018\/05\/balez.jpg?resize=240%2C300&#038;ssl=1\" alt=\"\" class=\"alignnone size-medium wp-image-4658\" width=\"240\" height=\"300\" \/><\/a><\/p>\n<p style=\"text-align: center;\">Source : <a href=\"https:\/\/www.bedetheque.com\/auteur-29727-BD-Pujol-Romain.html\" target=\"_blank\" rel=\"noopener\">B\u00e9d\u00e9th\u00e8que<\/a><\/p>\n","protected":false},"excerpt":{"rendered":"<p>Romain Pujol est n\u00e9 \u00e0 Albi, le 1er janvier 1989. En 2006, il obtient le 2e prix de la cat\u00e9gorie \u00ab Teenagers \u00bb au concours BD de Colomiers. Cette passion, il doit en faire son m\u00e9tier. En 2007, ann\u00e9e de son Bac ES, il cr\u00e9e un blog : \u00ab Dailyrarium \u00bb o\u00f9 il d\u00e9veloppe son [&hellip;]<\/p>\n","protected":false},"author":4,"featured_media":4656,"parent":4494,"menu_order":0,"comment_status":"closed","ping_status":"closed","template":"","meta":{"footnotes":""},"class_list":["post-4653","page","type-page","status-publish","has-post-thumbnail","hentry"],"jetpack_sharing_enabled":true,"_links":{"self":[{"href":"https:\/\/bdmiam.fr\/index.php\/wp-json\/wp\/v2\/pages\/4653","targetHints":{"allow":["GET"]}}],"collection":[{"href":"https:\/\/bdmiam.fr\/index.php\/wp-json\/wp\/v2\/pages"}],"about":[{"href":"https:\/\/bdmiam.fr\/index.php\/wp-json\/wp\/v2\/types\/page"}],"author":[{"embeddable":true,"href":"https:\/\/bdmiam.fr\/index.php\/wp-json\/wp\/v2\/users\/4"}],"replies":[{"embeddable":true,"href":"https:\/\/bdmiam.fr\/index.php\/wp-json\/wp\/v2\/comments?post=4653"}],"version-history":[{"count":0,"href":"https:\/\/bdmiam.fr\/index.php\/wp-json\/wp\/v2\/pages\/4653\/revisions"}],"up":[{"embeddable":true,"href":"https:\/\/bdmiam.fr\/index.php\/wp-json\/wp\/v2\/pages\/4494"}],"wp:featuredmedia":[{"embeddable":true,"href":"https:\/\/bdmiam.fr\/index.php\/wp-json\/wp\/v2\/media\/4656"}],"wp:attachment":[{"href":"https:\/\/bdmiam.fr\/index.php\/wp-json\/wp\/v2\/media?parent=4653"}],"curies":[{"name":"wp","href":"https:\/\/api.w.org\/{rel}","templated":true}]}}