{"id":4662,"date":"2018-05-17T13:07:28","date_gmt":"2018-05-17T12:07:28","guid":{"rendered":"http:\/\/bdmiam.fr\/?page_id=4662"},"modified":"2025-06-19T21:52:23","modified_gmt":"2025-06-19T19:52:23","slug":"jean-bastide","status":"publish","type":"page","link":"https:\/\/bdmiam.fr\/index.php\/festival-2025-10eme-edition\/jean-bastide\/","title":{"rendered":"Jean Bastide"},"content":{"rendered":"<p style=\"text-align: center;\"><a href=\"https:\/\/i0.wp.com\/bdmiam.fr\/wp-content\/uploads\/2018\/05\/bastide.jpg?ssl=1\"><img data-recalc-dims=\"1\" loading=\"lazy\" decoding=\"async\" src=\"https:\/\/i0.wp.com\/bdmiam.fr\/wp-content\/uploads\/2018\/05\/bastide.jpg?resize=300%2C200&#038;ssl=1\" alt=\"\" class=\"size-medium wp-image-4664 aligncenter\" width=\"300\" height=\"200\" \/><\/a><\/p>\n<p style=\"text-align: center;\"><strong>Jean Bastide\u00a0<\/strong>est n\u00e9 le 17 D\u00e9cembre 1982 \u00e0 Albi. C&rsquo;est l\u2019obtention du prix de l\u2019Alph&rsquo;Art de la BD scolaire en 2003 qui poussera le jeune homme \u00e0 pers\u00e9v\u00e9rer dans sa passion. En 2004, ce sera le grand d\u00e9part pour la capitale de la bande dessin\u00e9e, Bruxelles et son \u00e9cole sup\u00e9rieure des Arts de Saint-Luc. Un an lui aura suffi pour se faire une place dans le milieu et \u00eatre pris sous l\u2019aile d\u2019un auteur de renom, <b>Bernard Yslaire<\/b>. De 2005 \u00e0 2009, il a collabor\u00e9 avec <b>Yslaire<\/b> et<b> Vincent M\u00e9zil<\/b>, sur les tomes 1, 2 et 3 de la\u00a0<em>Guerre des Sambre<\/em>, les suites de la c\u00e9l\u00e8bre s\u00e9rie des\u00a0<em>Sambre<\/em>. Ensuite, viendra le premier tome de l&rsquo;adaptation de <em>Notre Dame de Paris<\/em>, cor\u00e9alis\u00e9 avec <b>Robin Recht<\/b>. En 2014, sort le deuxi\u00e8me et dernier opus de cette adaptation qu&rsquo;il a cette fois r\u00e9alis\u00e9 au dessin et au sc\u00e9nario. Depuis, Jean est devenu le dessinateur des nouveaux tomes de <i>Boule et Bill<\/i>. Il est \u00e9galement coloriste sur de nombreuses s\u00e9ries \u00e0 succ\u00e8s, notamment <i>Katanga, <\/i><span>r\u00e9alis\u00e9e par <\/span><span><b>Nury<\/b><\/span><span> et <\/span><span><b>Vall\u00e9e.<\/b><\/span><\/p>\n<p style=\"text-align: center;\">En 2022, Jean Bastide signe les dessins de l&rsquo;album\u00a0<em>Id\u00e9fix et les Irr\u00e9ductibles<\/em> aux c\u00f4t\u00e9s de Philippe Fenech.<\/p>\n<p style=\"text-align: center;\"><a href=\"https:\/\/i0.wp.com\/bdmiam.fr\/wp-content\/uploads\/2018\/05\/nddp.jpg?ssl=1\"><img data-recalc-dims=\"1\" loading=\"lazy\" decoding=\"async\" src=\"https:\/\/i0.wp.com\/bdmiam.fr\/wp-content\/uploads\/2018\/05\/nddp.jpg?resize=225%2C300&#038;ssl=1\" alt=\"\" class=\"alignnone size-medium wp-image-4665\" width=\"225\" height=\"300\" \/><\/a> <a href=\"https:\/\/i0.wp.com\/bdmiam.fr\/wp-content\/uploads\/2019\/05\/Couv_350079.jpg?ssl=1\"><img data-recalc-dims=\"1\" loading=\"lazy\" decoding=\"async\" src=\"https:\/\/i0.wp.com\/bdmiam.fr\/wp-content\/uploads\/2019\/05\/Couv_350079.jpg?resize=219%2C300&#038;ssl=1\" alt=\"\" class=\"alignnone size-medium wp-image-5074\" width=\"219\" height=\"300\" \/><\/a><\/p>\n<\/p>\n\n\n<figure data-wp-context=\"{&quot;imageId&quot;:&quot;69d25b099a047&quot;}\" data-wp-interactive=\"core\/image\" data-wp-key=\"69d25b099a047\" class=\"wp-block-image aligncenter is-resized wp-lightbox-container\"><img data-recalc-dims=\"1\" decoding=\"async\" data-wp-class--hide=\"state.isContentHidden\" data-wp-class--show=\"state.isContentVisible\" data-wp-init=\"callbacks.setButtonStyles\" data-wp-on--click=\"actions.showLightbox\" data-wp-on--load=\"callbacks.setButtonStyles\" data-wp-on-window--resize=\"callbacks.setButtonStyles\" src=\"https:\/\/i0.wp.com\/bdmiam.fr\/wp-content\/uploads\/2022\/06\/06_-BD-Idfix-et-les-IrrductiblesTOME-2-2022.jpg?ssl=1\" alt=\"\" class=\"wp-image-5532\" style=\"width:260px;height:328px\"\/><button\n\t\t\tclass=\"lightbox-trigger\"\n\t\t\ttype=\"button\"\n\t\t\taria-haspopup=\"dialog\"\n\t\t\taria-label=\"Agrandir\"\n\t\t\tdata-wp-init=\"callbacks.initTriggerButton\"\n\t\t\tdata-wp-on--click=\"actions.showLightbox\"\n\t\t\tdata-wp-style--right=\"state.imageButtonRight\"\n\t\t\tdata-wp-style--top=\"state.imageButtonTop\"\n\t\t>\n\t\t\t<svg xmlns=\"http:\/\/www.w3.org\/2000\/svg\" width=\"12\" height=\"12\" fill=\"none\" viewBox=\"0 0 12 12\">\n\t\t\t\t<path fill=\"#fff\" d=\"M2 0a2 2 0 0 0-2 2v2h1.5V2a.5.5 0 0 1 .5-.5h2V0H2Zm2 10.5H2a.5.5 0 0 1-.5-.5V8H0v2a2 2 0 0 0 2 2h2v-1.5ZM8 12v-1.5h2a.5.5 0 0 0 .5-.5V8H12v2a2 2 0 0 1-2 2H8Zm2-12a2 2 0 0 1 2 2v2h-1.5V2a.5.5 0 0 0-.5-.5H8V0h2Z\" \/>\n\t\t\t<\/svg>\n\t\t<\/button><\/figure>\n\n\n\n<p class=\"has-text-align-center\">\nSource : <a href=\"https:\/\/www.glenat.com\/auteurs\/jean-bastide\" target=\"_blank\" rel=\"noreferrer noopener\">Gl\u00e9nat<\/a><\/p>\n\n\n\n<p><\/p>\n\n\n\n<p><\/p>\n","protected":false},"excerpt":{"rendered":"<p>Jean Bastide\u00a0est n\u00e9 le 17 D\u00e9cembre 1982 \u00e0 Albi. C&rsquo;est l\u2019obtention du prix de l\u2019Alph&rsquo;Art de la BD scolaire en 2003 qui poussera le jeune homme \u00e0 pers\u00e9v\u00e9rer dans sa passion. En 2004, ce sera le grand d\u00e9part pour la capitale de la bande dessin\u00e9e, Bruxelles et son \u00e9cole sup\u00e9rieure des Arts de Saint-Luc. Un [&hellip;]<\/p>\n","protected":false},"author":4,"featured_media":5074,"parent":7007,"menu_order":0,"comment_status":"closed","ping_status":"closed","template":"page-with-sidebar","meta":{"footnotes":""},"class_list":["post-4662","page","type-page","status-publish","has-post-thumbnail","hentry"],"jetpack_sharing_enabled":true,"_links":{"self":[{"href":"https:\/\/bdmiam.fr\/index.php\/wp-json\/wp\/v2\/pages\/4662","targetHints":{"allow":["GET"]}}],"collection":[{"href":"https:\/\/bdmiam.fr\/index.php\/wp-json\/wp\/v2\/pages"}],"about":[{"href":"https:\/\/bdmiam.fr\/index.php\/wp-json\/wp\/v2\/types\/page"}],"author":[{"embeddable":true,"href":"https:\/\/bdmiam.fr\/index.php\/wp-json\/wp\/v2\/users\/4"}],"replies":[{"embeddable":true,"href":"https:\/\/bdmiam.fr\/index.php\/wp-json\/wp\/v2\/comments?post=4662"}],"version-history":[{"count":2,"href":"https:\/\/bdmiam.fr\/index.php\/wp-json\/wp\/v2\/pages\/4662\/revisions"}],"predecessor-version":[{"id":7337,"href":"https:\/\/bdmiam.fr\/index.php\/wp-json\/wp\/v2\/pages\/4662\/revisions\/7337"}],"up":[{"embeddable":true,"href":"https:\/\/bdmiam.fr\/index.php\/wp-json\/wp\/v2\/pages\/7007"}],"wp:featuredmedia":[{"embeddable":true,"href":"https:\/\/bdmiam.fr\/index.php\/wp-json\/wp\/v2\/media\/5074"}],"wp:attachment":[{"href":"https:\/\/bdmiam.fr\/index.php\/wp-json\/wp\/v2\/media?parent=4662"}],"curies":[{"name":"wp","href":"https:\/\/api.w.org\/{rel}","templated":true}]}}