{"id":4711,"date":"2018-05-21T21:34:04","date_gmt":"2018-05-21T20:34:04","guid":{"rendered":"http:\/\/bdmiam.fr\/?page_id=4711"},"modified":"2018-05-21T21:34:04","modified_gmt":"2018-05-21T20:34:04","slug":"jean-dytar","status":"publish","type":"page","link":"https:\/\/bdmiam.fr\/index.php\/nos-artistes\/jean-dytar\/","title":{"rendered":"Jean Dytar"},"content":{"rendered":"<p style=\"text-align: center;\"><strong><a href=\"https:\/\/i0.wp.com\/bdmiam.fr\/wp-content\/uploads\/2018\/05\/Photo_18085.jpg?ssl=1\"><img data-recalc-dims=\"1\" loading=\"lazy\" decoding=\"async\" src=\"https:\/\/i0.wp.com\/bdmiam.fr\/wp-content\/uploads\/2018\/05\/Photo_18085.jpg?resize=261%2C261&#038;ssl=1\" alt=\"\" class=\" wp-image-4714 aligncenter\" width=\"261\" height=\"261\" \/><\/a>Jean Dytar<\/strong> d\u00e9cide d\u00e8s son plus jeune \u00e2ge qu&rsquo;il veut faire de la BD. Il entre \u00e0 la facult\u00e9 d&rsquo;Arts Plastiques de Saint-\u00c9tienne et, gr\u00e2ce \u00e0 un \u00e9change Erasmus \u00e0 Li\u00e8ge, suit des cours du soir de bande dessin\u00e9e. <em>La Vision de Bacchus<\/em> est son second projet \u00e9dit\u00e9. Le premier, <em>Le Sourire des marionnettes<\/em>, \u00e9galement aux \u00c9ditions Delcourt dans la collection Mirages, transposait au c\u0153ur de la Perse du XIe si\u00e8cle une r\u00e9flexion intelligente et universelle sur le d\u00e9terminisme religieux et la libert\u00e9 humaine. Ici, il explore donc un tout autre univers en s&rsquo;int\u00e9ressant aux peintres de la Renaissance v\u00e9nitienne. Point commun de ces deux ouvrages : un travail d&rsquo;orf\u00e8vre o\u00f9 rien n&rsquo;est laiss\u00e9 au hasard. Chaque mot, chaque choix graphique accompagne et sert l&rsquo;histoire pour nous plonger dans un univers \u00e0 la fois coh\u00e9rent et d\u00e9paysant. Fort d&rsquo;une vaste connaissance des arts plastiques, il adapte son style en fonction du sujet qu&rsquo;il aborde et nous livre de sublimes romans graphiques o\u00f9 se m\u00ealent r\u00e9flexions et \u00e9motions. En parall\u00e8le, <strong>Jean Dytar<\/strong> continue d&rsquo;enseigner \u00e0 Lyon. Il tient \u00e9galement un <a href=\"http:\/\/www.jeandytar.com\/\">site<\/a> dans lequel il revient en d\u00e9tail sur son travail d&rsquo;auteur et sur ses deux premi\u00e8res \u0153uvres.<\/p>\n<p style=\"text-align: center;\">Source : <a href=\"https:\/\/www.bedetheque.com\/auteur-18085-BD-Dytar-Jean.html\" target=\"_blank\" rel=\"noopener\">beteth\u00e8que<\/a><\/p>\n<p>&nbsp;<\/p>\n<p style=\"text-align: center;\">En 2018, <strong>Jean Dytar<\/strong> publie son nouvel album : <em>Florida<\/em>.<\/p>\n<p style=\"text-align: center;\">Fin du XVIe si\u00e8cle. Jacques Le Moyne, jeune cartographe, int\u00e8gre une exp\u00e9dition fran\u00e7aise pour la Floride. Le projet, initi\u00e9 par les Huguenots, est un \u00e9chec. Une fois install\u00e9 \u00e0 Londres avec sa famille, Jacques ne confie son exp\u00e9rience \u00e0 personne, pas m\u00eame \u00e0 son \u00e9pouse. Mais de nobles anglais r\u00eavent d\u2019un avenir colonial pour l\u2019Angleterre et sont pr\u00eats \u00e0 toutes les manipulations pour y parvenir\u2026<\/p>\n<p style=\"text-align: center;\">Apr\u00e8s les miniatures persanes et la peinture du quattrocento, Jean Dytar c\u00e8de \u00e0 la magie de la cartographie et ses promesses de d\u00e9couvertes. Il saisit l\u2019occasion pour pr\u00e9senter avec subtilit\u00e9 sa carte de l\u2019\u00e2me humaine.<\/p>\n<p style=\"text-align: center;\">Source : <a href=\"http:\/\/www.jeandytar.com\/florida\/presentation\/\" target=\"_blank\" rel=\"noopener\">jeandytar.com<\/a><\/p>\n<p>&nbsp;<\/p>\n<p style=\"text-align: center;\"><a href=\"https:\/\/i0.wp.com\/bdmiam.fr\/wp-content\/uploads\/2018\/05\/VISION-DE-BACCHUS-100dpi.jpg?ssl=1\"><img data-recalc-dims=\"1\" loading=\"lazy\" decoding=\"async\" src=\"https:\/\/i0.wp.com\/bdmiam.fr\/wp-content\/uploads\/2018\/05\/VISION-DE-BACCHUS-100dpi.jpg?resize=226%2C300&#038;ssl=1\" alt=\"\" class=\"alignnone size-medium wp-image-4716\" width=\"226\" height=\"300\" \/><\/a> <a href=\"https:\/\/i0.wp.com\/bdmiam.fr\/wp-content\/uploads\/2018\/05\/couverture-FLORIDA.jpg?ssl=1\"><img data-recalc-dims=\"1\" loading=\"lazy\" decoding=\"async\" src=\"https:\/\/i0.wp.com\/bdmiam.fr\/wp-content\/uploads\/2018\/05\/couverture-FLORIDA.jpg?resize=256%2C340&#038;ssl=1\" alt=\"\" class=\"alignnone wp-image-4713\" width=\"256\" height=\"340\" \/> <\/a><a href=\"https:\/\/i0.wp.com\/bdmiam.fr\/wp-content\/uploads\/2018\/05\/SOURIRE-DES-MARIONNETTES-LE-NED-2016.jpg?ssl=1\"><img data-recalc-dims=\"1\" loading=\"lazy\" decoding=\"async\" src=\"https:\/\/i0.wp.com\/bdmiam.fr\/wp-content\/uploads\/2018\/05\/SOURIRE-DES-MARIONNETTES-LE-NED-2016.jpg?resize=225%2C300&#038;ssl=1\" alt=\"\" class=\"alignnone size-medium wp-image-4715\" width=\"225\" height=\"300\" \/><\/a><\/p>\n","protected":false},"excerpt":{"rendered":"<p>Jean Dytar d\u00e9cide d\u00e8s son plus jeune \u00e2ge qu&rsquo;il veut faire de la BD. Il entre \u00e0 la facult\u00e9 d&rsquo;Arts Plastiques de Saint-\u00c9tienne et, gr\u00e2ce \u00e0 un \u00e9change Erasmus \u00e0 Li\u00e8ge, suit des cours du soir de bande dessin\u00e9e. La Vision de Bacchus est son second projet \u00e9dit\u00e9. Le premier, Le Sourire des marionnettes, \u00e9galement [&hellip;]<\/p>\n","protected":false},"author":7,"featured_media":4713,"parent":4494,"menu_order":0,"comment_status":"closed","ping_status":"closed","template":"","meta":{"footnotes":""},"class_list":["post-4711","page","type-page","status-publish","has-post-thumbnail","hentry"],"jetpack_sharing_enabled":true,"_links":{"self":[{"href":"https:\/\/bdmiam.fr\/index.php\/wp-json\/wp\/v2\/pages\/4711","targetHints":{"allow":["GET"]}}],"collection":[{"href":"https:\/\/bdmiam.fr\/index.php\/wp-json\/wp\/v2\/pages"}],"about":[{"href":"https:\/\/bdmiam.fr\/index.php\/wp-json\/wp\/v2\/types\/page"}],"author":[{"embeddable":true,"href":"https:\/\/bdmiam.fr\/index.php\/wp-json\/wp\/v2\/users\/7"}],"replies":[{"embeddable":true,"href":"https:\/\/bdmiam.fr\/index.php\/wp-json\/wp\/v2\/comments?post=4711"}],"version-history":[{"count":0,"href":"https:\/\/bdmiam.fr\/index.php\/wp-json\/wp\/v2\/pages\/4711\/revisions"}],"up":[{"embeddable":true,"href":"https:\/\/bdmiam.fr\/index.php\/wp-json\/wp\/v2\/pages\/4494"}],"wp:featuredmedia":[{"embeddable":true,"href":"https:\/\/bdmiam.fr\/index.php\/wp-json\/wp\/v2\/media\/4713"}],"wp:attachment":[{"href":"https:\/\/bdmiam.fr\/index.php\/wp-json\/wp\/v2\/media?parent=4711"}],"curies":[{"name":"wp","href":"https:\/\/api.w.org\/{rel}","templated":true}]}}