{"id":4740,"date":"2018-05-23T19:12:30","date_gmt":"2018-05-23T18:12:30","guid":{"rendered":"http:\/\/bdmiam.fr\/?page_id=4740"},"modified":"2018-05-23T19:12:30","modified_gmt":"2018-05-23T18:12:30","slug":"david-francois","status":"publish","type":"page","link":"https:\/\/bdmiam.fr\/index.php\/nos-artistes\/david-francois\/","title":{"rendered":"David Fran\u00e7ois"},"content":{"rendered":"<p><img data-recalc-dims=\"1\" loading=\"lazy\" decoding=\"async\" src=\"https:\/\/i0.wp.com\/bdmiam.fr\/wp-content\/uploads\/2018\/05\/Photo_12218.jpg?resize=300%2C300&#038;ssl=1\" alt=\"\" class=\"size-medium wp-image-4744 aligncenter\" width=\"300\" height=\"300\" \/><\/p>\n<p style=\"text-align: center;\"><strong>David Fran\u00e7ois<\/strong> est n\u00e9 en 1983 \u00e0 Amiens. Autodidacte, il passe sa scolarit\u00e9 \u00e0 noircir les marges de ses cahiers. Il obtient tout naturellement un bac scientifique, promesse d\u2019une vie sereine et paisible. Malgr\u00e9 une foi sans faille dans cet avenir tout trac\u00e9, il garde tout de m\u00eame son carton \u00e0 dessins sous le bras et c\u2019est ainsi qu\u2019il croise, au d\u00e9tour d\u2019une librairie, la route de R\u00e9gis Hauti\u00e8re. De cette rencontre, naitront deux livres, <em>L\u2019\u00e9trange affaire des corps sans vie<\/em> et <em>De briques &amp; de sang<\/em>, prolongement des lectures polici\u00e8res qu\u2019il affectionne. Parall\u00e8lement \u00e0 son activit\u00e9 de dessinateur et coloriste, il participe de fa\u00e7on active \u00e0 diverses actions de promotion de la bande dessin\u00e9e en Picardie par une implication vari\u00e9e au sein de diverses associations locales. Il intervient ainsi r\u00e9guli\u00e8rement dans le cadre d\u2019ateliers d\u2019\u00e9criture en bande dessin\u00e9e en milieu psychiatrique, p\u00e9nitencier ou scolaire. En mars 2015 sort le 1er tome du diptyque <em>Un homme de joie<\/em>, sur un sc\u00e9nario de R\u00e9gis Hauti\u00e8re, aux \u00e9ditions Casterman. <strong>Fran\u00e7ois David<\/strong> a obtenu le Prix 2007 Abracadabulles \/ Caisse d&rsquo;\u00c9pargne des Pays de la Loire pour son album \u00ab\u00a0L&rsquo;\u00c9trange affaire des corps sans vie\u00a0\u00bb.<\/p>\n<p>&nbsp;<\/p>\n<p style=\"text-align: center;\"><a href=\"https:\/\/i0.wp.com\/bdmiam.fr\/wp-content\/uploads\/2018\/05\/Couv_241892.jpg?ssl=1\"><img data-recalc-dims=\"1\" loading=\"lazy\" decoding=\"async\" src=\"https:\/\/i0.wp.com\/bdmiam.fr\/wp-content\/uploads\/2018\/05\/Couv_241892.jpg?resize=203%2C300&#038;ssl=1\" alt=\"\" class=\"alignnone size-medium wp-image-4742\" width=\"203\" height=\"300\" \/> <\/a>\u00a0 <a href=\"https:\/\/i0.wp.com\/bdmiam.fr\/wp-content\/uploads\/2018\/05\/Couv_318210.jpg?ssl=1\"><img data-recalc-dims=\"1\" loading=\"lazy\" decoding=\"async\" src=\"https:\/\/i0.wp.com\/bdmiam.fr\/wp-content\/uploads\/2018\/05\/Couv_318210.jpg?resize=262%2C362&#038;ssl=1\" alt=\"\" class=\"alignnone wp-image-4743\" width=\"262\" height=\"362\" \/>\u00a0 <\/a><a href=\"https:\/\/i0.wp.com\/bdmiam.fr\/wp-content\/uploads\/2018\/05\/Couv_116670.jpg?ssl=1\"><img data-recalc-dims=\"1\" loading=\"lazy\" decoding=\"async\" src=\"https:\/\/i0.wp.com\/bdmiam.fr\/wp-content\/uploads\/2018\/05\/Couv_116670.jpg?resize=207%2C300&#038;ssl=1\" alt=\"\" class=\"alignnone size-medium wp-image-4741\" width=\"207\" height=\"300\" \/><\/a><\/p>\n<p style=\"text-align: center;\">Source : <a href=\"https:\/\/www.bedetheque.com\/auteur-12218-BD-Francois-David.html\" target=\"_blank\" rel=\"noopener\">Bedeth\u00e8que<\/a><\/p>\n","protected":false},"excerpt":{"rendered":"<p>David Fran\u00e7ois est n\u00e9 en 1983 \u00e0 Amiens. Autodidacte, il passe sa scolarit\u00e9 \u00e0 noircir les marges de ses cahiers. Il obtient tout naturellement un bac scientifique, promesse d\u2019une vie sereine et paisible. Malgr\u00e9 une foi sans faille dans cet avenir tout trac\u00e9, il garde tout de m\u00eame son carton \u00e0 dessins sous le bras [&hellip;]<\/p>\n","protected":false},"author":7,"featured_media":4757,"parent":4494,"menu_order":0,"comment_status":"closed","ping_status":"closed","template":"","meta":{"footnotes":""},"class_list":["post-4740","page","type-page","status-publish","has-post-thumbnail","hentry"],"jetpack_sharing_enabled":true,"_links":{"self":[{"href":"https:\/\/bdmiam.fr\/index.php\/wp-json\/wp\/v2\/pages\/4740","targetHints":{"allow":["GET"]}}],"collection":[{"href":"https:\/\/bdmiam.fr\/index.php\/wp-json\/wp\/v2\/pages"}],"about":[{"href":"https:\/\/bdmiam.fr\/index.php\/wp-json\/wp\/v2\/types\/page"}],"author":[{"embeddable":true,"href":"https:\/\/bdmiam.fr\/index.php\/wp-json\/wp\/v2\/users\/7"}],"replies":[{"embeddable":true,"href":"https:\/\/bdmiam.fr\/index.php\/wp-json\/wp\/v2\/comments?post=4740"}],"version-history":[{"count":0,"href":"https:\/\/bdmiam.fr\/index.php\/wp-json\/wp\/v2\/pages\/4740\/revisions"}],"up":[{"embeddable":true,"href":"https:\/\/bdmiam.fr\/index.php\/wp-json\/wp\/v2\/pages\/4494"}],"wp:featuredmedia":[{"embeddable":true,"href":"https:\/\/bdmiam.fr\/index.php\/wp-json\/wp\/v2\/media\/4757"}],"wp:attachment":[{"href":"https:\/\/bdmiam.fr\/index.php\/wp-json\/wp\/v2\/media?parent=4740"}],"curies":[{"name":"wp","href":"https:\/\/api.w.org\/{rel}","templated":true}]}}