{"id":4765,"date":"2018-05-23T20:04:47","date_gmt":"2018-05-23T19:04:47","guid":{"rendered":"http:\/\/bdmiam.fr\/?page_id=4765"},"modified":"2018-05-23T20:04:47","modified_gmt":"2018-05-23T19:04:47","slug":"olivier-jouvray","status":"publish","type":"page","link":"https:\/\/bdmiam.fr\/index.php\/nos-artistes\/olivier-jerome-et-anne-claire-jouvray\/olivier-jouvray\/","title":{"rendered":"Olivier Jouvray"},"content":{"rendered":"<p style=\"text-align: center;\"><a href=\"https:\/\/i0.wp.com\/bdmiam.fr\/wp-content\/uploads\/2018\/05\/Photo_5704.jpg?ssl=1\"><img data-recalc-dims=\"1\" loading=\"lazy\" decoding=\"async\" src=\"https:\/\/i0.wp.com\/bdmiam.fr\/wp-content\/uploads\/2018\/05\/Photo_5704.jpg?resize=300%2C300&#038;ssl=1\" alt=\"\" class=\"size-medium wp-image-4759 aligncenter\" width=\"300\" height=\"300\" \/><\/a><\/p>\n<p>&nbsp;<\/p>\n<p style=\"text-align: center;\"><strong>Olivier Jouvray<\/strong> est n\u00e9 \u00e0 Oyonnax dans l\u2019Ain en 1970. Apr\u00e8s avoir fait des \u00e9tudes de communication, de culture, de \u00ab\u00a0science du langage\u00a0\u00bb, de cin\u00e9ma, d\u2019audiovisuel, il se lance dans la photographie, le raid automobile, le graphisme et le web. Et puis un jour il se repose deux secondes et cr\u00e9e le groupe KCS production pour faire du multimedia \u00e0 plusieurs&#8230; Ensuite Olivier Jouvray co-sc\u00e9narise \u00ab\u00a0supershoes\u00a0\u00bb, une BD anim\u00e9e et interactive, avec sa femme Virginie (www.supershoes.com.fr) et \u00e9crit son 1er sc\u00e9nario de BD : \u00ab\u00a0Lincoln\u00a0\u00bb.<\/p>\n<p>&nbsp;<\/p>\n<p style=\"text-align: center;\"><a href=\"https:\/\/i0.wp.com\/bdmiam.fr\/wp-content\/uploads\/2018\/05\/Couv_111262.jpg?ssl=1\"><img data-recalc-dims=\"1\" loading=\"lazy\" decoding=\"async\" src=\"https:\/\/i0.wp.com\/bdmiam.fr\/wp-content\/uploads\/2018\/05\/Couv_111262.jpg?resize=221%2C300&#038;ssl=1\" alt=\"\" class=\"alignnone size-medium wp-image-4766\" width=\"221\" height=\"300\" \/>\u00a0<\/a><a href=\"https:\/\/i0.wp.com\/bdmiam.fr\/wp-content\/uploads\/2018\/05\/Couv_315042.jpg?ssl=1\"> <img data-recalc-dims=\"1\" loading=\"lazy\" decoding=\"async\" src=\"https:\/\/i0.wp.com\/bdmiam.fr\/wp-content\/uploads\/2018\/05\/Couv_315042.jpg?resize=243%2C336&#038;ssl=1\" alt=\"\" class=\"alignnone wp-image-4768\" width=\"243\" height=\"336\" \/><\/a>\u00a0 <a href=\"https:\/\/i0.wp.com\/bdmiam.fr\/wp-content\/uploads\/2018\/05\/Couv_223003.jpg?ssl=1\"><img data-recalc-dims=\"1\" loading=\"lazy\" decoding=\"async\" src=\"https:\/\/i0.wp.com\/bdmiam.fr\/wp-content\/uploads\/2018\/05\/Couv_223003.jpg?resize=229%2C300&#038;ssl=1\" alt=\"\" class=\"alignnone size-medium wp-image-4767\" width=\"229\" height=\"300\" \/><\/a><\/p>\n<p style=\"text-align: center;\">Source : <a href=\"https:\/\/www.bedetheque.com\/auteur-5704-BD-Jouvray-Olivier.html\" target=\"_blank\" rel=\"noopener\">Bedeth\u00e8que<\/a><\/p>\n","protected":false},"excerpt":{"rendered":"<p>&nbsp; Olivier Jouvray est n\u00e9 \u00e0 Oyonnax dans l\u2019Ain en 1970. Apr\u00e8s avoir fait des \u00e9tudes de communication, de culture, de \u00ab\u00a0science du langage\u00a0\u00bb, de cin\u00e9ma, d\u2019audiovisuel, il se lance dans la photographie, le raid automobile, le graphisme et le web. Et puis un jour il se repose deux secondes et cr\u00e9e le groupe KCS [&hellip;]<\/p>\n","protected":false},"author":7,"featured_media":4774,"parent":4758,"menu_order":0,"comment_status":"closed","ping_status":"closed","template":"","meta":{"footnotes":""},"class_list":["post-4765","page","type-page","status-publish","has-post-thumbnail","hentry"],"jetpack_sharing_enabled":true,"_links":{"self":[{"href":"https:\/\/bdmiam.fr\/index.php\/wp-json\/wp\/v2\/pages\/4765","targetHints":{"allow":["GET"]}}],"collection":[{"href":"https:\/\/bdmiam.fr\/index.php\/wp-json\/wp\/v2\/pages"}],"about":[{"href":"https:\/\/bdmiam.fr\/index.php\/wp-json\/wp\/v2\/types\/page"}],"author":[{"embeddable":true,"href":"https:\/\/bdmiam.fr\/index.php\/wp-json\/wp\/v2\/users\/7"}],"replies":[{"embeddable":true,"href":"https:\/\/bdmiam.fr\/index.php\/wp-json\/wp\/v2\/comments?post=4765"}],"version-history":[{"count":0,"href":"https:\/\/bdmiam.fr\/index.php\/wp-json\/wp\/v2\/pages\/4765\/revisions"}],"up":[{"embeddable":true,"href":"https:\/\/bdmiam.fr\/index.php\/wp-json\/wp\/v2\/pages\/4758"}],"wp:featuredmedia":[{"embeddable":true,"href":"https:\/\/bdmiam.fr\/index.php\/wp-json\/wp\/v2\/media\/4774"}],"wp:attachment":[{"href":"https:\/\/bdmiam.fr\/index.php\/wp-json\/wp\/v2\/media?parent=4765"}],"curies":[{"name":"wp","href":"https:\/\/api.w.org\/{rel}","templated":true}]}}