{"id":4777,"date":"2018-05-23T20:10:38","date_gmt":"2018-05-23T19:10:38","guid":{"rendered":"http:\/\/bdmiam.fr\/?page_id=4777"},"modified":"2018-05-23T20:10:38","modified_gmt":"2018-05-23T19:10:38","slug":"jerome-jouvray","status":"publish","type":"page","link":"https:\/\/bdmiam.fr\/index.php\/nos-artistes\/olivier-jerome-et-anne-claire-jouvray\/jerome-jouvray\/","title":{"rendered":"J\u00e9r\u00f4me Jouvray"},"content":{"rendered":"<p style=\"text-align: center;\"><a href=\"https:\/\/i0.wp.com\/bdmiam.fr\/wp-content\/uploads\/2018\/05\/Photo_5705.jpg?ssl=1\"><img data-recalc-dims=\"1\" loading=\"lazy\" decoding=\"async\" src=\"https:\/\/i0.wp.com\/bdmiam.fr\/wp-content\/uploads\/2018\/05\/Photo_5705.jpg?resize=300%2C300&#038;ssl=1\" alt=\"\" class=\"size-medium wp-image-4760 aligncenter\" width=\"300\" height=\"300\" \/><\/a><\/p>\n<p style=\"text-align: center;\"><strong>J\u00e9r\u00f4me Jouvray<\/strong> est n\u00e9 le 30 avril 1973 \u00e0 Oyonnax dans l&rsquo;ain. Il est dipl\u00f4m\u00e9 des arts d\u00e9co de Strasbourg en 1996.<br \/>\nPendant quelques ann\u00e9es il r\u00e9alise pour la cha\u00eene ARTE tout un tas de petites bandes annonces et autres g\u00e9n\u00e9riques en dessin anim\u00e9 pour tout un tas d&rsquo;\u00e9missions de t\u00e9l\u00e9 et de soir\u00e9es th\u00e9ma. Il rencontre au sein de la cha\u00eene, la journaliste Myriam Tonelotto, pour qui il r\u00e9alise les s\u00e9quences anim\u00e9es des documentaires \u00ab\u00a0Lobbying, au del\u00e0 de l&rsquo;enveloppe\u00a0\u00bb et \u00ab\u00a0La voie du chat\u00a0\u00bb diffus\u00e9s sur ARTE en 2005 et 2009. Depuis 1998, il a publi\u00e9 plus d&rsquo;une quinzaine d&rsquo;albums dont les 9 tomes de la s\u00e9rie \u00ab\u00a0Lincoln\u00a0\u00bb, avec <strong>Olivier Jouvray<\/strong>, aux \u00e9ditions Paquet, \u00ab\u00a0La R\u00e9gion\u00a0\u00bb, avec Denis Roland aux \u00e9ditions Paquet, \u00ab\u00a0L&rsquo;idole dans la bombe\u00a0\u00bb et \u00ab\u00a0La p\u00e8s rekin\u00a0\u00bb, avec St\u00e9phane Presle aux \u00e9ditions Futuropolis et les deux tomes de \u00ab\u00a0Johnny Jungle\u00a0\u00bb avec Jean-Christophe Deveney aux \u00e9ditions Gl\u00e9nat. Depuis quelques temps, il participe aussi \u00e0 la s\u00e9rie \u00ab\u00a0l&rsquo;atelier Mastodonte\u00a0\u00bb dans Spirou magazine. <strong>Anne-Claire Jouvray<\/strong>, son \u00e9pouse, assure avec talent la mise en couleur de tous ses albums ! Il travaille actuellement sur un nouveau documentaire anim\u00e9 de Myriam Tonelotto, toujours pour ARTE, sur le th\u00e8me du nucl\u00e9aire.<\/p>\n<p>&nbsp;<\/p>\n<p style=\"text-align: center;\"><a href=\"https:\/\/i0.wp.com\/bdmiam.fr\/wp-content\/uploads\/2018\/05\/Couv_178629.jpg?ssl=1\"><img data-recalc-dims=\"1\" loading=\"lazy\" decoding=\"async\" src=\"https:\/\/i0.wp.com\/bdmiam.fr\/wp-content\/uploads\/2018\/05\/Couv_178629.jpg?resize=223%2C300&#038;ssl=1\" alt=\"\" class=\"alignnone size-medium wp-image-4778\" width=\"223\" height=\"300\" \/><\/a>\u00a0 <a href=\"https:\/\/i0.wp.com\/bdmiam.fr\/wp-content\/uploads\/2018\/05\/Couv_315042.jpg?ssl=1\"><img data-recalc-dims=\"1\" loading=\"lazy\" decoding=\"async\" src=\"https:\/\/i0.wp.com\/bdmiam.fr\/wp-content\/uploads\/2018\/05\/Couv_315042.jpg?resize=256%2C354&#038;ssl=1\" alt=\"\" class=\"alignnone wp-image-4768\" width=\"256\" height=\"354\" \/><\/a><a href=\"https:\/\/i0.wp.com\/bdmiam.fr\/wp-content\/uploads\/2018\/05\/lincoln01.jpg?ssl=1\">\u00a0 <img data-recalc-dims=\"1\" loading=\"lazy\" decoding=\"async\" src=\"https:\/\/i0.wp.com\/bdmiam.fr\/wp-content\/uploads\/2018\/05\/lincoln01.jpg?resize=220%2C300&#038;ssl=1\" alt=\"\" class=\"alignnone size-medium wp-image-4779\" width=\"220\" height=\"300\" \/><\/a><\/p>\n<p style=\"text-align: center;\">Source : <a href=\"https:\/\/www.bedetheque.com\/auteur-5705-BD-Jouvray-Jerome.html\" target=\"_blank\" rel=\"noopener\">Bedeth\u00e8que<\/a><\/p>\n","protected":false},"excerpt":{"rendered":"<p>J\u00e9r\u00f4me Jouvray est n\u00e9 le 30 avril 1973 \u00e0 Oyonnax dans l&rsquo;ain. Il est dipl\u00f4m\u00e9 des arts d\u00e9co de Strasbourg en 1996. Pendant quelques ann\u00e9es il r\u00e9alise pour la cha\u00eene ARTE tout un tas de petites bandes annonces et autres g\u00e9n\u00e9riques en dessin anim\u00e9 pour tout un tas d&rsquo;\u00e9missions de t\u00e9l\u00e9 et de soir\u00e9es th\u00e9ma. [&hellip;]<\/p>\n","protected":false},"author":7,"featured_media":4774,"parent":4758,"menu_order":0,"comment_status":"closed","ping_status":"closed","template":"","meta":{"footnotes":""},"class_list":["post-4777","page","type-page","status-publish","has-post-thumbnail","hentry"],"jetpack_sharing_enabled":true,"_links":{"self":[{"href":"https:\/\/bdmiam.fr\/index.php\/wp-json\/wp\/v2\/pages\/4777","targetHints":{"allow":["GET"]}}],"collection":[{"href":"https:\/\/bdmiam.fr\/index.php\/wp-json\/wp\/v2\/pages"}],"about":[{"href":"https:\/\/bdmiam.fr\/index.php\/wp-json\/wp\/v2\/types\/page"}],"author":[{"embeddable":true,"href":"https:\/\/bdmiam.fr\/index.php\/wp-json\/wp\/v2\/users\/7"}],"replies":[{"embeddable":true,"href":"https:\/\/bdmiam.fr\/index.php\/wp-json\/wp\/v2\/comments?post=4777"}],"version-history":[{"count":0,"href":"https:\/\/bdmiam.fr\/index.php\/wp-json\/wp\/v2\/pages\/4777\/revisions"}],"up":[{"embeddable":true,"href":"https:\/\/bdmiam.fr\/index.php\/wp-json\/wp\/v2\/pages\/4758"}],"wp:featuredmedia":[{"embeddable":true,"href":"https:\/\/bdmiam.fr\/index.php\/wp-json\/wp\/v2\/media\/4774"}],"wp:attachment":[{"href":"https:\/\/bdmiam.fr\/index.php\/wp-json\/wp\/v2\/media?parent=4777"}],"curies":[{"name":"wp","href":"https:\/\/api.w.org\/{rel}","templated":true}]}}