{"id":4783,"date":"2018-05-23T20:22:54","date_gmt":"2018-05-23T19:22:54","guid":{"rendered":"http:\/\/bdmiam.fr\/?page_id=4783"},"modified":"2018-05-23T20:22:54","modified_gmt":"2018-05-23T19:22:54","slug":"anne-claire-jouvray","status":"publish","type":"page","link":"https:\/\/bdmiam.fr\/index.php\/nos-artistes\/anne-claire-jouvray\/","title":{"rendered":"Anne-Claire Jouvray"},"content":{"rendered":"<p style=\"text-align: center;\"><a href=\"https:\/\/i0.wp.com\/bdmiam.fr\/wp-content\/uploads\/2018\/05\/Photo_5706.jpg?ssl=1\"><img data-recalc-dims=\"1\" loading=\"lazy\" decoding=\"async\" src=\"https:\/\/i0.wp.com\/bdmiam.fr\/wp-content\/uploads\/2018\/05\/Photo_5706.jpg?resize=300%2C300&#038;ssl=1\" alt=\"\" class=\"alignnone size-medium wp-image-4761\" width=\"300\" height=\"300\" \/><\/a><\/p>\n<p style=\"text-align: center;\"><strong>Anne-Claire Jouvray<\/strong>, coloriste : \u00ab\u00a0J&rsquo;ai commenc\u00e9 avec les \u00c9ditions Paquet sur <em>La R\u00e9gion<\/em>, puis <em>Lincoln<\/em> (9 tomes), <em>Betty blues<\/em>, <em>Escales<\/em>, <em>Ernie Adams<\/em> (T.1 et 2), ont suivi chez Proust <em>Las Chicas<\/em>, chez Vents d&rsquo;Ouest <em>Waraba<\/em>, Treize \u00c9trange<em> Les Plombs de Venise 2<\/em>, chez Milan couleur pour le magazine <em>Manon<\/em>, chez Futuropolis <em>L&rsquo;Idole dans la bombe<\/em>, chez Delcourt <em>JJ Golman<\/em>. J&rsquo;ai une formation de design aux arts d\u00e9co de Strasbourg, j&rsquo;habite \u00e0 Lyon, je travaille dans l&rsquo;atelier \u00ab\u00a0KCS production\u00a0\u00bb avec les fr\u00e9res Jouvray ! Je suis mari\u00e9e \u00e0 J\u00e9rome Jouvray et on a 2 p&rsquo;tits enfants!\u00a0\u00bb<\/p>\n<p style=\"text-align: center;\">Source : <a href=\"https:\/\/www.bedetheque.com\/auteur-5706-BD-Jouvray-Anne-Claire.html\" target=\"_blank\" rel=\"noopener\">Bedeth\u00e8que<\/a><\/p>\n<p>&nbsp;<\/p>\n<p style=\"text-align: center;\"><a href=\"https:\/\/i0.wp.com\/bdmiam.fr\/wp-content\/uploads\/2018\/05\/Couv_221980.jpg?ssl=1\" target=\"_blank\" rel=\"noopener\"><img data-recalc-dims=\"1\" loading=\"lazy\" decoding=\"async\" src=\"https:\/\/i0.wp.com\/bdmiam.fr\/wp-content\/uploads\/2018\/05\/Couv_221980.jpg?resize=226%2C300&#038;ssl=1\" alt=\"\" class=\"alignnone wp-image-4784 size-medium\" width=\"226\" height=\"300\" \/><\/a> <a href=\"https:\/\/bdmiam.fr\/wp-content\/uploads\/2018\/05\/Couv_315042.jpg\">\u00a0<\/a><a href=\"https:\/\/i0.wp.com\/bdmiam.fr\/wp-content\/uploads\/2018\/05\/Couv_315042.jpg?ssl=1\" target=\"_blank\" rel=\"noopener\"><img data-recalc-dims=\"1\" loading=\"lazy\" decoding=\"async\" src=\"https:\/\/i0.wp.com\/bdmiam.fr\/wp-content\/uploads\/2018\/05\/Couv_315042.jpg?resize=256%2C354&#038;ssl=1\" alt=\"\" class=\"alignnone wp-image-4768\" width=\"256\" height=\"354\" \/><\/a>\u00a0 <a href=\"https:\/\/i0.wp.com\/bdmiam.fr\/wp-content\/uploads\/2018\/05\/lincoln01.jpg?ssl=1\" target=\"_blank\" rel=\"noopener\"><img data-recalc-dims=\"1\" loading=\"lazy\" decoding=\"async\" src=\"https:\/\/i0.wp.com\/bdmiam.fr\/wp-content\/uploads\/2018\/05\/lincoln01.jpg?resize=220%2C300&#038;ssl=1\" alt=\"\" class=\"alignnone wp-image-4779 size-medium\" width=\"220\" height=\"300\" \/><\/a><\/p>\n","protected":false},"excerpt":{"rendered":"<p>Anne-Claire Jouvray, coloriste : \u00ab\u00a0J&rsquo;ai commenc\u00e9 avec les \u00c9ditions Paquet sur La R\u00e9gion, puis Lincoln (9 tomes), Betty blues, Escales, Ernie Adams (T.1 et 2), ont suivi chez Proust Las Chicas, chez Vents d&rsquo;Ouest Waraba, Treize \u00c9trange Les Plombs de Venise 2, chez Milan couleur pour le magazine Manon, chez Futuropolis L&rsquo;Idole dans la bombe, [&hellip;]<\/p>\n","protected":false},"author":7,"featured_media":4774,"parent":4494,"menu_order":0,"comment_status":"closed","ping_status":"closed","template":"","meta":{"footnotes":""},"class_list":["post-4783","page","type-page","status-publish","has-post-thumbnail","hentry"],"jetpack_sharing_enabled":true,"_links":{"self":[{"href":"https:\/\/bdmiam.fr\/index.php\/wp-json\/wp\/v2\/pages\/4783","targetHints":{"allow":["GET"]}}],"collection":[{"href":"https:\/\/bdmiam.fr\/index.php\/wp-json\/wp\/v2\/pages"}],"about":[{"href":"https:\/\/bdmiam.fr\/index.php\/wp-json\/wp\/v2\/types\/page"}],"author":[{"embeddable":true,"href":"https:\/\/bdmiam.fr\/index.php\/wp-json\/wp\/v2\/users\/7"}],"replies":[{"embeddable":true,"href":"https:\/\/bdmiam.fr\/index.php\/wp-json\/wp\/v2\/comments?post=4783"}],"version-history":[{"count":0,"href":"https:\/\/bdmiam.fr\/index.php\/wp-json\/wp\/v2\/pages\/4783\/revisions"}],"up":[{"embeddable":true,"href":"https:\/\/bdmiam.fr\/index.php\/wp-json\/wp\/v2\/pages\/4494"}],"wp:featuredmedia":[{"embeddable":true,"href":"https:\/\/bdmiam.fr\/index.php\/wp-json\/wp\/v2\/media\/4774"}],"wp:attachment":[{"href":"https:\/\/bdmiam.fr\/index.php\/wp-json\/wp\/v2\/media?parent=4783"}],"curies":[{"name":"wp","href":"https:\/\/api.w.org\/{rel}","templated":true}]}}