{"id":4793,"date":"2018-05-24T06:09:30","date_gmt":"2018-05-24T05:09:30","guid":{"rendered":"http:\/\/bdmiam.fr\/?page_id=4793"},"modified":"2018-05-24T06:09:30","modified_gmt":"2018-05-24T05:09:30","slug":"jaime-calderon","status":"publish","type":"page","link":"https:\/\/bdmiam.fr\/index.php\/nos-artistes\/jaime-calderon\/","title":{"rendered":"Jaime Calder\u00f3n"},"content":{"rendered":"<p><a href=\"https:\/\/i0.wp.com\/bdmiam.fr\/wp-content\/uploads\/2018\/05\/Photo_17946.jpg?ssl=1\"><img data-recalc-dims=\"1\" loading=\"lazy\" decoding=\"async\" src=\"https:\/\/i0.wp.com\/bdmiam.fr\/wp-content\/uploads\/2018\/05\/Photo_17946.jpg?resize=300%2C300&#038;ssl=1\" alt=\"\" class=\"size-medium wp-image-4796 aligncenter\" width=\"300\" height=\"300\" \/><\/a><\/p>\n<p style=\"text-align: center;\">N\u00e9 \u00e0 Barcelone en 1973 <strong>Jaime Calder\u00f3n<\/strong> d\u00e9bute sa formation artistique aupr\u00e8s du prestigieux illustrateur publicitaire Enric Paix\u00e0. Quelques ann\u00e9es plus tard, il est s\u00e9lectionn\u00e9 pour suivre une formation dans les studios d\u2019animation subventionn\u00e9s par la Generalitat de Catalu\u00f1a. Il optimise sa formation gr\u00e2ce aux cours particuliers avec le c\u00e9l\u00e8bre illustrateur espagnol L\u00f3pez Esp\u00ed. Entre 1994 et 2004 il r\u00e9alise diverses illustrations publicitaires pour des agences et marques, et travaille en parall\u00e8le comme directeur et professeur \u00e0 l&rsquo;\u00c9cole de Comics et Illustration FEM Art de Barcelone, qu\u2019il a cr\u00e9\u00e9 en 2000. En 2004 il dessine le deuxi\u00e8me volume de la s\u00e9rie <em>Extrahumans<\/em> (sc\u00e9nario de Rapha\u00ebl L\u00f3pez Esp\u00ed). La m\u00eame ann\u00e9e, il publie aux \u00e9ditions Recerca le premier tome d\u2019une mini s\u00e9rie sc\u00e9naris\u00e9e par David Carbajal : <em>Siddartha<\/em>. Il collabore \u00e9galement avec la revue Sword pour laquelle il r\u00e9alise une histoire de 12 pages, sur un sc\u00e9nario de Helio Mira. En 2006, il dessine le troisi\u00e8me tome de la collection Spirit, pour la maison d\u2019\u00e9dition am\u00e9ricaine Alpha-Omega Comics ainsi que les couvertures des tomes 4 \u00e0 7. L\u2019ann\u00e9e suivante, il illustre pour la maison d&rsquo;\u00e9dition MoonStone un roman graphique, <em>The Lovecraftian Horror<\/em>, bas\u00e9 sur le personnage de Kolchak, The Night Stalker. Il publie \u00e9galement <em>La Longue Nuit des Maudits<\/em> (sc\u00e9nario : Antoine Jos\u00e9 Navarro) pour la jeune maison d\u2019\u00e9dition espagnole AM. Enfin, pour les \u00e9ditions Soleil, Jaime Calder\u00f3n dessine le premier album nouvelle s\u00e9rie historique : <em>Les Voies du Seigneur<\/em>.<\/p>\n<p style=\"text-align: center;\">En 2018, il publie le premier tome de la s\u00e9rie historique <em><a href=\"https:\/\/www.bedetheque.com\/serie-59231-BD-Valois.html\" target=\"_blank\" rel=\"noopener\">Valois<\/a>.<\/em><\/p>\n<p>&nbsp;<\/p>\n<p style=\"text-align: center;\"><a href=\"https:\/\/i0.wp.com\/bdmiam.fr\/wp-content\/uploads\/2018\/05\/Couv_137847.jpg?ssl=1\"><img data-recalc-dims=\"1\" loading=\"lazy\" decoding=\"async\" src=\"https:\/\/i0.wp.com\/bdmiam.fr\/wp-content\/uploads\/2018\/05\/Couv_137847.jpg?resize=217%2C300&#038;ssl=1\" alt=\"\" class=\"alignnone size-medium wp-image-4797\" width=\"217\" height=\"300\" \/> \u00a0\u00a0<\/a><a href=\"https:\/\/i0.wp.com\/bdmiam.fr\/wp-content\/uploads\/2018\/05\/Couv_318189.jpg?ssl=1\"><img data-recalc-dims=\"1\" loading=\"lazy\" decoding=\"async\" src=\"https:\/\/i0.wp.com\/bdmiam.fr\/wp-content\/uploads\/2018\/05\/Couv_318189.jpg?resize=269%2C369&#038;ssl=1\" alt=\"\" class=\"alignnone wp-image-4799\" width=\"269\" height=\"369\" \/><\/a><a href=\"https:\/\/bdmiam.fr\/wp-content\/uploads\/2018\/05\/Couv_137847.jpg\">\u00a0\u00a0<\/a> <a href=\"https:\/\/i0.wp.com\/bdmiam.fr\/wp-content\/uploads\/2018\/05\/Couv_174187.jpg?ssl=1\"><img data-recalc-dims=\"1\" loading=\"lazy\" decoding=\"async\" src=\"https:\/\/i0.wp.com\/bdmiam.fr\/wp-content\/uploads\/2018\/05\/Couv_174187.jpg?resize=218%2C300&#038;ssl=1\" alt=\"\" class=\"alignnone size-medium wp-image-4798\" width=\"218\" height=\"300\" \/><\/a> <a href=\"https:\/\/bdmiam.fr\/wp-content\/uploads\/2018\/05\/Couv_318189.jpg\">\u00a0 <\/a><\/p>\n<p style=\"text-align: center;\">Source : <a href=\"https:\/\/www.bedetheque.com\/auteur-17946-BD-Calderon-Jaime.html\" target=\"_blank\" rel=\"noopener\">Bedeth\u00e8que<\/a><\/p>\n<p>&nbsp;<\/p>\n<p style=\"text-align: center;\"><strong>Jaime Calder\u00f3n, \u00e9tant dans la promotion de sa derni\u00e8re s\u00e9rie,\u00a0d\u00e9dicacera uniquement\u00a0\u00ab Valois \u00bb.\u00a0<\/strong><\/p>\n<p style=\"text-align: center;\"><strong>Un tirage au sort pourrait \u00eatre envisag\u00e9 dans certains cas.<\/strong><\/p>\n","protected":false},"excerpt":{"rendered":"<p>N\u00e9 \u00e0 Barcelone en 1973 Jaime Calder\u00f3n d\u00e9bute sa formation artistique aupr\u00e8s du prestigieux illustrateur publicitaire Enric Paix\u00e0. Quelques ann\u00e9es plus tard, il est s\u00e9lectionn\u00e9 pour suivre une formation dans les studios d\u2019animation subventionn\u00e9s par la Generalitat de Catalu\u00f1a. Il optimise sa formation gr\u00e2ce aux cours particuliers avec le c\u00e9l\u00e8bre illustrateur espagnol L\u00f3pez Esp\u00ed. Entre [&hellip;]<\/p>\n","protected":false},"author":7,"featured_media":4799,"parent":4494,"menu_order":0,"comment_status":"closed","ping_status":"closed","template":"","meta":{"footnotes":""},"class_list":["post-4793","page","type-page","status-publish","has-post-thumbnail","hentry"],"jetpack_sharing_enabled":true,"_links":{"self":[{"href":"https:\/\/bdmiam.fr\/index.php\/wp-json\/wp\/v2\/pages\/4793","targetHints":{"allow":["GET"]}}],"collection":[{"href":"https:\/\/bdmiam.fr\/index.php\/wp-json\/wp\/v2\/pages"}],"about":[{"href":"https:\/\/bdmiam.fr\/index.php\/wp-json\/wp\/v2\/types\/page"}],"author":[{"embeddable":true,"href":"https:\/\/bdmiam.fr\/index.php\/wp-json\/wp\/v2\/users\/7"}],"replies":[{"embeddable":true,"href":"https:\/\/bdmiam.fr\/index.php\/wp-json\/wp\/v2\/comments?post=4793"}],"version-history":[{"count":0,"href":"https:\/\/bdmiam.fr\/index.php\/wp-json\/wp\/v2\/pages\/4793\/revisions"}],"up":[{"embeddable":true,"href":"https:\/\/bdmiam.fr\/index.php\/wp-json\/wp\/v2\/pages\/4494"}],"wp:featuredmedia":[{"embeddable":true,"href":"https:\/\/bdmiam.fr\/index.php\/wp-json\/wp\/v2\/media\/4799"}],"wp:attachment":[{"href":"https:\/\/bdmiam.fr\/index.php\/wp-json\/wp\/v2\/media?parent=4793"}],"curies":[{"name":"wp","href":"https:\/\/api.w.org\/{rel}","templated":true}]}}