{"id":4876,"date":"2018-05-27T15:44:32","date_gmt":"2018-05-27T14:44:32","guid":{"rendered":"http:\/\/bdmiam.fr\/?page_id=4876"},"modified":"2018-05-27T15:44:32","modified_gmt":"2018-05-27T14:44:32","slug":"nos-goodies-2","status":"publish","type":"page","link":"https:\/\/bdmiam.fr\/index.php\/nos-goodies-2\/","title":{"rendered":"NOS GOODIES"},"content":{"rendered":"<p style=\"text-align: center;\">Chaque ann\u00e9e, \u00e0 l&rsquo;occasion du festival Bd Miam, nous cr\u00e9ons des goodies propres \u00e0 l&rsquo;\u00e9dition en cours. Voici les <strong>exclusivit\u00e9s Bd Miam 2022 !<\/strong><\/p>\n<p style=\"text-align: center;\">Les <strong>\u00e9tiquettes de vin<\/strong> dessin\u00e9es par <strong>Jacques Lamontagne<\/strong>, parrain du festival :<\/p>\n<p style=\"text-align: center;\"><a href=\"https:\/\/i0.wp.com\/bdmiam.fr\/wp-content\/uploads\/2022\/06\/FB_IMG_1654631819062.jpg?ssl=1\"><img data-recalc-dims=\"1\" loading=\"lazy\" decoding=\"async\" src=\"https:\/\/i0.wp.com\/bdmiam.fr\/wp-content\/uploads\/2022\/06\/FB_IMG_1654631819062.jpg?resize=337%2C247&#038;ssl=1\" alt=\"\" class=\"alignnone  wp-image-5536\" width=\"337\" height=\"247\" \/><\/a> <a href=\"https:\/\/i0.wp.com\/bdmiam.fr\/wp-content\/uploads\/2022\/06\/FB_IMG_1654631823440.jpg?ssl=1\"><img data-recalc-dims=\"1\" loading=\"lazy\" decoding=\"async\" src=\"https:\/\/i0.wp.com\/bdmiam.fr\/wp-content\/uploads\/2022\/06\/FB_IMG_1654631823440.jpg?resize=329%2C241&#038;ssl=1\" alt=\"\" class=\"alignnone  wp-image-5537\" width=\"329\" height=\"241\" \/><\/a><\/p>\n<p style=\"text-align: center;\">Les <strong>\u00e9co-gobelets<\/strong> :<\/p>\n<p><a href=\"https:\/\/i0.wp.com\/bdmiam.fr\/wp-content\/uploads\/2022\/06\/FB_IMG_1654632322891.jpg?ssl=1\"><img data-recalc-dims=\"1\" loading=\"lazy\" decoding=\"async\" src=\"https:\/\/i0.wp.com\/bdmiam.fr\/wp-content\/uploads\/2022\/06\/FB_IMG_1654632322891.jpg?resize=225%2C300&#038;ssl=1\" alt=\"\" class=\"size-medium wp-image-5539 aligncenter\" width=\"225\" height=\"300\" \/><\/a> <a href=\"https:\/\/i0.wp.com\/bdmiam.fr\/wp-content\/uploads\/2022\/06\/FB_IMG_1654632330409.jpg?ssl=1\"><img data-recalc-dims=\"1\" loading=\"lazy\" decoding=\"async\" src=\"https:\/\/i0.wp.com\/bdmiam.fr\/wp-content\/uploads\/2022\/06\/FB_IMG_1654632330409.jpg?resize=225%2C300&#038;ssl=1\" alt=\"\" class=\"size-medium wp-image-5540 aligncenter\" width=\"225\" height=\"300\" \/><\/a><\/p>\n<p style=\"text-align: center;\">Les goodies des pr\u00e9c\u00e9dentes \u00e9ditions de Bd Miam sont disponibles \u00e0 chacune de nos manifestations !<\/p>\n<p style=\"text-align: center;\">Les <strong>badges<\/strong> :<\/p>\n<p><a href=\"https:\/\/i0.wp.com\/bdmiam.fr\/wp-content\/uploads\/2018\/05\/31543588_10156696847414869_4125844733857628160_n.jpg?ssl=1\"><img data-recalc-dims=\"1\" loading=\"lazy\" decoding=\"async\" src=\"https:\/\/i0.wp.com\/bdmiam.fr\/wp-content\/uploads\/2018\/05\/31543588_10156696847414869_4125844733857628160_n.jpg?resize=300%2C193&#038;ssl=1\" alt=\"\" class=\"size-medium wp-image-4895 aligncenter\" width=\"300\" height=\"193\" \/><\/a><\/p>\n<p style=\"text-align: center;\">Les <strong>\u00e9co-gobelets<\/strong> :<\/p>\n<p style=\"text-align: center;\"><a href=\"https:\/\/i0.wp.com\/bdmiam.fr\/wp-content\/uploads\/2018\/05\/18881834_1790328667660228_5283496918949760478_n.jpg?ssl=1\"><img data-recalc-dims=\"1\" loading=\"lazy\" decoding=\"async\" src=\"https:\/\/i0.wp.com\/bdmiam.fr\/wp-content\/uploads\/2018\/05\/18881834_1790328667660228_5283496918949760478_n.jpg?resize=248%2C186&#038;ssl=1\" alt=\"\" class=\"alignnone wp-image-4896\" width=\"248\" height=\"186\" \/><\/a><\/p>\n<p style=\"text-align: center;\"><a href=\"https:\/\/i0.wp.com\/bdmiam.fr\/wp-content\/uploads\/2018\/05\/11188312_10205347251033084_871564713277743121_n.jpg?ssl=1\"><img data-recalc-dims=\"1\" loading=\"lazy\" decoding=\"async\" src=\"https:\/\/i0.wp.com\/bdmiam.fr\/wp-content\/uploads\/2018\/05\/11188312_10205347251033084_871564713277743121_n.jpg?resize=204%2C272&#038;ssl=1\" alt=\"\" class=\"alignnone wp-image-4892\" width=\"204\" height=\"272\" \/><\/a><\/p>\n<p style=\"text-align: center;\">Les <strong>d\u00e9capsuleurs<\/strong> (pour avoir quelque chose \u00e0 mettre dans l&rsquo;\u00e9co-gobelet&#8230;) :<\/p>\n<p><a href=\"https:\/\/i0.wp.com\/bdmiam.fr\/wp-content\/uploads\/2018\/05\/18814342_10155534427539869_5194247274593903395_n.jpg?ssl=1\"><img data-recalc-dims=\"1\" loading=\"lazy\" decoding=\"async\" src=\"https:\/\/i0.wp.com\/bdmiam.fr\/wp-content\/uploads\/2018\/05\/18814342_10155534427539869_5194247274593903395_n.jpg?resize=225%2C300&#038;ssl=1\" alt=\"\" class=\"size-medium wp-image-4897 aligncenter\" width=\"225\" height=\"300\" \/><\/a><\/p>\n<p style=\"text-align: center;\">Les <a href=\"https:\/\/bdmiam.fr\/?page_id=4913&amp;preview=true\"><strong>\u00e9tiquettes de vin<\/strong><\/a> :<\/p>\n<p><a href=\"https:\/\/i0.wp.com\/bdmiam.fr\/wp-content\/uploads\/2018\/05\/thumbnail_WP_20180528_11_39_54_Pro2.jpg?ssl=1\"><img data-recalc-dims=\"1\" loading=\"lazy\" decoding=\"async\" src=\"https:\/\/i0.wp.com\/bdmiam.fr\/wp-content\/uploads\/2018\/05\/thumbnail_WP_20180528_11_39_54_Pro2.jpg?resize=300%2C254&#038;ssl=1\" alt=\"\" class=\"size-medium wp-image-4909 aligncenter\" width=\"300\" height=\"254\" \/><\/a><\/p>\n<p style=\"text-align: center;\">Des <strong>ex-libris de Jordi Lafebre<\/strong> :<\/p>\n<p><a href=\"https:\/\/i0.wp.com\/bdmiam.fr\/wp-content\/uploads\/2018\/05\/thumbnail_WP_20180528_11_35_24_Pro.jpg?ssl=1\"><img data-recalc-dims=\"1\" loading=\"lazy\" decoding=\"async\" src=\"https:\/\/i0.wp.com\/bdmiam.fr\/wp-content\/uploads\/2018\/05\/thumbnail_WP_20180528_11_35_24_Pro.jpg?resize=189%2C300&#038;ssl=1\" alt=\"\" class=\"size-medium wp-image-4910 aligncenter\" width=\"189\" height=\"300\" \/><\/a><\/p>\n<p style=\"text-align: center;\">Des <strong>ex-libris de Pierre-Denis Goux<\/strong> :<\/p>\n<p><a href=\"https:\/\/i0.wp.com\/bdmiam.fr\/wp-content\/uploads\/2018\/05\/thumbnail_WP_20180528_11_36_45_Pro.jpg?ssl=1\"><img data-recalc-dims=\"1\" loading=\"lazy\" decoding=\"async\" src=\"https:\/\/i0.wp.com\/bdmiam.fr\/wp-content\/uploads\/2018\/05\/thumbnail_WP_20180528_11_36_45_Pro.jpg?resize=300%2C275&#038;ssl=1\" alt=\"\" class=\"size-medium wp-image-4911 aligncenter\" width=\"300\" height=\"275\" \/><\/a><\/p>\n","protected":false},"excerpt":{"rendered":"<p>Chaque ann\u00e9e, \u00e0 l&rsquo;occasion du festival Bd Miam, nous cr\u00e9ons des goodies propres \u00e0 l&rsquo;\u00e9dition en cours. Voici les exclusivit\u00e9s Bd Miam 2022 ! Les \u00e9tiquettes de vin dessin\u00e9es par Jacques Lamontagne, parrain du festival : Les \u00e9co-gobelets : Les goodies des pr\u00e9c\u00e9dentes \u00e9ditions de Bd Miam sont disponibles \u00e0 chacune de nos manifestations ! [&hellip;]<\/p>\n","protected":false},"author":5,"featured_media":4900,"parent":0,"menu_order":0,"comment_status":"closed","ping_status":"closed","template":"","meta":{"footnotes":""},"class_list":["post-4876","page","type-page","status-publish","has-post-thumbnail","hentry"],"jetpack_sharing_enabled":true,"_links":{"self":[{"href":"https:\/\/bdmiam.fr\/index.php\/wp-json\/wp\/v2\/pages\/4876","targetHints":{"allow":["GET"]}}],"collection":[{"href":"https:\/\/bdmiam.fr\/index.php\/wp-json\/wp\/v2\/pages"}],"about":[{"href":"https:\/\/bdmiam.fr\/index.php\/wp-json\/wp\/v2\/types\/page"}],"author":[{"embeddable":true,"href":"https:\/\/bdmiam.fr\/index.php\/wp-json\/wp\/v2\/users\/5"}],"replies":[{"embeddable":true,"href":"https:\/\/bdmiam.fr\/index.php\/wp-json\/wp\/v2\/comments?post=4876"}],"version-history":[{"count":0,"href":"https:\/\/bdmiam.fr\/index.php\/wp-json\/wp\/v2\/pages\/4876\/revisions"}],"wp:featuredmedia":[{"embeddable":true,"href":"https:\/\/bdmiam.fr\/index.php\/wp-json\/wp\/v2\/media\/4900"}],"wp:attachment":[{"href":"https:\/\/bdmiam.fr\/index.php\/wp-json\/wp\/v2\/media?parent=4876"}],"curies":[{"name":"wp","href":"https:\/\/api.w.org\/{rel}","templated":true}]}}