{"id":4913,"date":"2018-05-29T20:16:42","date_gmt":"2018-05-29T19:16:42","guid":{"rendered":"http:\/\/bdmiam.fr\/?page_id=4913"},"modified":"2018-05-29T20:16:42","modified_gmt":"2018-05-29T19:16:42","slug":"les-etiquettes-de-vin","status":"publish","type":"page","link":"https:\/\/bdmiam.fr\/index.php\/nos-goodies-2\/les-etiquettes-de-vin\/","title":{"rendered":"Les \u00e9tiquettes de vin"},"content":{"rendered":"<p style=\"text-align: center;\">2017, \u00e9tiquettes illustr\u00e9es par <strong>Jordi Lafebre<\/strong> :<\/p>\n<p style=\"text-align: center;\"><a href=\"https:\/\/i0.wp.com\/bdmiam.fr\/wp-content\/uploads\/2018\/05\/thumbnail_WP_20180528_11_40_34_Pro.jpg?ssl=1\"><img data-recalc-dims=\"1\" loading=\"lazy\" decoding=\"async\" src=\"https:\/\/i0.wp.com\/bdmiam.fr\/wp-content\/uploads\/2018\/05\/thumbnail_WP_20180528_11_40_34_Pro.jpg?resize=89%2C300&#038;ssl=1\" alt=\"\" class=\"alignnone size-medium wp-image-4908\" height=\"300\" width=\"89\" \/><\/a> <a href=\"https:\/\/i0.wp.com\/bdmiam.fr\/wp-content\/uploads\/2018\/05\/thumbnail_WP_20180528_11_40_17_Pro.jpg?ssl=1\"><img data-recalc-dims=\"1\" loading=\"lazy\" decoding=\"async\" src=\"https:\/\/i0.wp.com\/bdmiam.fr\/wp-content\/uploads\/2018\/05\/thumbnail_WP_20180528_11_40_17_Pro.jpg?resize=105%2C300&#038;ssl=1\" alt=\"\" class=\"alignnone size-medium wp-image-4907\" height=\"300\" width=\"105\" \/><\/a><\/p>\n<p>&nbsp;<\/p>\n<p style=\"text-align: center;\">2016, \u00e9tiquettes illustr\u00e9es par <strong>Pierre-Denis Goux<\/strong> :<\/p>\n<p style=\"text-align: center;\"><a href=\"https:\/\/i0.wp.com\/bdmiam.fr\/wp-content\/uploads\/2018\/05\/thumbnail_WP_20180528_11_39_17_Pro.jpg?ssl=1\"><img data-recalc-dims=\"1\" loading=\"lazy\" decoding=\"async\" src=\"https:\/\/i0.wp.com\/bdmiam.fr\/wp-content\/uploads\/2018\/05\/thumbnail_WP_20180528_11_39_17_Pro.jpg?resize=146%2C300&#038;ssl=1\" alt=\"\" class=\"alignnone size-medium wp-image-4914\" height=\"300\" width=\"146\" \/><\/a> <a href=\"https:\/\/i0.wp.com\/bdmiam.fr\/wp-content\/uploads\/2018\/05\/thumbnail_WP_20180528_11_39_24_Pro.jpg?ssl=1\"><img data-recalc-dims=\"1\" loading=\"lazy\" decoding=\"async\" src=\"https:\/\/i0.wp.com\/bdmiam.fr\/wp-content\/uploads\/2018\/05\/thumbnail_WP_20180528_11_39_24_Pro.jpg?resize=148%2C300&#038;ssl=1\" alt=\"\" class=\"alignnone size-medium wp-image-4915\" height=\"300\" width=\"148\" \/><\/a><\/p>\n<p>&nbsp;<\/p>\n<p style=\"text-align: center;\">2015, \u00e9tiquettes illustr\u00e9es par <strong>Djief<\/strong> :<\/p>\n<p style=\"text-align: center;\"><a href=\"https:\/\/i0.wp.com\/bdmiam.fr\/wp-content\/uploads\/2018\/05\/thumbnail_WP_20180528_11_39_50_Pro.jpg?ssl=1\"><img data-recalc-dims=\"1\" loading=\"lazy\" decoding=\"async\" src=\"https:\/\/i0.wp.com\/bdmiam.fr\/wp-content\/uploads\/2018\/05\/thumbnail_WP_20180528_11_39_50_Pro.jpg?resize=121%2C300&#038;ssl=1\" alt=\"\" class=\"alignnone size-medium wp-image-4916\" height=\"300\" width=\"121\" \/><\/a> <a href=\"https:\/\/i0.wp.com\/bdmiam.fr\/wp-content\/uploads\/2018\/05\/thumbnail_WP_20180528_11_39_54_Pro.jpg?ssl=1\"><img data-recalc-dims=\"1\" loading=\"lazy\" decoding=\"async\" src=\"https:\/\/i0.wp.com\/bdmiam.fr\/wp-content\/uploads\/2018\/05\/thumbnail_WP_20180528_11_39_54_Pro.jpg?resize=121%2C300&#038;ssl=1\" alt=\"\" class=\"alignnone size-medium wp-image-4917\" height=\"300\" width=\"121\" \/><\/a><\/p>\n<p>&nbsp;<\/p>\n<p>&nbsp;<\/p>\n","protected":false},"excerpt":{"rendered":"<p>2017, \u00e9tiquettes illustr\u00e9es par Jordi Lafebre : &nbsp; 2016, \u00e9tiquettes illustr\u00e9es par Pierre-Denis Goux : &nbsp; 2015, \u00e9tiquettes illustr\u00e9es par Djief : &nbsp; &nbsp;<\/p>\n","protected":false},"author":7,"featured_media":4909,"parent":4876,"menu_order":0,"comment_status":"closed","ping_status":"closed","template":"","meta":{"footnotes":""},"class_list":["post-4913","page","type-page","status-publish","has-post-thumbnail","hentry"],"jetpack_sharing_enabled":true,"_links":{"self":[{"href":"https:\/\/bdmiam.fr\/index.php\/wp-json\/wp\/v2\/pages\/4913","targetHints":{"allow":["GET"]}}],"collection":[{"href":"https:\/\/bdmiam.fr\/index.php\/wp-json\/wp\/v2\/pages"}],"about":[{"href":"https:\/\/bdmiam.fr\/index.php\/wp-json\/wp\/v2\/types\/page"}],"author":[{"embeddable":true,"href":"https:\/\/bdmiam.fr\/index.php\/wp-json\/wp\/v2\/users\/7"}],"replies":[{"embeddable":true,"href":"https:\/\/bdmiam.fr\/index.php\/wp-json\/wp\/v2\/comments?post=4913"}],"version-history":[{"count":0,"href":"https:\/\/bdmiam.fr\/index.php\/wp-json\/wp\/v2\/pages\/4913\/revisions"}],"up":[{"embeddable":true,"href":"https:\/\/bdmiam.fr\/index.php\/wp-json\/wp\/v2\/pages\/4876"}],"wp:featuredmedia":[{"embeddable":true,"href":"https:\/\/bdmiam.fr\/index.php\/wp-json\/wp\/v2\/media\/4909"}],"wp:attachment":[{"href":"https:\/\/bdmiam.fr\/index.php\/wp-json\/wp\/v2\/media?parent=4913"}],"curies":[{"name":"wp","href":"https:\/\/api.w.org\/{rel}","templated":true}]}}