{"id":5078,"date":"2019-05-05T10:18:13","date_gmt":"2019-05-05T09:18:13","guid":{"rendered":"http:\/\/bdmiam.fr\/?page_id=5078"},"modified":"2019-05-05T10:18:13","modified_gmt":"2019-05-05T09:18:13","slug":"benjamin-blasco-martinez","status":"publish","type":"page","link":"https:\/\/bdmiam.fr\/index.php\/nos-artistes\/benjamin-blasco-martinez\/","title":{"rendered":"Benjamin Blasco-Martinez"},"content":{"rendered":"\n<div class=\"wp-block-image\"><figure class=\"aligncenter is-resized\"><img data-recalc-dims=\"1\" loading=\"lazy\" decoding=\"async\" src=\"https:\/\/i0.wp.com\/bdmiam.fr\/wp-content\/uploads\/2019\/05\/B-Blasco-Martinez.jpg?resize=221%2C221&#038;ssl=1\" alt=\"\" class=\"wp-image-5079\" width=\"221\" height=\"221\"\/><\/figure><\/div>\n\n\n\n<p style=\"text-align:center\">N\u00e9 en 1990 \u00e0 Montlu\u00e7on, <strong>Benjamin Blasco-Martinez<\/strong> est originaire de  Moulins ( 03) . Bac L en poche, il int\u00e8gre l\u2019\u00e9cole \u00c9mile Cohl \u00e0 Lyon  dont il sort dipl\u00f4m\u00e9 en juin 2014. Passionn\u00e9 de western il rencontre la  fille d\u2019Albert Bonneau pour adapter <strong>la jeunesse de Catamount<\/strong>. C\u2019est  cette adaptation qu\u2019il pr\u00e9sente au jury de son \u00e9cole\u2026 et que rep\u00e8re  Olivier Petit, directeur \u00e9ditorial de Physalis. L\u2019aventure en BD  commence. <\/p>\n\n\n\n<p><\/p>\n\n\n\n<ul class=\"wp-block-gallery columns-2 is-cropped wp-block-gallery-1 is-layout-flex wp-block-gallery-is-layout-flex\"><li class=\"blocks-gallery-item\"><figure><img data-recalc-dims=\"1\" decoding=\"async\" src=\"https:\/\/i0.wp.com\/bdmiam.fr\/wp-content\/uploads\/2019\/05\/Couv_242528-1.jpg?ssl=1\" alt=\"\" data-id=\"5082\" data-link=\"https:\/\/bdmiam.fr\/?attachment_id=5082\" class=\"wp-image-5082\"\/><\/figure><\/li><li class=\"blocks-gallery-item\"><figure><img data-recalc-dims=\"1\" decoding=\"async\" src=\"https:\/\/i0.wp.com\/bdmiam.fr\/wp-content\/uploads\/2019\/05\/Couv_362815-1.jpg?ssl=1\" alt=\"\" data-id=\"5083\" data-link=\"https:\/\/bdmiam.fr\/?attachment_id=5083\" class=\"wp-image-5083\"\/><\/figure><\/li><\/ul>\n\n\n\n<p style=\"text-align:center\">Source : <a href=\"https:\/\/www.bedetheque.com\/auteur-39569-BD-Blasco-Martinez-Benjamin.html\" target=\"_blank\" rel=\"noreferrer noopener\" aria-label=\"B\u00e9d\u00e9th\u00e8que (s\u2019ouvre dans un nouvel onglet)\">B\u00e9d\u00e9th\u00e8que<\/a><\/p>\n","protected":false},"excerpt":{"rendered":"<p>N\u00e9 en 1990 \u00e0 Montlu\u00e7on, Benjamin Blasco-Martinez est originaire de Moulins ( 03) . Bac L en poche, il int\u00e8gre l\u2019\u00e9cole \u00c9mile Cohl \u00e0 Lyon dont il sort dipl\u00f4m\u00e9 en juin 2014. Passionn\u00e9 de western il rencontre la fille d\u2019Albert Bonneau pour adapter la jeunesse de Catamount. C\u2019est cette adaptation qu\u2019il pr\u00e9sente au jury de [&hellip;]<\/p>\n","protected":false},"author":7,"featured_media":5081,"parent":4494,"menu_order":0,"comment_status":"closed","ping_status":"closed","template":"","meta":{"footnotes":""},"class_list":["post-5078","page","type-page","status-publish","has-post-thumbnail","hentry"],"jetpack_sharing_enabled":true,"_links":{"self":[{"href":"https:\/\/bdmiam.fr\/index.php\/wp-json\/wp\/v2\/pages\/5078","targetHints":{"allow":["GET"]}}],"collection":[{"href":"https:\/\/bdmiam.fr\/index.php\/wp-json\/wp\/v2\/pages"}],"about":[{"href":"https:\/\/bdmiam.fr\/index.php\/wp-json\/wp\/v2\/types\/page"}],"author":[{"embeddable":true,"href":"https:\/\/bdmiam.fr\/index.php\/wp-json\/wp\/v2\/users\/7"}],"replies":[{"embeddable":true,"href":"https:\/\/bdmiam.fr\/index.php\/wp-json\/wp\/v2\/comments?post=5078"}],"version-history":[{"count":0,"href":"https:\/\/bdmiam.fr\/index.php\/wp-json\/wp\/v2\/pages\/5078\/revisions"}],"up":[{"embeddable":true,"href":"https:\/\/bdmiam.fr\/index.php\/wp-json\/wp\/v2\/pages\/4494"}],"wp:featuredmedia":[{"embeddable":true,"href":"https:\/\/bdmiam.fr\/index.php\/wp-json\/wp\/v2\/media\/5081"}],"wp:attachment":[{"href":"https:\/\/bdmiam.fr\/index.php\/wp-json\/wp\/v2\/media?parent=5078"}],"curies":[{"name":"wp","href":"https:\/\/api.w.org\/{rel}","templated":true}]}}