{"id":5093,"date":"2019-05-05T10:53:20","date_gmt":"2019-05-05T09:53:20","guid":{"rendered":"http:\/\/bdmiam.fr\/?page_id=5093"},"modified":"2024-05-11T09:35:14","modified_gmt":"2024-05-11T07:35:14","slug":"cyrille-pomes","status":"publish","type":"page","link":"https:\/\/bdmiam.fr\/index.php\/festival-2024\/cyrille-pomes\/","title":{"rendered":"Cyrille Pom\u00e8s"},"content":{"rendered":"\n<figure class=\"wp-block-image aligncenter is-resized\"><img data-recalc-dims=\"1\" decoding=\"async\" src=\"https:\/\/i0.wp.com\/bdmiam.fr\/wp-content\/uploads\/2019\/05\/C-Pomes.jpg?ssl=1\" alt=\"\" class=\"wp-image-5094\" style=\"width:273px;height:273px\"\/><\/figure>\n\n\n\n<p class=\"has-text-align-center\"><strong> Cyrille Pom\u00e8s<\/strong> est dipl\u00f4m\u00e9 de l&rsquo;E.E.S.I d&rsquo;Angoul\u00eame en 2003. Depuis il a  publi\u00e9 cinq albums de BD, dont \u00ab \u00c0 la lettre pr\u00e9s \u00bb chez Albin Michel en  2005, \u00ab Chemins de fer \u00bb en 2009, \u00ab Sorties de route \u00bb en 2011, et  enfin \u00ab Le Printemps des arabes \u00bb et \u201cLa dame de Damas\u201d, en  collaboration avec Jean-Pierre Filiu, aux \u00e9ditions Futuropolis en 2013  et 2015. Il travaille r\u00e9guli\u00e8rement en tant que reporter BD pour la  Revue Dessin\u00e9e, Arte et Amnesty International. Il r\u00e9alise de nombreuses participations \u00e0 des albums collectifs et r\u00e9pond \u00e0 des commandes pour l&rsquo;illustration et l&rsquo;animation. Il travaille \u00e9galement sous forme de carnets, r\u00e9alis\u00e9s lors de plusieurs voyages en Asie et au Moyen Orient.<\/p>\n\n\n\n<p>            <\/p>\n\n\n\n<p class=\"has-text-align-center\">Achat sur place obligatoire<\/p>\n\n\n\n<p>                   <\/p>\n\n\n\n<figure class=\"wp-block-image aligncenter size-large\"><img data-recalc-dims=\"1\" loading=\"lazy\" decoding=\"async\" width=\"772\" height=\"1024\" src=\"https:\/\/i0.wp.com\/bdmiam.fr\/wp-content\/uploads\/2024\/05\/4094_couv.jpg?resize=772%2C1024&#038;ssl=1\" alt=\"\" class=\"wp-image-6656\" srcset=\"https:\/\/i0.wp.com\/bdmiam.fr\/wp-content\/uploads\/2024\/05\/4094_couv.jpg?resize=772%2C1024&amp;ssl=1 772w, https:\/\/i0.wp.com\/bdmiam.fr\/wp-content\/uploads\/2024\/05\/4094_couv.jpg?resize=226%2C300&amp;ssl=1 226w, https:\/\/i0.wp.com\/bdmiam.fr\/wp-content\/uploads\/2024\/05\/4094_couv.jpg?resize=768%2C1019&amp;ssl=1 768w, https:\/\/i0.wp.com\/bdmiam.fr\/wp-content\/uploads\/2024\/05\/4094_couv.jpg?w=896&amp;ssl=1 896w\" sizes=\"auto, (max-width: 772px) 100vw, 772px\" \/><\/figure>\n\n\n\n<p class=\"has-text-align-center\">Source : <a href=\"https:\/\/www.bedetheque.com\/auteur-10046-BD-Pomes-Cyrille.html\" target=\"_blank\" rel=\"noreferrer noopener\" aria-label=\"B\u00e9d\u00e9th\u00e8que (s\u2019ouvre dans un nouvel onglet)\">B\u00e9d\u00e9th\u00e8que<\/a><\/p>\n","protected":false},"excerpt":{"rendered":"<p>Cyrille Pom\u00e8s est dipl\u00f4m\u00e9 de l&rsquo;E.E.S.I d&rsquo;Angoul\u00eame en 2003. Depuis il a publi\u00e9 cinq albums de BD, dont \u00ab \u00c0 la lettre pr\u00e9s \u00bb chez Albin Michel en 2005, \u00ab Chemins de fer \u00bb en 2009, \u00ab Sorties de route \u00bb en 2011, et enfin \u00ab Le Printemps des arabes \u00bb et \u201cLa dame de [&hellip;]<\/p>\n","protected":false},"author":7,"featured_media":6655,"parent":6448,"menu_order":0,"comment_status":"closed","ping_status":"closed","template":"","meta":{"footnotes":""},"class_list":["post-5093","page","type-page","status-publish","has-post-thumbnail","hentry"],"jetpack_sharing_enabled":true,"_links":{"self":[{"href":"https:\/\/bdmiam.fr\/index.php\/wp-json\/wp\/v2\/pages\/5093","targetHints":{"allow":["GET"]}}],"collection":[{"href":"https:\/\/bdmiam.fr\/index.php\/wp-json\/wp\/v2\/pages"}],"about":[{"href":"https:\/\/bdmiam.fr\/index.php\/wp-json\/wp\/v2\/types\/page"}],"author":[{"embeddable":true,"href":"https:\/\/bdmiam.fr\/index.php\/wp-json\/wp\/v2\/users\/7"}],"replies":[{"embeddable":true,"href":"https:\/\/bdmiam.fr\/index.php\/wp-json\/wp\/v2\/comments?post=5093"}],"version-history":[{"count":3,"href":"https:\/\/bdmiam.fr\/index.php\/wp-json\/wp\/v2\/pages\/5093\/revisions"}],"predecessor-version":[{"id":6654,"href":"https:\/\/bdmiam.fr\/index.php\/wp-json\/wp\/v2\/pages\/5093\/revisions\/6654"}],"up":[{"embeddable":true,"href":"https:\/\/bdmiam.fr\/index.php\/wp-json\/wp\/v2\/pages\/6448"}],"wp:featuredmedia":[{"embeddable":true,"href":"https:\/\/bdmiam.fr\/index.php\/wp-json\/wp\/v2\/media\/6655"}],"wp:attachment":[{"href":"https:\/\/bdmiam.fr\/index.php\/wp-json\/wp\/v2\/media?parent=5093"}],"curies":[{"name":"wp","href":"https:\/\/api.w.org\/{rel}","templated":true}]}}