{"id":5099,"date":"2019-05-05T11:03:35","date_gmt":"2019-05-05T10:03:35","guid":{"rendered":"http:\/\/bdmiam.fr\/?page_id=5099"},"modified":"2019-05-05T11:03:35","modified_gmt":"2019-05-05T10:03:35","slug":"nesmo","status":"publish","type":"page","link":"https:\/\/bdmiam.fr\/index.php\/nos-artistes\/nesmo\/","title":{"rendered":"Nesmo"},"content":{"rendered":"\n<div class=\"wp-block-image\"><figure class=\"aligncenter is-resized\"><img data-recalc-dims=\"1\" loading=\"lazy\" decoding=\"async\" src=\"https:\/\/i0.wp.com\/bdmiam.fr\/wp-content\/uploads\/2019\/05\/Nesmo.jpg?resize=294%2C294&#038;ssl=1\" alt=\"\" class=\"wp-image-5100\" width=\"294\" height=\"294\"\/><\/figure><\/div>\n\n\n\n<p style=\"text-align:center\"><em> \u00ab\u00a0Jeune homme bien sous tous rapports, aimant les airs joyeux et  entra\u00eenants de Marilyn Manson ainsi que l&rsquo;atmosph\u00e8re acidul\u00e9e et barr\u00e9e  des films de Tim Burton, cherche lecteurs fanatiques et d\u00e9pensiers en  vue d&rsquo;achats compulsifs de toutes ses publications.\u00a0\u00bb<\/em> <\/p>\n\n\n\n<p style=\"text-align:center\"><strong>Nesmo<\/strong>, de son vrai nom Alexandre Nesme, nait en 1978 \u00e0 Berlin. Il  commence sa carri\u00e8re dans la bande dessin\u00e9e en 2003 en publiant une  histoire courte \u00e9crite par Roger Seiter publi\u00e9e dans <em>Metal Hurlant<\/em>. De sa rencontre avec Jean-David Morvan naitra <em>Ronces<\/em>,  une s\u00e9rie publi\u00e9e aux Humano\u00efdes associ\u00e9s dont le premier tome para\u00eet  en 2005, pour lequel il obtient le prix de la ville de S\u00e9rignan. Le duo  r\u00e9cidive avec la s\u00e9rie Univerne, commenc\u00e9e en 2011 chez Soleil. <\/p>\n\n\n\n<p style=\"text-align:center\">En 2018 para\u00eet le premier tome de la s\u00e9rie <strong>M\u00e9to<\/strong>, avec au sc\u00e9nario <strong>Lylian<\/strong>.<\/p>\n\n\n\n<ul class=\"wp-block-gallery columns-2 is-cropped wp-block-gallery-1 is-layout-flex wp-block-gallery-is-layout-flex\"><li class=\"blocks-gallery-item\"><figure><img data-recalc-dims=\"1\" decoding=\"async\" src=\"https:\/\/i0.wp.com\/bdmiam.fr\/wp-content\/uploads\/2019\/05\/Couv_333629.jpg?ssl=1\" alt=\"\" data-id=\"5101\" data-link=\"https:\/\/bdmiam.fr\/?attachment_id=5101\" class=\"wp-image-5101\"\/><\/figure><\/li><li class=\"blocks-gallery-item\"><figure><img data-recalc-dims=\"1\" decoding=\"async\" src=\"https:\/\/i0.wp.com\/bdmiam.fr\/wp-content\/uploads\/2019\/05\/Couv_363102.jpg?ssl=1\" alt=\"\" data-id=\"5102\" data-link=\"https:\/\/bdmiam.fr\/?attachment_id=5102\" class=\"wp-image-5102\"\/><\/figure><\/li><\/ul>\n\n\n\n<p style=\"text-align:center\">Sources : <a rel=\"noreferrer noopener\" aria-label=\"Gl\u00e9nat  (s\u2019ouvre dans un nouvel onglet)\" href=\"https:\/\/www.glenat.com\/auteurs\/nesmo\" target=\"_blank\">Gl\u00e9nat <\/a>; <a rel=\"noreferrer noopener\" aria-label=\"B\u00e9d\u00e9th\u00e8que (s\u2019ouvre dans un nouvel onglet)\" href=\"https:\/\/www.bedetheque.com\/auteur-11457-BD-Nesmo.html\" target=\"_blank\">B\u00e9d\u00e9th\u00e8que<\/a>.<\/p>\n\n\n\n<p><br><br><br><strong>Infos festival 2019 :<\/strong><br>Nesmo d\u00e9dicacera <strong>uniquement la s\u00e9rie <\/strong><em><strong>M\u00e9to<\/strong><\/em>.<br><\/p>\n","protected":false},"excerpt":{"rendered":"<p>\u00ab\u00a0Jeune homme bien sous tous rapports, aimant les airs joyeux et entra\u00eenants de Marilyn Manson ainsi que l&rsquo;atmosph\u00e8re acidul\u00e9e et barr\u00e9e des films de Tim Burton, cherche lecteurs fanatiques et d\u00e9pensiers en vue d&rsquo;achats compulsifs de toutes ses publications.\u00a0\u00bb Nesmo, de son vrai nom Alexandre Nesme, nait en 1978 \u00e0 Berlin. Il commence sa carri\u00e8re [&hellip;]<\/p>\n","protected":false},"author":7,"featured_media":5102,"parent":4494,"menu_order":0,"comment_status":"closed","ping_status":"closed","template":"","meta":{"footnotes":""},"class_list":["post-5099","page","type-page","status-publish","has-post-thumbnail","hentry"],"jetpack_sharing_enabled":true,"_links":{"self":[{"href":"https:\/\/bdmiam.fr\/index.php\/wp-json\/wp\/v2\/pages\/5099","targetHints":{"allow":["GET"]}}],"collection":[{"href":"https:\/\/bdmiam.fr\/index.php\/wp-json\/wp\/v2\/pages"}],"about":[{"href":"https:\/\/bdmiam.fr\/index.php\/wp-json\/wp\/v2\/types\/page"}],"author":[{"embeddable":true,"href":"https:\/\/bdmiam.fr\/index.php\/wp-json\/wp\/v2\/users\/7"}],"replies":[{"embeddable":true,"href":"https:\/\/bdmiam.fr\/index.php\/wp-json\/wp\/v2\/comments?post=5099"}],"version-history":[{"count":0,"href":"https:\/\/bdmiam.fr\/index.php\/wp-json\/wp\/v2\/pages\/5099\/revisions"}],"up":[{"embeddable":true,"href":"https:\/\/bdmiam.fr\/index.php\/wp-json\/wp\/v2\/pages\/4494"}],"wp:featuredmedia":[{"embeddable":true,"href":"https:\/\/bdmiam.fr\/index.php\/wp-json\/wp\/v2\/media\/5102"}],"wp:attachment":[{"href":"https:\/\/bdmiam.fr\/index.php\/wp-json\/wp\/v2\/media?parent=5099"}],"curies":[{"name":"wp","href":"https:\/\/api.w.org\/{rel}","templated":true}]}}