{"id":5112,"date":"2019-05-05T11:16:33","date_gmt":"2019-05-05T10:16:33","guid":{"rendered":"http:\/\/bdmiam.fr\/?page_id=5112"},"modified":"2019-05-05T11:16:33","modified_gmt":"2019-05-05T10:16:33","slug":"florent-grouazel","status":"publish","type":"page","link":"https:\/\/bdmiam.fr\/index.php\/nos-artistes\/florent-grouazel\/","title":{"rendered":"Florent Grouazel"},"content":{"rendered":"\n<div class=\"wp-block-image\"><figure class=\"aligncenter\"><img data-recalc-dims=\"1\" decoding=\"async\" src=\"https:\/\/i0.wp.com\/bdmiam.fr\/wp-content\/uploads\/2019\/05\/F-Grouazel.jpg?ssl=1\" alt=\"\" class=\"wp-image-5113\"\/><\/figure><\/div>\n\n\n\n<p style=\"text-align:center\"> Florent Grouazel est n\u00e9  en 1987 \u00e0 Lorient. Apr\u00e8s des \u00e9tudes de bandes  dessin\u00e9es \u00e0 l&rsquo;Institut Saint-Luc de Bruxelles, il entreprend plusieurs  voyages (Nouvelle-Cal\u00e9donie, Japon) qui nourrissent depuis ses r\u00e9cits. <\/p>\n\n\n\n<p style=\"text-align:center\">En 2019 est paru chez Acte Sud \u00ab\u00a0<em>Libert\u00e9\u00a0\u00bb<\/em>, le premier volume de la s\u00e9rie <strong>R\u00e9volution<\/strong> qu&rsquo;il signe avec <strong>Younn Locard<\/strong><\/p>\n\n\n\n<div class=\"wp-block-image\"><figure class=\"aligncenter is-resized\"><img data-recalc-dims=\"1\" loading=\"lazy\" decoding=\"async\" src=\"https:\/\/i0.wp.com\/bdmiam.fr\/wp-content\/uploads\/2019\/05\/Couv_356560.jpg?resize=278%2C362&#038;ssl=1\" alt=\"\" class=\"wp-image-5114\" width=\"278\" height=\"362\"\/><\/figure><\/div>\n\n\n\n<p style=\"text-align:center\">Source : <a href=\"https:\/\/www.bedetheque.com\/auteur-29894-BD-Grouazel-Florent.html\" target=\"_blank\" rel=\"noreferrer noopener\" aria-label=\"B\u00e9d\u00e9th\u00e8que (s\u2019ouvre dans un nouvel onglet)\">B\u00e9d\u00e9th\u00e8que<\/a><\/p>\n","protected":false},"excerpt":{"rendered":"<p>Florent Grouazel est n\u00e9 en 1987 \u00e0 Lorient. Apr\u00e8s des \u00e9tudes de bandes dessin\u00e9es \u00e0 l&rsquo;Institut Saint-Luc de Bruxelles, il entreprend plusieurs voyages (Nouvelle-Cal\u00e9donie, Japon) qui nourrissent depuis ses r\u00e9cits. En 2019 est paru chez Acte Sud \u00ab\u00a0Libert\u00e9\u00a0\u00bb, le premier volume de la s\u00e9rie R\u00e9volution qu&rsquo;il signe avec Younn Locard Source : B\u00e9d\u00e9th\u00e8que<\/p>\n","protected":false},"author":7,"featured_media":5114,"parent":4494,"menu_order":0,"comment_status":"closed","ping_status":"closed","template":"","meta":{"footnotes":""},"class_list":["post-5112","page","type-page","status-publish","has-post-thumbnail","hentry"],"jetpack_sharing_enabled":true,"_links":{"self":[{"href":"https:\/\/bdmiam.fr\/index.php\/wp-json\/wp\/v2\/pages\/5112","targetHints":{"allow":["GET"]}}],"collection":[{"href":"https:\/\/bdmiam.fr\/index.php\/wp-json\/wp\/v2\/pages"}],"about":[{"href":"https:\/\/bdmiam.fr\/index.php\/wp-json\/wp\/v2\/types\/page"}],"author":[{"embeddable":true,"href":"https:\/\/bdmiam.fr\/index.php\/wp-json\/wp\/v2\/users\/7"}],"replies":[{"embeddable":true,"href":"https:\/\/bdmiam.fr\/index.php\/wp-json\/wp\/v2\/comments?post=5112"}],"version-history":[{"count":0,"href":"https:\/\/bdmiam.fr\/index.php\/wp-json\/wp\/v2\/pages\/5112\/revisions"}],"up":[{"embeddable":true,"href":"https:\/\/bdmiam.fr\/index.php\/wp-json\/wp\/v2\/pages\/4494"}],"wp:featuredmedia":[{"embeddable":true,"href":"https:\/\/bdmiam.fr\/index.php\/wp-json\/wp\/v2\/media\/5114"}],"wp:attachment":[{"href":"https:\/\/bdmiam.fr\/index.php\/wp-json\/wp\/v2\/media?parent=5112"}],"curies":[{"name":"wp","href":"https:\/\/api.w.org\/{rel}","templated":true}]}}