{"id":5119,"date":"2019-05-05T11:33:29","date_gmt":"2019-05-05T10:33:29","guid":{"rendered":"http:\/\/bdmiam.fr\/?page_id=5119"},"modified":"2019-05-05T11:33:29","modified_gmt":"2019-05-05T10:33:29","slug":"christophe-cazenove","status":"publish","type":"page","link":"https:\/\/bdmiam.fr\/index.php\/nos-artistes\/christophe-cazenove\/","title":{"rendered":"Christophe Cazenove"},"content":{"rendered":"\n<div class=\"wp-block-image\"><figure class=\"aligncenter is-resized\"><img data-recalc-dims=\"1\" loading=\"lazy\" decoding=\"async\" src=\"https:\/\/i0.wp.com\/bdmiam.fr\/wp-content\/uploads\/2019\/05\/cazenoce.jpg?resize=237%2C280&#038;ssl=1\" alt=\"\" class=\"wp-image-5120\" width=\"237\" height=\"280\"\/><\/figure><\/div>\n\n\n\n<p style=\"text-align:center\"><em>\u00ab\u00a0Comme tous les gamins, je  r\u00eavais de devenir pompier, p\u00e2tissier-cascadeur ou plongeur-routier (en  fonction des films que je voyais) ou bien encore auteur de BD, sans trop  savoir si cela \u00e9tait vraiment un m\u00e9tier. C&rsquo;est en r\u00e9pondant \u00e0 une de  mes lettres de fan adorateur que <strong>Greg<\/strong> (ben oui, LE Greg) m&rsquo;a donn\u00e9  l&rsquo;envie de faire moi aussi des petits miquets. D&rsquo;ailleurs son courrier,  constitu\u00e9 d&rsquo;un dessin personnalis\u00e9 et d&rsquo;un poster tr\u00f4ne toujours sur le  mur de mon bureau. Apr\u00e8s des dizaines de planches durant lesquelles je  me prenais pour un dessinateur, (avec des s\u00e9ries h\u00e9las toujours inconnue  comme Helmos l&rsquo;escargot, Bickey Bouse ou Jonhatan McTartell) il m&rsquo;est  apparu comme une \u00e9vidence que j&rsquo;aurai beaucoup plus de chance dans ma  profession r\u00eav\u00e9e en tant que sc\u00e9nariste, et c&rsquo;est ainsi que j&rsquo;ai pu  gr\u00e2ce \u00e0 Bamboo gagner les rangs de dessinateur frustr\u00e9&#8230; heu pardon, de  sc\u00e9nariste de bande dessin\u00e9e. Je crois que si j&rsquo;ai \u00e9crit Nostra, c&rsquo;est  parce qu&rsquo;une voyante m&rsquo;avait pr\u00e9dit alors que j&rsquo;allais sur mes douze  ans, que je serai le leader d&rsquo;un groupe de rap. J&rsquo;ai lutt\u00e9 tr\u00e8s dur  contre cette mal\u00e9diction annonc\u00e9e, et \u00e9crire une s\u00e9rie sur la voyance  m&rsquo;a permis d&rsquo;exorciser tous ces d\u00e9mons cach\u00e9s, yo ! Ma BD de chevet ?  &#8230;Chick Bill !!\u00a0\u00bb<\/em><\/p>\n\n\n\n<div class=\"wp-block-image\"><figure class=\"aligncenter is-resized\"><img data-recalc-dims=\"1\" loading=\"lazy\" decoding=\"async\" src=\"https:\/\/i0.wp.com\/bdmiam.fr\/wp-content\/uploads\/2019\/05\/Couv_346510.jpg?resize=280%2C374&#038;ssl=1\" alt=\"\" class=\"wp-image-5124\" width=\"280\" height=\"374\"\/><\/figure><\/div>\n\n\n\n<ul class=\"wp-block-gallery columns-3 is-cropped wp-block-gallery-1 is-layout-flex wp-block-gallery-is-layout-flex\"><li class=\"blocks-gallery-item\"><figure><img data-recalc-dims=\"1\" decoding=\"async\" src=\"https:\/\/i0.wp.com\/bdmiam.fr\/wp-content\/uploads\/2019\/05\/Couv_361259.jpg?ssl=1\" alt=\"\" data-id=\"5121\" data-link=\"https:\/\/bdmiam.fr\/?attachment_id=5121\" class=\"wp-image-5121\"\/><\/figure><\/li><li class=\"blocks-gallery-item\"><figure><img data-recalc-dims=\"1\" decoding=\"async\" src=\"https:\/\/i0.wp.com\/bdmiam.fr\/wp-content\/uploads\/2019\/05\/Couv_365290.jpg?ssl=1\" alt=\"\" data-id=\"5122\" data-link=\"https:\/\/bdmiam.fr\/?attachment_id=5122\" class=\"wp-image-5122\"\/><\/figure><\/li><li class=\"blocks-gallery-item\"><figure><img data-recalc-dims=\"1\" decoding=\"async\" src=\"https:\/\/i0.wp.com\/bdmiam.fr\/wp-content\/uploads\/2019\/05\/Couv_365672.jpg?ssl=1\" alt=\"\" data-id=\"5123\" data-link=\"https:\/\/bdmiam.fr\/?attachment_id=5123\" class=\"wp-image-5123\"\/><\/figure><\/li><\/ul>\n\n\n\n<p style=\"text-align:center\">Source : <a rel=\"noreferrer noopener\" aria-label=\"B\u00e9d\u00e9th\u00e8que (s\u2019ouvre dans un nouvel onglet)\" href=\"https:\/\/www.bedetheque.com\/auteur-6502-BD-Cazenove-Christophe.html\" target=\"_blank\">B\u00e9d\u00e9th\u00e8que<\/a><\/p>\n\n\n\n<p><br><br><strong>Infos festival 2019 :<\/strong><br>Christophe Cazenove sera absent du festival le samedi matin.<br><\/p>\n","protected":false},"excerpt":{"rendered":"<p>\u00ab\u00a0Comme tous les gamins, je r\u00eavais de devenir pompier, p\u00e2tissier-cascadeur ou plongeur-routier (en fonction des films que je voyais) ou bien encore auteur de BD, sans trop savoir si cela \u00e9tait vraiment un m\u00e9tier. C&rsquo;est en r\u00e9pondant \u00e0 une de mes lettres de fan adorateur que Greg (ben oui, LE Greg) m&rsquo;a donn\u00e9 l&rsquo;envie de [&hellip;]<\/p>\n","protected":false},"author":7,"featured_media":5127,"parent":4494,"menu_order":0,"comment_status":"closed","ping_status":"closed","template":"","meta":{"footnotes":""},"class_list":["post-5119","page","type-page","status-publish","has-post-thumbnail","hentry"],"jetpack_sharing_enabled":true,"_links":{"self":[{"href":"https:\/\/bdmiam.fr\/index.php\/wp-json\/wp\/v2\/pages\/5119","targetHints":{"allow":["GET"]}}],"collection":[{"href":"https:\/\/bdmiam.fr\/index.php\/wp-json\/wp\/v2\/pages"}],"about":[{"href":"https:\/\/bdmiam.fr\/index.php\/wp-json\/wp\/v2\/types\/page"}],"author":[{"embeddable":true,"href":"https:\/\/bdmiam.fr\/index.php\/wp-json\/wp\/v2\/users\/7"}],"replies":[{"embeddable":true,"href":"https:\/\/bdmiam.fr\/index.php\/wp-json\/wp\/v2\/comments?post=5119"}],"version-history":[{"count":0,"href":"https:\/\/bdmiam.fr\/index.php\/wp-json\/wp\/v2\/pages\/5119\/revisions"}],"up":[{"embeddable":true,"href":"https:\/\/bdmiam.fr\/index.php\/wp-json\/wp\/v2\/pages\/4494"}],"wp:featuredmedia":[{"embeddable":true,"href":"https:\/\/bdmiam.fr\/index.php\/wp-json\/wp\/v2\/media\/5127"}],"wp:attachment":[{"href":"https:\/\/bdmiam.fr\/index.php\/wp-json\/wp\/v2\/media?parent=5119"}],"curies":[{"name":"wp","href":"https:\/\/api.w.org\/{rel}","templated":true}]}}