{"id":5128,"date":"2019-05-05T11:44:18","date_gmt":"2019-05-05T10:44:18","guid":{"rendered":"http:\/\/bdmiam.fr\/?page_id=5128"},"modified":"2019-05-05T11:44:18","modified_gmt":"2019-05-05T10:44:18","slug":"benjamin-flao","status":"publish","type":"page","link":"https:\/\/bdmiam.fr\/index.php\/nos-artistes\/benjamin-flao\/","title":{"rendered":"Benjamin Flao"},"content":{"rendered":"\n<div class=\"wp-block-image\"><figure class=\"aligncenter is-resized\"><img data-recalc-dims=\"1\" loading=\"lazy\" decoding=\"async\" src=\"https:\/\/i0.wp.com\/bdmiam.fr\/wp-content\/uploads\/2019\/05\/Flao.jpg?resize=304%2C304&#038;ssl=1\" alt=\"\" class=\"wp-image-5129\" width=\"304\" height=\"304\"\/><\/figure><\/div>\n\n\n\n<p style=\"text-align:center\"><strong> Benjamin Flao<\/strong>, est n\u00e9 \u00e0 Nantes en 1975 dans une lumi\u00e8re douce. Puis sont arriv\u00e9es les odeurs d&rsquo;\u00e9cole qui font mal au ventre. Alors on dessine. Et puis apr\u00e8s l&rsquo;\u00e9cole, c&rsquo;est la libert\u00e9 de tout envoyer promener, y  compris soi-m\u00eame. Ensuite on fait des peintures sur les murs, des livres, des enfants, encore des livres parce qu&rsquo;on ne peut pas vivre tout nu sur l&rsquo;oc\u00e9an et puis on vient \u00e0 Niort pour voir comment que c&rsquo;est, et apr\u00e8s&#8230; Benjamin Flao est un des dessinateurs les plus talentueux de sa g\u00e9n\u00e9ration. Laur\u00e9at 2003, pour Carnets de Sib\u00e9rie, du  prix Lonely Planet (Clermont- Ferrand, Biennale du carnet de voyage), il a cosign\u00e9 depuis <em>Sillages d\u2019Afrique<\/em>, <em>La Ligne de fuite<\/em>, <em>Mauvais gar\u00e7ons<\/em> et surtout l\u2019exceptionnel <em>Kililana Song<\/em>, chez Futuropolis.<br>En 2018, il r\u00e9alise deux albums en collaboration avec <strong>Fred Bernard<\/strong> : <em>Essence <\/em>et <em>Le secret de Zara<\/em>.<\/p>\n\n\n\n<ul class=\"wp-block-gallery columns-3 is-cropped wp-block-gallery-1 is-layout-flex wp-block-gallery-is-layout-flex\"><li class=\"blocks-gallery-item\"><figure><img data-recalc-dims=\"1\" decoding=\"async\" src=\"https:\/\/i0.wp.com\/bdmiam.fr\/wp-content\/uploads\/2019\/05\/Couv_158031.jpg?ssl=1\" alt=\"\" data-id=\"5132\" data-link=\"https:\/\/bdmiam.fr\/?attachment_id=5132\" class=\"wp-image-5132\"\/><\/figure><\/li><li class=\"blocks-gallery-item\"><figure><img data-recalc-dims=\"1\" decoding=\"async\" src=\"https:\/\/i0.wp.com\/bdmiam.fr\/wp-content\/uploads\/2019\/05\/Couv_345762-1.jpg?ssl=1\" alt=\"\" data-id=\"5133\" data-link=\"https:\/\/bdmiam.fr\/?attachment_id=5133\" class=\"wp-image-5133\"\/><\/figure><\/li><li class=\"blocks-gallery-item\"><figure><img data-recalc-dims=\"1\" decoding=\"async\" src=\"https:\/\/i0.wp.com\/bdmiam.fr\/wp-content\/uploads\/2019\/05\/Flao_Lignedefuite_01.jpg?ssl=1\" alt=\"\" data-id=\"5134\" data-link=\"https:\/\/bdmiam.fr\/?attachment_id=5134\" class=\"wp-image-5134\"\/><\/figure><\/li><\/ul>\n\n\n\n<div class=\"wp-block-image\"><figure class=\"aligncenter is-resized\"><img data-recalc-dims=\"1\" loading=\"lazy\" decoding=\"async\" src=\"https:\/\/i0.wp.com\/bdmiam.fr\/wp-content\/uploads\/2019\/05\/Couv_316317-2.jpg?resize=429%2C439&#038;ssl=1\" alt=\"\" class=\"wp-image-5136\" width=\"429\" height=\"439\"\/><\/figure><\/div>\n\n\n\n<p style=\"text-align:center\">Source : <a rel=\"noreferrer noopener\" aria-label=\"B\u00e9d\u00e9th\u00e8que (s\u2019ouvre dans un nouvel onglet)\" href=\"https:\/\/www.bedetheque.com\/auteur-14512-BD-Flao-Benjamin.html\" target=\"_blank\">B\u00e9d\u00e9th\u00e8que<\/a><\/p>\n\n\n\n<p><br><br><strong>Infos festival 2019 :<\/strong><br>Benjamin Flao sera pr\u00e9sent<strong> uniquement le samedi 22<\/strong>.<br><\/p>\n","protected":false},"excerpt":{"rendered":"<p>Benjamin Flao, est n\u00e9 \u00e0 Nantes en 1975 dans une lumi\u00e8re douce. Puis sont arriv\u00e9es les odeurs d&rsquo;\u00e9cole qui font mal au ventre. Alors on dessine. Et puis apr\u00e8s l&rsquo;\u00e9cole, c&rsquo;est la libert\u00e9 de tout envoyer promener, y compris soi-m\u00eame. Ensuite on fait des peintures sur les murs, des livres, des enfants, encore des livres [&hellip;]<\/p>\n","protected":false},"author":7,"featured_media":5137,"parent":4494,"menu_order":0,"comment_status":"closed","ping_status":"closed","template":"","meta":{"footnotes":""},"class_list":["post-5128","page","type-page","status-publish","has-post-thumbnail","hentry"],"jetpack_sharing_enabled":true,"_links":{"self":[{"href":"https:\/\/bdmiam.fr\/index.php\/wp-json\/wp\/v2\/pages\/5128","targetHints":{"allow":["GET"]}}],"collection":[{"href":"https:\/\/bdmiam.fr\/index.php\/wp-json\/wp\/v2\/pages"}],"about":[{"href":"https:\/\/bdmiam.fr\/index.php\/wp-json\/wp\/v2\/types\/page"}],"author":[{"embeddable":true,"href":"https:\/\/bdmiam.fr\/index.php\/wp-json\/wp\/v2\/users\/7"}],"replies":[{"embeddable":true,"href":"https:\/\/bdmiam.fr\/index.php\/wp-json\/wp\/v2\/comments?post=5128"}],"version-history":[{"count":0,"href":"https:\/\/bdmiam.fr\/index.php\/wp-json\/wp\/v2\/pages\/5128\/revisions"}],"up":[{"embeddable":true,"href":"https:\/\/bdmiam.fr\/index.php\/wp-json\/wp\/v2\/pages\/4494"}],"wp:featuredmedia":[{"embeddable":true,"href":"https:\/\/bdmiam.fr\/index.php\/wp-json\/wp\/v2\/media\/5137"}],"wp:attachment":[{"href":"https:\/\/bdmiam.fr\/index.php\/wp-json\/wp\/v2\/media?parent=5128"}],"curies":[{"name":"wp","href":"https:\/\/api.w.org\/{rel}","templated":true}]}}