{"id":5141,"date":"2019-05-05T11:53:18","date_gmt":"2019-05-05T10:53:18","guid":{"rendered":"http:\/\/bdmiam.fr\/?page_id=5141"},"modified":"2019-05-05T11:53:18","modified_gmt":"2019-05-05T10:53:18","slug":"virginie-augustin","status":"publish","type":"page","link":"https:\/\/bdmiam.fr\/index.php\/nos-artistes\/virginie-augustin\/","title":{"rendered":"Virginie Augustin"},"content":{"rendered":"\n<div class=\"wp-block-image\"><figure class=\"aligncenter is-resized\"><img data-recalc-dims=\"1\" loading=\"lazy\" decoding=\"async\" src=\"https:\/\/i0.wp.com\/bdmiam.fr\/wp-content\/uploads\/2019\/05\/V-Augustin.jpg?resize=237%2C296&#038;ssl=1\" alt=\"\" class=\"wp-image-5142\" width=\"237\" height=\"296\"\/><\/figure><\/div>\n\n\n\n<p style=\"text-align:center\"><strong>Virginie Augustin<\/strong> est n\u00e9e \u00e0 Chatou en 1973. Elle v\u00eet d\u00e9sormais \u00e0 Paris. Elle d\u00e9bute sa carri\u00e8re dans les studios d\u2019animation pour des courts et  longs m\u00e9trages (Hercule, Witch, chasseur de Dragons\u2026). Elle rencontre  Wilfried Lupano sur le long m\u00e9trage de Corto Maltese et de leur \u00e9change para\u00eetra <em>Alim le tanneur<\/em>. Depuis, elle enchaine les projets avec <em>Voyage aux ombres, Whalligoe, les gens normaux, Monsieur Desire <\/em>et enfin chez Grand Angle <strong><em>40 \u00e9l\u00e9phants<\/em><\/strong>. <br>Elle publie en 2019 chez Gl\u00e9nat le tome 6 de la s\u00e9rie <strong>Conan le Cimm\u00e9rien<\/strong> : <em>Chim\u00e8res de fer dans la clart\u00e9 lunaire.<\/em><\/p>\n\n\n\n<ul class=\"wp-block-gallery columns-3 is-cropped wp-block-gallery-1 is-layout-flex wp-block-gallery-is-layout-flex\"><li class=\"blocks-gallery-item\"><figure><img data-recalc-dims=\"1\" decoding=\"async\" src=\"https:\/\/i0.wp.com\/bdmiam.fr\/wp-content\/uploads\/2019\/05\/Couv_176288.jpg?ssl=1\" alt=\"\" data-id=\"5143\" data-link=\"https:\/\/bdmiam.fr\/?attachment_id=5143\" class=\"wp-image-5143\"\/><\/figure><\/li><li class=\"blocks-gallery-item\"><figure><img data-recalc-dims=\"1\" decoding=\"async\" src=\"https:\/\/i0.wp.com\/bdmiam.fr\/wp-content\/uploads\/2019\/05\/Couv_354628.jpg?ssl=1\" alt=\"\" data-id=\"5144\" data-link=\"https:\/\/bdmiam.fr\/?attachment_id=5144\" class=\"wp-image-5144\"\/><\/figure><\/li><li class=\"blocks-gallery-item\"><figure><img data-recalc-dims=\"1\" decoding=\"async\" src=\"https:\/\/i0.wp.com\/bdmiam.fr\/wp-content\/uploads\/2019\/05\/Couv_365856.jpg?ssl=1\" alt=\"\" data-id=\"5145\" data-link=\"https:\/\/bdmiam.fr\/?attachment_id=5145\" class=\"wp-image-5145\"\/><\/figure><\/li><\/ul>\n\n\n\n<p style=\"text-align:center\">Source : <a rel=\"noreferrer noopener\" aria-label=\"B\u00e9d\u00e9th\u00e8que (s\u2019ouvre dans un nouvel onglet)\" href=\"https:\/\/www.bedetheque.com\/auteur-9438-BD-Augustin-Virginie.html\" target=\"_blank\">B\u00e9d\u00e9th\u00e8que<\/a><\/p>\n\n\n\n<p><br><br><strong>Infos festival 2019 :<\/strong><br>Virginie Augustin sera absente du festival le samedi matin.<br>Elle d\u00e9dicacera <strong>uniquement ses s\u00e9ries : <em>40 \u00e9l\u00e9phants<\/em> <\/strong>et<strong> <em>Conan Le Cimm\u00e9rien<\/em><\/strong>.<br>Les albums devront \u00eatre <strong>achet\u00e9s sur place, \u00e0 la librairie du festival<\/strong>.<\/p>\n","protected":false},"excerpt":{"rendered":"<p>Virginie Augustin est n\u00e9e \u00e0 Chatou en 1973. Elle v\u00eet d\u00e9sormais \u00e0 Paris. Elle d\u00e9bute sa carri\u00e8re dans les studios d\u2019animation pour des courts et longs m\u00e9trages (Hercule, Witch, chasseur de Dragons\u2026). Elle rencontre Wilfried Lupano sur le long m\u00e9trage de Corto Maltese et de leur \u00e9change para\u00eetra Alim le tanneur. Depuis, elle enchaine les [&hellip;]<\/p>\n","protected":false},"author":7,"featured_media":5146,"parent":4494,"menu_order":0,"comment_status":"closed","ping_status":"closed","template":"","meta":{"footnotes":""},"class_list":["post-5141","page","type-page","status-publish","has-post-thumbnail","hentry"],"jetpack_sharing_enabled":true,"_links":{"self":[{"href":"https:\/\/bdmiam.fr\/index.php\/wp-json\/wp\/v2\/pages\/5141","targetHints":{"allow":["GET"]}}],"collection":[{"href":"https:\/\/bdmiam.fr\/index.php\/wp-json\/wp\/v2\/pages"}],"about":[{"href":"https:\/\/bdmiam.fr\/index.php\/wp-json\/wp\/v2\/types\/page"}],"author":[{"embeddable":true,"href":"https:\/\/bdmiam.fr\/index.php\/wp-json\/wp\/v2\/users\/7"}],"replies":[{"embeddable":true,"href":"https:\/\/bdmiam.fr\/index.php\/wp-json\/wp\/v2\/comments?post=5141"}],"version-history":[{"count":0,"href":"https:\/\/bdmiam.fr\/index.php\/wp-json\/wp\/v2\/pages\/5141\/revisions"}],"up":[{"embeddable":true,"href":"https:\/\/bdmiam.fr\/index.php\/wp-json\/wp\/v2\/pages\/4494"}],"wp:featuredmedia":[{"embeddable":true,"href":"https:\/\/bdmiam.fr\/index.php\/wp-json\/wp\/v2\/media\/5146"}],"wp:attachment":[{"href":"https:\/\/bdmiam.fr\/index.php\/wp-json\/wp\/v2\/media?parent=5141"}],"curies":[{"name":"wp","href":"https:\/\/api.w.org\/{rel}","templated":true}]}}