{"id":5156,"date":"2019-05-08T13:42:35","date_gmt":"2019-05-08T12:42:35","guid":{"rendered":"http:\/\/bdmiam.fr\/?page_id=5156"},"modified":"2019-05-08T13:42:35","modified_gmt":"2019-05-08T12:42:35","slug":"gael-henry","status":"publish","type":"page","link":"https:\/\/bdmiam.fr\/index.php\/nos-artistes\/gael-henry\/","title":{"rendered":"Ga\u00ebl Henry"},"content":{"rendered":"\n<div class=\"wp-block-image\"><figure class=\"aligncenter is-resized\"><img data-recalc-dims=\"1\" loading=\"lazy\" decoding=\"async\" src=\"https:\/\/i0.wp.com\/bdmiam.fr\/wp-content\/uploads\/2019\/05\/G-Henry.jpg?resize=246%2C245&#038;ssl=1\" alt=\"\" class=\"wp-image-5157\" width=\"246\" height=\"245\"\/><\/figure><\/div>\n\n\n\n<p style=\"text-align:center\"><strong>Ga\u00ebl Henry<\/strong> est n\u00e9 en 1989 dans la porcelaine limousine, ce qui ne l\u2019emp\u00eache pas d\u2019avoir un dessin  solide ! Dipl\u00f4m\u00e9 en 2010 de l\u2019Acad\u00e9mie de Tournai (Belgique) en section Bande Dessin\u00e9e, il a depuis voyag\u00e9 un peu partout \u00e0 travers le monde. Il vit et travaille \u00e0 Lille en collaboration avec d\u2019autres dessinateurs. <\/p>\n\n\n\n<ul class=\"wp-block-gallery columns-2 is-cropped wp-block-gallery-1 is-layout-flex wp-block-gallery-is-layout-flex\"><li class=\"blocks-gallery-item\"><figure><img data-recalc-dims=\"1\" decoding=\"async\" src=\"https:\/\/i0.wp.com\/bdmiam.fr\/wp-content\/uploads\/2022\/06\/Couv_362349.jpg?ssl=1\" alt=\"\" data-id=\"5579\" data-link=\"https:\/\/bdmiam.fr\/festival-2020\/gael-henry\/couv_362349-3\/\" class=\"wp-image-5579\"\/><\/figure><\/li><li class=\"blocks-gallery-item\"><figure><img data-recalc-dims=\"1\" decoding=\"async\" src=\"https:\/\/i0.wp.com\/bdmiam.fr\/wp-content\/uploads\/2022\/06\/Couv_446928.jpg?ssl=1\" alt=\"\" data-id=\"5580\" data-link=\"https:\/\/bdmiam.fr\/festival-2020\/gael-henry\/couv_446928\/\" class=\"wp-image-5580\"\/><\/figure><\/li><\/ul>\n\n\n\n<p style=\"text-align:center\">Source :  <a rel=\"noreferrer noopener\" aria-label=\"Sarbacane (s\u2019ouvre dans un nouvel onglet)\" href=\"http:\/\/editions-sarbacane.com\/gael-henry\/\" target=\"_blank\">Sarbacane<\/a> ; <a rel=\"noreferrer noopener\" aria-label=\"B\u00e9d\u00e9th\u00e8que  (s\u2019ouvre dans un nouvel onglet)\" href=\"https:\/\/www.bedetheque.com\/auteur-42134-BD-Henry-Gael.html\" target=\"_blank\">B\u00e9d\u00e9th\u00e8que<\/a> <\/p>\n","protected":false},"excerpt":{"rendered":"<p>Ga\u00ebl Henry est n\u00e9 en 1989 dans la porcelaine limousine, ce qui ne l\u2019emp\u00eache pas d\u2019avoir un dessin solide ! Dipl\u00f4m\u00e9 en 2010 de l\u2019Acad\u00e9mie de Tournai (Belgique) en section Bande Dessin\u00e9e, il a depuis voyag\u00e9 un peu partout \u00e0 travers le monde. Il vit et travaille \u00e0 Lille en collaboration avec d\u2019autres dessinateurs. Source [&hellip;]<\/p>\n","protected":false},"author":7,"featured_media":5160,"parent":4494,"menu_order":0,"comment_status":"closed","ping_status":"closed","template":"","meta":{"footnotes":""},"class_list":["post-5156","page","type-page","status-publish","has-post-thumbnail","hentry"],"jetpack_sharing_enabled":true,"_links":{"self":[{"href":"https:\/\/bdmiam.fr\/index.php\/wp-json\/wp\/v2\/pages\/5156","targetHints":{"allow":["GET"]}}],"collection":[{"href":"https:\/\/bdmiam.fr\/index.php\/wp-json\/wp\/v2\/pages"}],"about":[{"href":"https:\/\/bdmiam.fr\/index.php\/wp-json\/wp\/v2\/types\/page"}],"author":[{"embeddable":true,"href":"https:\/\/bdmiam.fr\/index.php\/wp-json\/wp\/v2\/users\/7"}],"replies":[{"embeddable":true,"href":"https:\/\/bdmiam.fr\/index.php\/wp-json\/wp\/v2\/comments?post=5156"}],"version-history":[{"count":0,"href":"https:\/\/bdmiam.fr\/index.php\/wp-json\/wp\/v2\/pages\/5156\/revisions"}],"up":[{"embeddable":true,"href":"https:\/\/bdmiam.fr\/index.php\/wp-json\/wp\/v2\/pages\/4494"}],"wp:featuredmedia":[{"embeddable":true,"href":"https:\/\/bdmiam.fr\/index.php\/wp-json\/wp\/v2\/media\/5160"}],"wp:attachment":[{"href":"https:\/\/bdmiam.fr\/index.php\/wp-json\/wp\/v2\/media?parent=5156"}],"curies":[{"name":"wp","href":"https:\/\/api.w.org\/{rel}","templated":true}]}}