{"id":5188,"date":"2019-05-20T18:17:13","date_gmt":"2019-05-20T17:17:13","guid":{"rendered":"http:\/\/bdmiam.fr\/?page_id=5188"},"modified":"2019-05-20T18:17:13","modified_gmt":"2019-05-20T17:17:13","slug":"augustin-lebon","status":"publish","type":"page","link":"https:\/\/bdmiam.fr\/index.php\/nos-artistes\/augustin-lebon\/","title":{"rendered":"Augustin Lebon"},"content":{"rendered":"\n<div class=\"wp-block-image\"><figure class=\"aligncenter is-resized\"><img data-recalc-dims=\"1\" loading=\"lazy\" decoding=\"async\" src=\"https:\/\/i0.wp.com\/bdmiam.fr\/wp-content\/uploads\/2019\/05\/Photo_30691.jpg?resize=273%2C273&#038;ssl=1\" alt=\"\" class=\"wp-image-5189\" width=\"273\" height=\"273\"\/><\/figure><\/div>\n\n\n\n<p style=\"text-align:center\"><strong>Augustin Lebon<\/strong>, est n\u00e9 en 1987 dans le Nord de la France. Tr\u00e8s vite il se passionne pour l\u2019univers western. Apr\u00e8s des \u00e9tudes de bande dessin\u00e9e \u00e0  l\u2019Institut Saint-Luc de Bruxelles, il rencontre <strong>Lylian<\/strong>, avec qui il  d\u00e9cide de r\u00e9aliser sa premi\u00e8re bande dessin\u00e9e, <em>Le R\u00e9v\u00e9rend<\/em>, dont le tome  1 participe en 2014 au Prix Meilleur Premier Album des lyc\u00e9ens picards.  Le tome 2 de <em>Le R\u00e9v\u00e9rend<\/em> sort en avril 2015<br>Le premier tome de la s\u00e9rie <em>R\u00e9silience<\/em>, \u00e9crite avec <strong>Louise Joor<\/strong>, est publi\u00e9e en 2017 chez Casterman. Le tome 3 est paru en mai 2019.<\/p>\n\n\n\n<ul class=\"wp-block-gallery columns-2 is-cropped wp-block-gallery-1 is-layout-flex wp-block-gallery-is-layout-flex\"><li class=\"blocks-gallery-item\"><figure><img data-recalc-dims=\"1\" decoding=\"async\" src=\"https:\/\/i0.wp.com\/bdmiam.fr\/wp-content\/uploads\/2019\/05\/Couv_172551.jpg?ssl=1\" alt=\"\" data-id=\"5190\" data-link=\"https:\/\/bdmiam.fr\/?attachment_id=5190\" class=\"wp-image-5190\"\/><\/figure><\/li><li class=\"blocks-gallery-item\"><figure><img data-recalc-dims=\"1\" decoding=\"async\" src=\"https:\/\/i0.wp.com\/bdmiam.fr\/wp-content\/uploads\/2019\/05\/Couv_365674.jpg?ssl=1\" alt=\"\" data-id=\"5191\" data-link=\"https:\/\/bdmiam.fr\/?attachment_id=5191\" class=\"wp-image-5191\"\/><\/figure><\/li><\/ul>\n\n\n\n<p style=\"text-align:center\">Source : <a rel=\"noreferrer noopener\" aria-label=\"B\u00e9d\u00e9th\u00e8que (s\u2019ouvre dans un nouvel onglet)\" href=\"https:\/\/www.bedetheque.com\/auteur-30691-BD-Lebon-Augustin.html\" target=\"_blank\">B\u00e9d\u00e9th\u00e8que<\/a><\/p>\n\n\n\n<p><strong>Infos festival 2019 :<\/strong><br>Augustin Lebon sera absent du festival le samedi matin.<br>Il d\u00e9dicacera <strong>uniquement sa s\u00e9rie<em> R\u00e9silience<\/em><\/strong>.<br>Les albums devront \u00eatre <strong>achet\u00e9s sur place, \u00e0 la librairie du festival<\/strong>. <\/p>\n","protected":false},"excerpt":{"rendered":"<p>Augustin Lebon, est n\u00e9 en 1987 dans le Nord de la France. Tr\u00e8s vite il se passionne pour l\u2019univers western. Apr\u00e8s des \u00e9tudes de bande dessin\u00e9e \u00e0 l\u2019Institut Saint-Luc de Bruxelles, il rencontre Lylian, avec qui il d\u00e9cide de r\u00e9aliser sa premi\u00e8re bande dessin\u00e9e, Le R\u00e9v\u00e9rend, dont le tome 1 participe en 2014 au Prix [&hellip;]<\/p>\n","protected":false},"author":7,"featured_media":5191,"parent":4494,"menu_order":0,"comment_status":"closed","ping_status":"closed","template":"","meta":{"footnotes":""},"class_list":["post-5188","page","type-page","status-publish","has-post-thumbnail","hentry"],"jetpack_sharing_enabled":true,"_links":{"self":[{"href":"https:\/\/bdmiam.fr\/index.php\/wp-json\/wp\/v2\/pages\/5188","targetHints":{"allow":["GET"]}}],"collection":[{"href":"https:\/\/bdmiam.fr\/index.php\/wp-json\/wp\/v2\/pages"}],"about":[{"href":"https:\/\/bdmiam.fr\/index.php\/wp-json\/wp\/v2\/types\/page"}],"author":[{"embeddable":true,"href":"https:\/\/bdmiam.fr\/index.php\/wp-json\/wp\/v2\/users\/7"}],"replies":[{"embeddable":true,"href":"https:\/\/bdmiam.fr\/index.php\/wp-json\/wp\/v2\/comments?post=5188"}],"version-history":[{"count":0,"href":"https:\/\/bdmiam.fr\/index.php\/wp-json\/wp\/v2\/pages\/5188\/revisions"}],"up":[{"embeddable":true,"href":"https:\/\/bdmiam.fr\/index.php\/wp-json\/wp\/v2\/pages\/4494"}],"wp:featuredmedia":[{"embeddable":true,"href":"https:\/\/bdmiam.fr\/index.php\/wp-json\/wp\/v2\/media\/5191"}],"wp:attachment":[{"href":"https:\/\/bdmiam.fr\/index.php\/wp-json\/wp\/v2\/media?parent=5188"}],"curies":[{"name":"wp","href":"https:\/\/api.w.org\/{rel}","templated":true}]}}