{"id":5195,"date":"2019-05-20T18:33:35","date_gmt":"2019-05-20T17:33:35","guid":{"rendered":"http:\/\/bdmiam.fr\/?page_id=5195"},"modified":"2019-05-20T18:33:35","modified_gmt":"2019-05-20T17:33:35","slug":"nicolas-keramidas","status":"publish","type":"page","link":"https:\/\/bdmiam.fr\/index.php\/nos-artistes\/nicolas-keramidas\/","title":{"rendered":"Nicolas Keramidas"},"content":{"rendered":"\n<div class=\"wp-block-image\"><figure class=\"aligncenter is-resized\"><img data-recalc-dims=\"1\" loading=\"lazy\" decoding=\"async\" src=\"https:\/\/i0.wp.com\/bdmiam.fr\/wp-content\/uploads\/2019\/05\/Photo_4183.jpg?resize=302%2C302&#038;ssl=1\" alt=\"\" class=\"wp-image-5196\" width=\"302\" height=\"302\"\/><\/figure><\/div>\n\n\n\n<p style=\"text-align:center\"><strong>Nicolas Keramidas<\/strong> est n\u00e9 \u00e0 Paris en 1972. Apr\u00e8s un Bac A3 de dessin \u00e0  Grenoble, il retourne \u00e0 Paris pour deux ans aux CFT Gobelins (section animation). En 1993, il est embauch\u00e9 au sein des Walt Disney Studios \u00e0  Montreuil o\u00f9 il travaille depuis 9 ans. Parall\u00e8lement, il effectue  divers travaux publicitaires pour la ville de Grenoble. Fin 2000, il  pr\u00e9sente chez Soleil un projet mettant en sc\u00e8ne les aventures d\u2019une  petite fille, Lu\u00f9na, durant l\u2019\u00e8re pr\u00e9historique. Mais \u00e0 l\u2019issue d\u2019une  rencontre avec <strong>Didier Crisse<\/strong>, \u00ab\u00a0<em>Luuna<\/em>\u00a0\u00bb devient alors une jeune  Am\u00e9rindienne, et la premi\u00e8re s\u00e9rie de Nicolas chez Soleil. Il participe au tome 10 de la s\u00e9rie Mickey (collection Disney \/ Gl\u00e9nat) : <strong><em>Mickey all stars<\/em><\/strong>, publi\u00e9 en juin 2019.<\/p>\n\n\n\n<div class=\"wp-block-image\"><figure class=\"aligncenter is-resized\"><img data-recalc-dims=\"1\" loading=\"lazy\" decoding=\"async\" src=\"https:\/\/i0.wp.com\/bdmiam.fr\/wp-content\/uploads\/2019\/05\/Couv_366472.jpg?resize=280%2C399&#038;ssl=1\" alt=\"\" class=\"wp-image-5197\" width=\"280\" height=\"399\"\/><\/figure><\/div>\n\n\n\n<ul class=\"wp-block-gallery columns-3 is-cropped wp-block-gallery-1 is-layout-flex wp-block-gallery-is-layout-flex\"><li class=\"blocks-gallery-item\"><figure><img data-recalc-dims=\"1\" decoding=\"async\" src=\"https:\/\/i0.wp.com\/bdmiam.fr\/wp-content\/uploads\/2019\/05\/137360_c.jpg?ssl=1\" alt=\"\" data-id=\"5198\" data-link=\"https:\/\/bdmiam.fr\/?attachment_id=5198\" class=\"wp-image-5198\"\/><\/figure><\/li><li class=\"blocks-gallery-item\"><figure><img data-recalc-dims=\"1\" decoding=\"async\" src=\"https:\/\/i0.wp.com\/bdmiam.fr\/wp-content\/uploads\/2019\/05\/Couv_161087.jpg?ssl=1\" alt=\"\" data-id=\"5200\" data-link=\"https:\/\/bdmiam.fr\/?attachment_id=5200\" class=\"wp-image-5200\"\/><\/figure><\/li><li class=\"blocks-gallery-item\"><figure><img data-recalc-dims=\"1\" decoding=\"async\" src=\"https:\/\/i0.wp.com\/bdmiam.fr\/wp-content\/uploads\/2019\/05\/Couv_357566.jpg?ssl=1\" alt=\"\" data-id=\"5201\" data-link=\"https:\/\/bdmiam.fr\/?attachment_id=5201\" class=\"wp-image-5201\"\/><\/figure><\/li><\/ul>\n\n\n\n<p><br><br><strong>Infos festival 2019 :<\/strong><br>Nicolas Keramidas d\u00e9dicacera <strong>l&rsquo;ensemble de son \u0153uvre, except\u00e9 sa s\u00e9rie <em>Lu\u00f9na<\/em><\/strong>. Pour cette derni\u00e8re, il d\u00e9dicacera <strong>uniquement l&rsquo;int\u00e9grale T02.<\/strong><br>L&rsquo;achat des albums sur place n&rsquo;est pas obligatoire, mais fortement conseill\u00e9 !<\/p>\n","protected":false},"excerpt":{"rendered":"<p>Nicolas Keramidas est n\u00e9 \u00e0 Paris en 1972. Apr\u00e8s un Bac A3 de dessin \u00e0 Grenoble, il retourne \u00e0 Paris pour deux ans aux CFT Gobelins (section animation). En 1993, il est embauch\u00e9 au sein des Walt Disney Studios \u00e0 Montreuil o\u00f9 il travaille depuis 9 ans. Parall\u00e8lement, il effectue divers travaux publicitaires pour la [&hellip;]<\/p>\n","protected":false},"author":7,"featured_media":5197,"parent":4494,"menu_order":0,"comment_status":"closed","ping_status":"closed","template":"","meta":{"footnotes":""},"class_list":["post-5195","page","type-page","status-publish","has-post-thumbnail","hentry"],"jetpack_sharing_enabled":true,"_links":{"self":[{"href":"https:\/\/bdmiam.fr\/index.php\/wp-json\/wp\/v2\/pages\/5195","targetHints":{"allow":["GET"]}}],"collection":[{"href":"https:\/\/bdmiam.fr\/index.php\/wp-json\/wp\/v2\/pages"}],"about":[{"href":"https:\/\/bdmiam.fr\/index.php\/wp-json\/wp\/v2\/types\/page"}],"author":[{"embeddable":true,"href":"https:\/\/bdmiam.fr\/index.php\/wp-json\/wp\/v2\/users\/7"}],"replies":[{"embeddable":true,"href":"https:\/\/bdmiam.fr\/index.php\/wp-json\/wp\/v2\/comments?post=5195"}],"version-history":[{"count":0,"href":"https:\/\/bdmiam.fr\/index.php\/wp-json\/wp\/v2\/pages\/5195\/revisions"}],"up":[{"embeddable":true,"href":"https:\/\/bdmiam.fr\/index.php\/wp-json\/wp\/v2\/pages\/4494"}],"wp:featuredmedia":[{"embeddable":true,"href":"https:\/\/bdmiam.fr\/index.php\/wp-json\/wp\/v2\/media\/5197"}],"wp:attachment":[{"href":"https:\/\/bdmiam.fr\/index.php\/wp-json\/wp\/v2\/media?parent=5195"}],"curies":[{"name":"wp","href":"https:\/\/api.w.org\/{rel}","templated":true}]}}