{"id":5206,"date":"2019-05-20T19:32:54","date_gmt":"2019-05-20T18:32:54","guid":{"rendered":"http:\/\/bdmiam.fr\/?page_id=5206"},"modified":"2019-05-20T19:32:54","modified_gmt":"2019-05-20T18:32:54","slug":"jandro-gonzalez","status":"publish","type":"page","link":"https:\/\/bdmiam.fr\/index.php\/nos-artistes\/jandro-gonzalez\/","title":{"rendered":"Jandro Gonz\u00e1lez"},"content":{"rendered":"\n<p><\/p>\n\n\n\n<div class=\"wp-block-image\"><figure class=\"aligncenter is-resized\"><img data-recalc-dims=\"1\" loading=\"lazy\" decoding=\"async\" src=\"https:\/\/i0.wp.com\/bdmiam.fr\/wp-content\/uploads\/2019\/05\/9782379380181_1_75.jpg?resize=293%2C372&#038;ssl=1\" alt=\"\" class=\"wp-image-5207\" width=\"293\" height=\"372\"\/><\/figure><\/div>\n\n\n\n<p> <br><strong>Infos festival 2019 :<\/strong><br>Jandro Gonz\u00e1lez d\u00e9dicacera <strong>uniquement sa nouveaut\u00e9 : <em>La Vampire de Barcelone<\/em>.<\/strong><br> Les albums devront \u00eatre <strong>achet\u00e9s sur place, \u00e0 la librairie du festival<\/strong>. <\/p>\n","protected":false},"excerpt":{"rendered":"<p>Infos festival 2019 :Jandro Gonz\u00e1lez d\u00e9dicacera uniquement sa nouveaut\u00e9 : La Vampire de Barcelone. Les albums devront \u00eatre achet\u00e9s sur place, \u00e0 la librairie du festival.<\/p>\n","protected":false},"author":7,"featured_media":5207,"parent":4494,"menu_order":0,"comment_status":"closed","ping_status":"closed","template":"","meta":{"footnotes":""},"class_list":["post-5206","page","type-page","status-publish","has-post-thumbnail","hentry"],"jetpack_sharing_enabled":true,"_links":{"self":[{"href":"https:\/\/bdmiam.fr\/index.php\/wp-json\/wp\/v2\/pages\/5206","targetHints":{"allow":["GET"]}}],"collection":[{"href":"https:\/\/bdmiam.fr\/index.php\/wp-json\/wp\/v2\/pages"}],"about":[{"href":"https:\/\/bdmiam.fr\/index.php\/wp-json\/wp\/v2\/types\/page"}],"author":[{"embeddable":true,"href":"https:\/\/bdmiam.fr\/index.php\/wp-json\/wp\/v2\/users\/7"}],"replies":[{"embeddable":true,"href":"https:\/\/bdmiam.fr\/index.php\/wp-json\/wp\/v2\/comments?post=5206"}],"version-history":[{"count":0,"href":"https:\/\/bdmiam.fr\/index.php\/wp-json\/wp\/v2\/pages\/5206\/revisions"}],"up":[{"embeddable":true,"href":"https:\/\/bdmiam.fr\/index.php\/wp-json\/wp\/v2\/pages\/4494"}],"wp:featuredmedia":[{"embeddable":true,"href":"https:\/\/bdmiam.fr\/index.php\/wp-json\/wp\/v2\/media\/5207"}],"wp:attachment":[{"href":"https:\/\/bdmiam.fr\/index.php\/wp-json\/wp\/v2\/media?parent=5206"}],"curies":[{"name":"wp","href":"https:\/\/api.w.org\/{rel}","templated":true}]}}