{"id":5218,"date":"2019-05-26T09:35:30","date_gmt":"2019-05-26T08:35:30","guid":{"rendered":"http:\/\/bdmiam.fr\/?page_id=5218"},"modified":"2019-05-26T09:35:30","modified_gmt":"2019-05-26T08:35:30","slug":"louise-joor","status":"publish","type":"page","link":"https:\/\/bdmiam.fr\/index.php\/nos-artistes\/louise-joor\/","title":{"rendered":"Louise Joor"},"content":{"rendered":"\n<div class=\"wp-block-image\"><figure class=\"aligncenter is-resized\"><img data-recalc-dims=\"1\" loading=\"lazy\" decoding=\"async\" src=\"https:\/\/i0.wp.com\/bdmiam.fr\/wp-content\/uploads\/2019\/05\/Photo_35669.jpg?resize=306%2C306&#038;ssl=1\" alt=\"\" class=\"wp-image-5219\" width=\"306\" height=\"306\"\/><\/figure><\/div>\n\n\n\n<p style=\"text-align:center\"><strong>Louise Joor<\/strong> est n\u00e9e le 18 ao\u00fbt 1988 \u00e0 Bruxelles, en Belgique. D\u00e8s sa  naissance, elle est berc\u00e9e par la bande dessin\u00e9e, sa m\u00e8re \u00e9tant dessinatrice et son p\u00e8re libraire sp\u00e9cialis\u00e9 avant de devenir \u00e9diteur de bande dessin\u00e9e. Son amour de ce medium ne faiblit pas et elle int\u00e8gre alors l&rsquo;\u00e9cole Saint-Luc \u00e0 Bruxelles. Trois ans plus tard, son dipl\u00f4me en poche, elle commence \u00e0 travailler sur plusieurs projets et c&rsquo;est  finalement <strong><em>Kanop\u00e9 <\/em><\/strong>qui retient l&rsquo;attention des \u00e9ditions Delcourt en 2012.<\/p>\n\n\n\n<ul class=\"wp-block-gallery columns-3 is-cropped wp-block-gallery-1 is-layout-flex wp-block-gallery-is-layout-flex\"><li class=\"blocks-gallery-item\"><figure><img data-recalc-dims=\"1\" height=\"1024\" width=\"778\" decoding=\"async\" src=\"https:\/\/i0.wp.com\/bdmiam.fr\/wp-content\/uploads\/2019\/05\/1462_couv-3.jpg?resize=778%2C1024&#038;ssl=1\" alt=\"\" data-id=\"5228\" data-link=\"https:\/\/bdmiam.fr\/?attachment_id=5228\" class=\"wp-image-5228\"\/><\/figure><\/li><li class=\"blocks-gallery-item\"><figure><img data-recalc-dims=\"1\" decoding=\"async\" src=\"https:\/\/i0.wp.com\/bdmiam.fr\/wp-content\/uploads\/2019\/05\/Couv_265882-2.jpg?ssl=1\" alt=\"\" data-id=\"5229\" data-link=\"https:\/\/bdmiam.fr\/?attachment_id=5229\" class=\"wp-image-5229\"\/><\/figure><\/li><li class=\"blocks-gallery-item\"><figure><img data-recalc-dims=\"1\" decoding=\"async\" src=\"https:\/\/i0.wp.com\/bdmiam.fr\/wp-content\/uploads\/2019\/05\/Couv_366394-3.jpg?ssl=1\" alt=\"\" data-id=\"5230\" data-link=\"https:\/\/bdmiam.fr\/?attachment_id=5230\" class=\"wp-image-5230\"\/><\/figure><\/li><\/ul>\n\n\n\n<p style=\"text-align:center\">Source : <a rel=\"noreferrer noopener\" aria-label=\"B\u00e9d\u00e9th\u00e8que  (s\u2019ouvre dans un nouvel onglet)\" href=\"https:\/\/www.bedetheque.com\/auteur-35669-BD-Joor-Louise.html\" target=\"_blank\">B\u00e9d\u00e9th\u00e8que <\/a>; <a rel=\"noreferrer noopener\" aria-label=\"Louise Joor (s\u2019ouvre dans un nouvel onglet)\" href=\"http:\/\/louisejoor.blogspot.com\/\" target=\"_blank\">Louise Joor<\/a><\/p>\n\n\n\n<p><br><strong>Info festival 2019 :<\/strong><br>Louise Joor sera absente du festival le samedi matin.<br><\/p>\n","protected":false},"excerpt":{"rendered":"<p>Louise Joor est n\u00e9e le 18 ao\u00fbt 1988 \u00e0 Bruxelles, en Belgique. D\u00e8s sa naissance, elle est berc\u00e9e par la bande dessin\u00e9e, sa m\u00e8re \u00e9tant dessinatrice et son p\u00e8re libraire sp\u00e9cialis\u00e9 avant de devenir \u00e9diteur de bande dessin\u00e9e. Son amour de ce medium ne faiblit pas et elle int\u00e8gre alors l&rsquo;\u00e9cole Saint-Luc \u00e0 Bruxelles. Trois [&hellip;]<\/p>\n","protected":false},"author":7,"featured_media":5228,"parent":4494,"menu_order":0,"comment_status":"closed","ping_status":"closed","template":"","meta":{"footnotes":""},"class_list":["post-5218","page","type-page","status-publish","has-post-thumbnail","hentry"],"jetpack_sharing_enabled":true,"_links":{"self":[{"href":"https:\/\/bdmiam.fr\/index.php\/wp-json\/wp\/v2\/pages\/5218","targetHints":{"allow":["GET"]}}],"collection":[{"href":"https:\/\/bdmiam.fr\/index.php\/wp-json\/wp\/v2\/pages"}],"about":[{"href":"https:\/\/bdmiam.fr\/index.php\/wp-json\/wp\/v2\/types\/page"}],"author":[{"embeddable":true,"href":"https:\/\/bdmiam.fr\/index.php\/wp-json\/wp\/v2\/users\/7"}],"replies":[{"embeddable":true,"href":"https:\/\/bdmiam.fr\/index.php\/wp-json\/wp\/v2\/comments?post=5218"}],"version-history":[{"count":0,"href":"https:\/\/bdmiam.fr\/index.php\/wp-json\/wp\/v2\/pages\/5218\/revisions"}],"up":[{"embeddable":true,"href":"https:\/\/bdmiam.fr\/index.php\/wp-json\/wp\/v2\/pages\/4494"}],"wp:featuredmedia":[{"embeddable":true,"href":"https:\/\/bdmiam.fr\/index.php\/wp-json\/wp\/v2\/media\/5228"}],"wp:attachment":[{"href":"https:\/\/bdmiam.fr\/index.php\/wp-json\/wp\/v2\/media?parent=5218"}],"curies":[{"name":"wp","href":"https:\/\/api.w.org\/{rel}","templated":true}]}}