{"id":5233,"date":"2019-05-26T09:45:54","date_gmt":"2019-05-26T08:45:54","guid":{"rendered":"http:\/\/bdmiam.fr\/?page_id=5233"},"modified":"2019-05-26T09:45:54","modified_gmt":"2019-05-26T08:45:54","slug":"cedric-fernandez","status":"publish","type":"page","link":"https:\/\/bdmiam.fr\/index.php\/nos-artistes\/cedric-fernandez\/","title":{"rendered":"C\u00e9dric Fernandez"},"content":{"rendered":"\n<div class=\"wp-block-image\"><figure class=\"aligncenter is-resized\"><img data-recalc-dims=\"1\" loading=\"lazy\" decoding=\"async\" src=\"https:\/\/i0.wp.com\/bdmiam.fr\/wp-content\/uploads\/2019\/05\/Photo_37409.jpg?resize=211%2C211&#038;ssl=1\" alt=\"\" class=\"wp-image-5234\" width=\"211\" height=\"211\"\/><\/figure><\/div>\n\n\n\n<p style=\"text-align:center\"><strong>C\u00e9dric Fernandez<\/strong> dit <strong>Rivera <\/strong>est un dessinateur auvergnat. N\u00e9 en 1983, il a d&rsquo;abord int\u00e9gr\u00e9 une \u00e9cole de publicit\u00e9 avant de faire une licence d&rsquo;art-plastique. Il s&rsquo;est fait conna\u00eetre avec la s\u00e9rie le <strong><em>Vol des Anges<\/em><\/strong>, une saga comprenant un premier cycle de six tomes racontant les  p\u00e9rip\u00e9ties de la famille Murray \u00e0 travers la tourmente de l&rsquo;Europe du d\u00e9but du XXe si\u00e8cle. Cette s\u00e9rie \u00e9voque les premiers pas de  l&rsquo;a\u00e9ronautique et les fondations de l&rsquo;aviation moderne. Elle s&rsquo;attarde en particulier sur la cr\u00e9ation de la Royal air Force et de sa mont\u00e9e en  puissance avec l&rsquo;arriv\u00e9e de la Premi\u00e8re Guerre mondiale. <\/p>\n\n\n\n<ul class=\"wp-block-gallery columns-2 is-cropped wp-block-gallery-1 is-layout-flex wp-block-gallery-is-layout-flex\"><li class=\"blocks-gallery-item\"><figure><img data-recalc-dims=\"1\" decoding=\"async\" src=\"https:\/\/i0.wp.com\/bdmiam.fr\/wp-content\/uploads\/2019\/05\/Couv_224918.jpg?ssl=1\" alt=\"\" data-id=\"5235\" data-link=\"https:\/\/bdmiam.fr\/?attachment_id=5235\" class=\"wp-image-5235\"\/><\/figure><\/li><li class=\"blocks-gallery-item\"><figure><img data-recalc-dims=\"1\" decoding=\"async\" src=\"https:\/\/i0.wp.com\/bdmiam.fr\/wp-content\/uploads\/2019\/05\/Couv_365860.jpg?ssl=1\" alt=\"\" data-id=\"5237\" data-link=\"https:\/\/bdmiam.fr\/?attachment_id=5237\" class=\"wp-image-5237\"\/><\/figure><\/li><\/ul>\n\n\n\n<div class=\"wp-block-image\"><figure class=\"aligncenter is-resized\"><img data-recalc-dims=\"1\" loading=\"lazy\" decoding=\"async\" src=\"https:\/\/i0.wp.com\/bdmiam.fr\/wp-content\/uploads\/2019\/05\/Couv_304838-1.jpg?resize=295%2C392&#038;ssl=1\" alt=\"\" class=\"wp-image-5238\" width=\"295\" height=\"392\"\/><\/figure><\/div>\n\n\n\n<p style=\"text-align:center\">Source : <a rel=\"noreferrer noopener\" aria-label=\"B\u00e9d\u00e9th\u00e8que (s\u2019ouvre dans un nouvel onglet)\" href=\"https:\/\/www.bedetheque.com\/auteur-37409-BD-Fernandez-Cedric.html\" target=\"_blank\">B\u00e9d\u00e9th\u00e8que<\/a><\/p>\n\n\n\n<p><strong>Infos festival 2019 :<\/strong><br>C\u00e9dric Fernandez d\u00e9dicacera l&rsquo;int\u00e9gralit\u00e9 de son travail.<br>Les albums devront \u00eatre <strong>achet\u00e9s sur place, \u00e0 la librairie du festival<\/strong>. <\/p>\n","protected":false},"excerpt":{"rendered":"<p>C\u00e9dric Fernandez dit Rivera est un dessinateur auvergnat. N\u00e9 en 1983, il a d&rsquo;abord int\u00e9gr\u00e9 une \u00e9cole de publicit\u00e9 avant de faire une licence d&rsquo;art-plastique. Il s&rsquo;est fait conna\u00eetre avec la s\u00e9rie le Vol des Anges, une saga comprenant un premier cycle de six tomes racontant les p\u00e9rip\u00e9ties de la famille Murray \u00e0 travers la [&hellip;]<\/p>\n","protected":false},"author":7,"featured_media":5237,"parent":4494,"menu_order":0,"comment_status":"closed","ping_status":"closed","template":"","meta":{"footnotes":""},"class_list":["post-5233","page","type-page","status-publish","has-post-thumbnail","hentry"],"jetpack_sharing_enabled":true,"_links":{"self":[{"href":"https:\/\/bdmiam.fr\/index.php\/wp-json\/wp\/v2\/pages\/5233","targetHints":{"allow":["GET"]}}],"collection":[{"href":"https:\/\/bdmiam.fr\/index.php\/wp-json\/wp\/v2\/pages"}],"about":[{"href":"https:\/\/bdmiam.fr\/index.php\/wp-json\/wp\/v2\/types\/page"}],"author":[{"embeddable":true,"href":"https:\/\/bdmiam.fr\/index.php\/wp-json\/wp\/v2\/users\/7"}],"replies":[{"embeddable":true,"href":"https:\/\/bdmiam.fr\/index.php\/wp-json\/wp\/v2\/comments?post=5233"}],"version-history":[{"count":0,"href":"https:\/\/bdmiam.fr\/index.php\/wp-json\/wp\/v2\/pages\/5233\/revisions"}],"up":[{"embeddable":true,"href":"https:\/\/bdmiam.fr\/index.php\/wp-json\/wp\/v2\/pages\/4494"}],"wp:featuredmedia":[{"embeddable":true,"href":"https:\/\/bdmiam.fr\/index.php\/wp-json\/wp\/v2\/media\/5237"}],"wp:attachment":[{"href":"https:\/\/bdmiam.fr\/index.php\/wp-json\/wp\/v2\/media?parent=5233"}],"curies":[{"name":"wp","href":"https:\/\/api.w.org\/{rel}","templated":true}]}}