{"id":5241,"date":"2019-05-26T09:52:42","date_gmt":"2019-05-26T08:52:42","guid":{"rendered":"http:\/\/bdmiam.fr\/?page_id=5241"},"modified":"2019-05-26T09:52:42","modified_gmt":"2019-05-26T08:52:42","slug":"franck-perrot","status":"publish","type":"page","link":"https:\/\/bdmiam.fr\/index.php\/nos-artistes\/franck-perrot\/","title":{"rendered":"Franck Perrot"},"content":{"rendered":"\n<div class=\"wp-block-image\"><figure class=\"aligncenter is-resized\"><img data-recalc-dims=\"1\" loading=\"lazy\" decoding=\"async\" src=\"https:\/\/i0.wp.com\/bdmiam.fr\/wp-content\/uploads\/2019\/05\/Photo_46554.jpg?resize=170%2C170&#038;ssl=1\" alt=\"\" class=\"wp-image-5242\" width=\"170\" height=\"170\"\/><\/figure><\/div>\n\n\n\n<p style=\"text-align:center\">Si Franck \u00e9tait un animal, il serait une fourmi, minuscule, presque invisible et qui pourtant accomplit des choses incroyables. <br>S&rsquo;il  \u00e9tait une plante, il serait une ortie. Si on le prend comme il faut et  qu&rsquo;on sait l&rsquo;accommoder, il est tr\u00e8s bon, en soupe surtout. Mais il peut  aussi irriter longtemps ceux qui l&rsquo;\u00e9nervent. <br>S&rsquo;il \u00e9tait un m\u00e9tier, il serait paysan, car il est travailleur, aime se lever t\u00f4t et se couche avec les poules.<br>S&rsquo;il \u00e9tait un plat, il serait un tajine, color\u00e9, doux en apparence, mais assez \u00e9pic\u00e9 en r\u00e9alit\u00e9. <br>S&rsquo;il  \u00e9tait un jouet, il serait une brique de l\u00e9go. Tout seul, il ne sert \u00e0  rien. Mais avec les autres, il peut construire de belles choses. &nbsp;<br>S&rsquo;il \u00e9tait une couleur, il serait un bleu outre-mer, bien satur\u00e9, un bleu qui a la p\u00eache.<br>Et s&rsquo;il \u00e9tait une lettre de l&rsquo;alphabet, il serait le R car il est quand m\u00eame un peu romantique.<\/p>\n\n\n\n<ul class=\"wp-block-gallery columns-2 is-cropped wp-block-gallery-1 is-layout-flex wp-block-gallery-is-layout-flex\"><li class=\"blocks-gallery-item\"><figure><img data-recalc-dims=\"1\" decoding=\"async\" src=\"https:\/\/i0.wp.com\/bdmiam.fr\/wp-content\/uploads\/2019\/05\/Couv_224918-1.jpg?ssl=1\" alt=\"\" data-id=\"5243\" data-link=\"https:\/\/bdmiam.fr\/?attachment_id=5243\" class=\"wp-image-5243\"\/><\/figure><\/li><li class=\"blocks-gallery-item\"><figure><img data-recalc-dims=\"1\" decoding=\"async\" src=\"https:\/\/i0.wp.com\/bdmiam.fr\/wp-content\/uploads\/2019\/05\/Couv_365860-1.jpg?ssl=1\" alt=\"\" data-id=\"5244\" data-link=\"https:\/\/bdmiam.fr\/?attachment_id=5244\" class=\"wp-image-5244\"\/><\/figure><\/li><\/ul>\n\n\n\n<div class=\"wp-block-image\"><figure class=\"aligncenter is-resized\"><img data-recalc-dims=\"1\" loading=\"lazy\" decoding=\"async\" src=\"https:\/\/i0.wp.com\/bdmiam.fr\/wp-content\/uploads\/2019\/05\/Couv_304838-2.jpg?resize=320%2C424&#038;ssl=1\" alt=\"\" class=\"wp-image-5245\" width=\"320\" height=\"424\"\/><\/figure><\/div>\n\n\n\n<p style=\"text-align:center\">Sources : <a rel=\"noreferrer noopener\" aria-label=\"B\u00e9d\u00e9th\u00e8que  (s\u2019ouvre dans un nouvel onglet)\" href=\"https:\/\/www.bedetheque.com\/auteur-46554-BD-Perrot-Franck.html\" target=\"_blank\">B\u00e9d\u00e9th\u00e8que <\/a>; <a rel=\"noreferrer noopener\" aria-label=\"Franck Perrot (s\u2019ouvre dans un nouvel onglet)\" href=\"https:\/\/perrot42.wixsite.com\/franckperrot\" target=\"_blank\">Franck Perrot<\/a><\/p>\n\n\n\n<p><strong>Info festival 2019 :<\/strong><br>Franck Perrot d\u00e9dicacera l&rsquo;int\u00e9gralit\u00e9 de son travail.<br>Les albums devront \u00eatre <strong>achet\u00e9s sur place, \u00e0 la librairie du festival.<\/strong><br><\/p>\n","protected":false},"excerpt":{"rendered":"<p>Si Franck \u00e9tait un animal, il serait une fourmi, minuscule, presque invisible et qui pourtant accomplit des choses incroyables. S&rsquo;il \u00e9tait une plante, il serait une ortie. Si on le prend comme il faut et qu&rsquo;on sait l&rsquo;accommoder, il est tr\u00e8s bon, en soupe surtout. Mais il peut aussi irriter longtemps ceux qui l&rsquo;\u00e9nervent. S&rsquo;il [&hellip;]<\/p>\n","protected":false},"author":7,"featured_media":5245,"parent":4494,"menu_order":0,"comment_status":"closed","ping_status":"closed","template":"","meta":{"footnotes":""},"class_list":["post-5241","page","type-page","status-publish","has-post-thumbnail","hentry"],"jetpack_sharing_enabled":true,"_links":{"self":[{"href":"https:\/\/bdmiam.fr\/index.php\/wp-json\/wp\/v2\/pages\/5241","targetHints":{"allow":["GET"]}}],"collection":[{"href":"https:\/\/bdmiam.fr\/index.php\/wp-json\/wp\/v2\/pages"}],"about":[{"href":"https:\/\/bdmiam.fr\/index.php\/wp-json\/wp\/v2\/types\/page"}],"author":[{"embeddable":true,"href":"https:\/\/bdmiam.fr\/index.php\/wp-json\/wp\/v2\/users\/7"}],"replies":[{"embeddable":true,"href":"https:\/\/bdmiam.fr\/index.php\/wp-json\/wp\/v2\/comments?post=5241"}],"version-history":[{"count":0,"href":"https:\/\/bdmiam.fr\/index.php\/wp-json\/wp\/v2\/pages\/5241\/revisions"}],"up":[{"embeddable":true,"href":"https:\/\/bdmiam.fr\/index.php\/wp-json\/wp\/v2\/pages\/4494"}],"wp:featuredmedia":[{"embeddable":true,"href":"https:\/\/bdmiam.fr\/index.php\/wp-json\/wp\/v2\/media\/5245"}],"wp:attachment":[{"href":"https:\/\/bdmiam.fr\/index.php\/wp-json\/wp\/v2\/media?parent=5241"}],"curies":[{"name":"wp","href":"https:\/\/api.w.org\/{rel}","templated":true}]}}