{"id":5379,"date":"2020-03-12T18:04:07","date_gmt":"2020-03-12T17:04:07","guid":{"rendered":"http:\/\/bdmiam.fr\/?page_id=5379"},"modified":"2020-03-12T18:04:07","modified_gmt":"2020-03-12T17:04:07","slug":"denis-rodier","status":"publish","type":"page","link":"https:\/\/bdmiam.fr\/index.php\/nos-artistes\/denis-rodier\/","title":{"rendered":"Denis Rodier"},"content":{"rendered":"\n<div class=\"wp-block-image\"><figure class=\"aligncenter\"><img data-recalc-dims=\"1\" decoding=\"async\" src=\"https:\/\/i0.wp.com\/bdmiam.fr\/wp-content\/uploads\/2020\/03\/D.-Rodier.jpg?ssl=1\" alt=\"\" class=\"wp-image-5380\"\/><\/figure><\/div>\n\n\n\n<p style=\"text-align:center\"><strong>Denis Rodier<\/strong> est un dessinateur qu\u00e9b\u00e9cois. Il collabore tr\u00e8s t\u00f4t  aux s\u00e9ries les plus populaires d\u2019\u00e9diteurs am\u00e9ricains comme Marvel et DC  Comics. C\u2019est son travail sur la s\u00e9rie <em>Superman<\/em> qui est le plus remarqu\u00e9, en particulier l\u2019arc <em>Death of Superman<\/em>, laur\u00e9at de plusieurs prix. En Europe, on le connait surtout pour sa s\u00e9rie <em>L&rsquo;Ordre de Dragons<\/em> avec Jean-Luc Istin, et sa suite, <em>L\u2019Apog\u00e9e des Dragons<\/em> avec Corbeyran aux \u00e9ditions Soleil. <\/p>\n\n\n\n<p style=\"text-align:center\">En 2020 para\u00eet son album \u00ab\u00a0La Bombe\u00a0\u00bb,  aux \u00e9ditions Gl\u00e9nat avec au sc\u00e9nario Alcante et Boll\u00e9e.<\/p>\n\n\n\n<div class=\"wp-block-image\"><figure class=\"aligncenter is-resized\"><img data-recalc-dims=\"1\" loading=\"lazy\" decoding=\"async\" src=\"https:\/\/i0.wp.com\/bdmiam.fr\/wp-content\/uploads\/2020\/03\/Couv_385597.jpg?resize=277%2C387&#038;ssl=1\" alt=\"\" class=\"wp-image-5381\" width=\"277\" height=\"387\"\/><\/figure><\/div>\n\n\n\n<p style=\"text-align:center\"><strong>Info Festival 2020 : <br>\u00c9tant dans la promotion de son dernier album, Denis Rodier ne d\u00e9dicacera que \u00ab\u00a0La Bombe\u00a0\u00bb, achet\u00e9 \u00e0 la librairie du festival.<br><\/strong><\/p>\n\n\n\n<p style=\"text-align:center\">Source : <a href=\"https:\/\/www.glenat.com\/auteurs\/denis-rodier\" target=\"_blank\" rel=\"noreferrer noopener\" aria-label=\"Gl\u00e9nat (s\u2019ouvre dans un nouvel onglet)\">Gl\u00e9nat<\/a>.<\/p>\n","protected":false},"excerpt":{"rendered":"<p>Denis Rodier est un dessinateur qu\u00e9b\u00e9cois. Il collabore tr\u00e8s t\u00f4t aux s\u00e9ries les plus populaires d\u2019\u00e9diteurs am\u00e9ricains comme Marvel et DC Comics. C\u2019est son travail sur la s\u00e9rie Superman qui est le plus remarqu\u00e9, en particulier l\u2019arc Death of Superman, laur\u00e9at de plusieurs prix. En Europe, on le connait surtout pour sa s\u00e9rie L&rsquo;Ordre de [&hellip;]<\/p>\n","protected":false},"author":7,"featured_media":5381,"parent":4494,"menu_order":0,"comment_status":"closed","ping_status":"closed","template":"","meta":{"footnotes":""},"class_list":["post-5379","page","type-page","status-publish","has-post-thumbnail","hentry"],"jetpack_sharing_enabled":true,"_links":{"self":[{"href":"https:\/\/bdmiam.fr\/index.php\/wp-json\/wp\/v2\/pages\/5379","targetHints":{"allow":["GET"]}}],"collection":[{"href":"https:\/\/bdmiam.fr\/index.php\/wp-json\/wp\/v2\/pages"}],"about":[{"href":"https:\/\/bdmiam.fr\/index.php\/wp-json\/wp\/v2\/types\/page"}],"author":[{"embeddable":true,"href":"https:\/\/bdmiam.fr\/index.php\/wp-json\/wp\/v2\/users\/7"}],"replies":[{"embeddable":true,"href":"https:\/\/bdmiam.fr\/index.php\/wp-json\/wp\/v2\/comments?post=5379"}],"version-history":[{"count":0,"href":"https:\/\/bdmiam.fr\/index.php\/wp-json\/wp\/v2\/pages\/5379\/revisions"}],"up":[{"embeddable":true,"href":"https:\/\/bdmiam.fr\/index.php\/wp-json\/wp\/v2\/pages\/4494"}],"wp:featuredmedia":[{"embeddable":true,"href":"https:\/\/bdmiam.fr\/index.php\/wp-json\/wp\/v2\/media\/5381"}],"wp:attachment":[{"href":"https:\/\/bdmiam.fr\/index.php\/wp-json\/wp\/v2\/media?parent=5379"}],"curies":[{"name":"wp","href":"https:\/\/api.w.org\/{rel}","templated":true}]}}