{"id":5385,"date":"2020-03-12T18:19:39","date_gmt":"2020-03-12T17:19:39","guid":{"rendered":"http:\/\/bdmiam.fr\/?page_id=5385"},"modified":"2020-03-12T18:19:39","modified_gmt":"2020-03-12T17:19:39","slug":"damour","status":"publish","type":"page","link":"https:\/\/bdmiam.fr\/index.php\/nos-artistes\/damour\/","title":{"rendered":"Damour"},"content":{"rendered":"\n<div class=\"wp-block-image\"><figure class=\"aligncenter is-resized\"><img data-recalc-dims=\"1\" loading=\"lazy\" decoding=\"async\" src=\"https:\/\/i0.wp.com\/bdmiam.fr\/wp-content\/uploads\/2020\/03\/000000141041-INT.jpg?resize=240%2C240&#038;ssl=1\" alt=\"\" class=\"wp-image-5386\" width=\"240\" height=\"240\"\/><\/figure><\/div>\n\n\n\n<p style=\"text-align:center\">S\u00e9bastien Tessier dit <strong>Damour<\/strong>  est n\u00e9 le 19 juillet 1972 \u00e0 La Roche-sur-Yon en Vend\u00e9e. Il dessine d\u00e8s  son plus jeune \u00e2ge et s&rsquo;initie \u00e0 la BD d\u00e8s neuf ans. Il entre \u00e0 la  Facult\u00e9 d&rsquo;Arts Plastiques de Bordeaux avec l&rsquo;id\u00e9e de devenir professeur  de dessin.<br>Il abandonne assez vite cette voie et par  l&rsquo;entremise bienveillante de Didier Crisse rencontre les \u00e9ditions  Delcourt au salon d&rsquo;Angoul\u00eame en 1994. Un projet cyber-punk avec  Jean-Pierre P\u00e9cau au sc\u00e9nario voit le jour. La s\u00e9rie <em>Nash<\/em> para\u00eet sous le label S\u00e9rie B. Damour y r\u00e9v\u00e8le son attirance pour la science-fiction, fortement nourri par le <em>Blade Runner<\/em> de Ridley Scott.<br> Ses influences graphiques commencent avec M\u0153bius, passent par Bernet,  Liberatore, pour aller aujourd&rsquo;hui vers Sergio Toppi, Mignola ou encore  Fran\u00e7ois Boucq.<br> Ses r\u00e9f\u00e9rences cin\u00e9matographiques sont multiples,  allant de David Lynch \u00e0 Fellini, en passant par Jim Jarmusch ou encore  Terry Gilliam.<br> Apr\u00e8s 10 tomes de <em>Nash <\/em>et un album aux  Humano\u00efdes Associ\u00e9s, Damour entre dans la collection Empreinte(s) des  \u00e9ditions Dupuis pour participer au projet collectif <em>Pandora Box<\/em>. Il r\u00e9alise le tome 7 de la s\u00e9rie, intitul\u00e9 <em>La Col\u00e8re<\/em>.<br> Il d\u00e9veloppe ensuite <em>Le Testament du Docteur M<\/em>  chez Delcourt, une s\u00e9rie en 3 tomes avec Jean-Pierre P\u00e9cau au sc\u00e9nario,  thriller fantastique o\u00f9 s\u2019exprime un go\u00fbt certain pour  l\u2019expressionnisme et la noirceur.<br>D\u00e9sormais, Damour s\u2019engage (avec R\u00e9mi Gu\u00e9rin au sc\u00e9nario) dans une s\u00e9rie de western r\u00e9aliste aux  \u00e9ditions Gl\u00e9nat, qui \u00e9voquera les enqu\u00eates et les agissements  controvers\u00e9s de l\u2019agence de d\u00e9tectives Pinkerton, \u00e0 la fin du XIX<sup>e<\/sup> si\u00e8cle aux \u00c9tats-Unis. &nbsp;&nbsp;&nbsp;<br>  R\u00e9sidant \u00e0 Bordeaux, il signe du pseudonyme Damour, non par coquetterie mais en clin d&rsquo;\u0153il au nom de jeune fille de sa m\u00e8re.<\/p>\n\n\n\n<p style=\"text-align:center\">En 2019 et 2020 sortent les 3 albums de sa s\u00e9rie \u00ab\u00a0La Cagoule\u00a0\u00bb, et en cette occasion nous aurons le plaisir de le recevoir \u00e0 BD Miam ! <\/p>\n\n\n\n<div class=\"wp-block-image\"><figure class=\"aligncenter is-resized\"><img data-recalc-dims=\"1\" loading=\"lazy\" decoding=\"async\" src=\"https:\/\/i0.wp.com\/bdmiam.fr\/wp-content\/uploads\/2020\/03\/73316964.jpg?resize=314%2C419&#038;ssl=1\" alt=\"\" class=\"wp-image-5387\" width=\"314\" height=\"419\"\/><\/figure><\/div>\n\n\n\n<p style=\"text-align:center\"><strong>Info Festival 2020 : <br>\u00c9tant dans la promotion de sa nouvelle s\u00e9rie, Damour ne d\u00e9dicacera que cette derni\u00e8re. Le tome 3 devra obligatoirement avoir \u00e9t\u00e9 achet\u00e9 \u00e0 la librairie du festival. <\/strong><\/p>\n\n\n\n<p style=\"text-align:center\">Source : <a href=\"https:\/\/www.glenat.com\/auteurs\/damour\" target=\"_blank\" rel=\"noreferrer noopener\" aria-label=\"Gl\u00e9nat (s\u2019ouvre dans un nouvel onglet)\">Gl\u00e9nat<\/a><\/p>\n","protected":false},"excerpt":{"rendered":"<p>S\u00e9bastien Tessier dit Damour est n\u00e9 le 19 juillet 1972 \u00e0 La Roche-sur-Yon en Vend\u00e9e. Il dessine d\u00e8s son plus jeune \u00e2ge et s&rsquo;initie \u00e0 la BD d\u00e8s neuf ans. Il entre \u00e0 la Facult\u00e9 d&rsquo;Arts Plastiques de Bordeaux avec l&rsquo;id\u00e9e de devenir professeur de dessin.Il abandonne assez vite cette voie et par l&rsquo;entremise bienveillante [&hellip;]<\/p>\n","protected":false},"author":7,"featured_media":5387,"parent":4494,"menu_order":0,"comment_status":"closed","ping_status":"closed","template":"","meta":{"footnotes":""},"class_list":["post-5385","page","type-page","status-publish","has-post-thumbnail","hentry"],"jetpack_sharing_enabled":true,"_links":{"self":[{"href":"https:\/\/bdmiam.fr\/index.php\/wp-json\/wp\/v2\/pages\/5385","targetHints":{"allow":["GET"]}}],"collection":[{"href":"https:\/\/bdmiam.fr\/index.php\/wp-json\/wp\/v2\/pages"}],"about":[{"href":"https:\/\/bdmiam.fr\/index.php\/wp-json\/wp\/v2\/types\/page"}],"author":[{"embeddable":true,"href":"https:\/\/bdmiam.fr\/index.php\/wp-json\/wp\/v2\/users\/7"}],"replies":[{"embeddable":true,"href":"https:\/\/bdmiam.fr\/index.php\/wp-json\/wp\/v2\/comments?post=5385"}],"version-history":[{"count":0,"href":"https:\/\/bdmiam.fr\/index.php\/wp-json\/wp\/v2\/pages\/5385\/revisions"}],"up":[{"embeddable":true,"href":"https:\/\/bdmiam.fr\/index.php\/wp-json\/wp\/v2\/pages\/4494"}],"wp:featuredmedia":[{"embeddable":true,"href":"https:\/\/bdmiam.fr\/index.php\/wp-json\/wp\/v2\/media\/5387"}],"wp:attachment":[{"href":"https:\/\/bdmiam.fr\/index.php\/wp-json\/wp\/v2\/media?parent=5385"}],"curies":[{"name":"wp","href":"https:\/\/api.w.org\/{rel}","templated":true}]}}