{"id":5433,"date":"2022-04-10T13:35:25","date_gmt":"2022-04-10T12:35:25","guid":{"rendered":"http:\/\/bdmiam.fr\/?page_id=5433"},"modified":"2022-04-10T13:35:25","modified_gmt":"2022-04-10T12:35:25","slug":"christophe-girard","status":"publish","type":"page","link":"https:\/\/bdmiam.fr\/index.php\/nos-artistes\/christophe-girard\/","title":{"rendered":"Christophe Girard"},"content":{"rendered":"\n<div class=\"wp-block-image\"><figure class=\"aligncenter\"><img data-recalc-dims=\"1\" decoding=\"async\" src=\"https:\/\/i0.wp.com\/bdmiam.fr\/wp-content\/uploads\/2022\/04\/Photo_17065.jpg?ssl=1\" alt=\"\" class=\"wp-image-5434\"\/><\/figure><\/div>\n\n\n\n<p style=\"text-align:center\"> \u00ab\u00a0Je suis n\u00e9 en mai 68 mais je n&rsquo;ai pas eu la force de jeter mes  premi\u00e8res couches sur les policiers. Depuis toujours, ce mois historique  m&rsquo;a coll\u00e9 \u00e0 la peau me nimbant d&rsquo;une aur\u00e9ole r\u00e9volutionnaire. \u00c0 5 ans,  je me suis attaqu\u00e9 \u00e0 la machine capitaliste, en copiant int\u00e9gralement \u00e0  la main et en tirant la langue, le journal de Mickey que j&rsquo;essayai de  revendre \u00e0 mon entourage \u00e0 des prix qui auraient d\u00fb mettre \u00e0 genoux l&rsquo;imp\u00e9rialiste am\u00e9ricain. Ma cadence de travail fut la source de mon \u00e9chec. Quand ce fut le tour de ma r\u00e9volte printani\u00e8re de lyc\u00e9en, je ne fis rien : cette fille sublime \u00e0 la grande couette pr\u00e9f\u00e9rait pr\u00e9parer son bac. Je fis alors de m\u00eame. La r\u00e9volution \u00e9tait pass\u00e9e quand j&rsquo;appris qu&rsquo;elle pr\u00e9f\u00e9rait les grands blonds. Quand vint le temps de l&rsquo;occupation de l&rsquo;\u00e9cole des Beaux-Arts, je n&rsquo;ai pas pu non plus, j&rsquo;avais  \u00ab\u00a0plonge\u00a0\u00bb dans un resto. J&rsquo;ai fr\u00e9quent\u00e9 les milieux d&rsquo;extr\u00eame gauche \u00e0 la limite du terrorisme sans jamais oser suivre. Puis en travaillant  comme humanitaire, j&rsquo;ai dessin\u00e9 les camps de la mort en Roumanie, les massacres des Kurdes apr\u00e8s la premi\u00e8re guerre du Golfe. Puis la guerre en Croatie, en Bosnie. J&rsquo;ai d\u00e9couvert la mis\u00e8re de nos propres rues. J&rsquo;ai dessin\u00e9 des carnets de voyages quand c&rsquo;\u00e9tait ringard. J&rsquo;ai \u00e9t\u00e9  plasticien, j&rsquo;ai \u00e9t\u00e9 n\u00e9o-dada\u00efste. Tout \u00e7a pour pas grand chose. Je suis devenu professeur. Je suis devenu fonctionnaire. Et enfin, je suis devenu un r\u00e9volutionnaire efficace. Devant moi, des cerveaux libres et vivants pour une r\u00e9publique la\u00efque, d\u00e9mocratique et cultiv\u00e9e ! Ma soif de savoir et la r\u00e9flexion sont mes armes. Comme le principe d&rsquo;une  r\u00e9volution est de revenir sur ses bases, en 2005, je suis revenu \u00e0 la BD. Je suis un vieux d\u00e9butant mais mon pass\u00e9 nourrit mes planches. Je r\u00eave d&rsquo;une bande dessin\u00e9e distrayante, esth\u00e9tique et intelligente. Instructive et engag\u00e9e. Un crayon peut changer ce qu&rsquo;une bombe peut stigmatiser. Je suis n\u00e9 en mai 68 qui me nimbe d&rsquo;une aur\u00e9ole r\u00e9volutionnaire malgr\u00e9 moi.\u00a0\u00bb <\/p>\n\n\n\n<p><\/p>\n\n\n\n<p style=\"text-align:center\">Invit\u00e9 dans les murs du mus\u00e9e Matisse de Nice, Christophe Girard a dessin\u00e9 l\u2019album Matisse Manga comme le carnet  d\u2019un voyage immobile. Les 51 planches ont \u00e9t\u00e9 produites en direct au  stylo bille, en r\u00e9f\u00e9rence au dessinateur japonais Hokusai et son album \u00ab  Hokusai Manga \u00bb (1814) traduit par : dessin en libert\u00e9 ou dessin au fil  du pinceau.<br> M\u00e9tropolis est le second album de Christophe Girard dans la m\u00eame  collection (Hors collection). Cet album est librement adapt\u00e9 du film de  Fritz Lang. Christophe a dessin\u00e9 le diptyque Ismahane sur un sc\u00e9nario de  Sasha (sc\u00e9nariste de Salt Pit). Le premier volume a obtenu les Prix du  Jury oecum\u00e9nique \u00e0 Angoul\u00eame 2012. Entre 2012 et 2014, il publie une  trilogie sur la r\u00e9volte des canuts \u00e0 Lyon en 1881 \u00ab\u00a0Le linceul du vieux  monde\u00a0\u00bb. Il travaille avec Bernard Valgaeren sur un album  \u00ab\u00a0autobiographique\u00a0\u00bb \u00ab\u00a0Bernarreke\u00a0\u00bb. <\/p>\n\n\n\n<div class=\"wp-block-image\"><figure class=\"aligncenter is-resized\"><img data-recalc-dims=\"1\" loading=\"lazy\" decoding=\"async\" src=\"https:\/\/i0.wp.com\/bdmiam.fr\/wp-content\/uploads\/2022\/04\/Couv_444235.jpg?resize=248%2C340&#038;ssl=1\" alt=\"\" class=\"wp-image-5435\" width=\"248\" height=\"340\"\/><\/figure><\/div>\n\n\n\n<p style=\"text-align:center\">Source : <a href=\"https:\/\/www.bedetheque.com\/auteur-17065-BD-Girard-Christophe.html\" target=\"_blank\" rel=\"noreferrer noopener\" aria-label=\"B\u00e9d\u00e9th\u00e8que (s\u2019ouvre dans un nouvel onglet)\">B\u00e9d\u00e9th\u00e8que<\/a>.<\/p>\n","protected":false},"excerpt":{"rendered":"<p>\u00ab\u00a0Je suis n\u00e9 en mai 68 mais je n&rsquo;ai pas eu la force de jeter mes premi\u00e8res couches sur les policiers. Depuis toujours, ce mois historique m&rsquo;a coll\u00e9 \u00e0 la peau me nimbant d&rsquo;une aur\u00e9ole r\u00e9volutionnaire. \u00c0 5 ans, je me suis attaqu\u00e9 \u00e0 la machine capitaliste, en copiant int\u00e9gralement \u00e0 la main et en [&hellip;]<\/p>\n","protected":false},"author":7,"featured_media":0,"parent":4494,"menu_order":0,"comment_status":"closed","ping_status":"closed","template":"","meta":{"footnotes":""},"class_list":["post-5433","page","type-page","status-publish","hentry"],"jetpack_sharing_enabled":true,"_links":{"self":[{"href":"https:\/\/bdmiam.fr\/index.php\/wp-json\/wp\/v2\/pages\/5433","targetHints":{"allow":["GET"]}}],"collection":[{"href":"https:\/\/bdmiam.fr\/index.php\/wp-json\/wp\/v2\/pages"}],"about":[{"href":"https:\/\/bdmiam.fr\/index.php\/wp-json\/wp\/v2\/types\/page"}],"author":[{"embeddable":true,"href":"https:\/\/bdmiam.fr\/index.php\/wp-json\/wp\/v2\/users\/7"}],"replies":[{"embeddable":true,"href":"https:\/\/bdmiam.fr\/index.php\/wp-json\/wp\/v2\/comments?post=5433"}],"version-history":[{"count":0,"href":"https:\/\/bdmiam.fr\/index.php\/wp-json\/wp\/v2\/pages\/5433\/revisions"}],"up":[{"embeddable":true,"href":"https:\/\/bdmiam.fr\/index.php\/wp-json\/wp\/v2\/pages\/4494"}],"wp:attachment":[{"href":"https:\/\/bdmiam.fr\/index.php\/wp-json\/wp\/v2\/media?parent=5433"}],"curies":[{"name":"wp","href":"https:\/\/api.w.org\/{rel}","templated":true}]}}