{"id":5439,"date":"2022-04-10T13:39:22","date_gmt":"2022-04-10T12:39:22","guid":{"rendered":"http:\/\/bdmiam.fr\/?page_id=5439"},"modified":"2022-04-10T13:39:22","modified_gmt":"2022-04-10T12:39:22","slug":"paola-antista","status":"publish","type":"page","link":"https:\/\/bdmiam.fr\/index.php\/festival-2023\/paola-antista\/","title":{"rendered":"Paola Antista"},"content":{"rendered":"\n<div class=\"wp-block-image\"><figure class=\"aligncenter\"><img data-recalc-dims=\"1\" decoding=\"async\" src=\"https:\/\/i0.wp.com\/bdmiam.fr\/wp-content\/uploads\/2022\/04\/Photo_23209.jpg?ssl=1\" alt=\"\" class=\"wp-image-5440\"\/><\/figure><\/div>\n\n\n\n<p style=\"text-align:center\"> Apr\u00e8s les cours de dessin \u00e0 la Disney Academy, <strong>Paola Antista<\/strong> a commenc\u00e9 \u00e0 travailler comme designer pour Piemme, Red Whale, Barbie Magazine, des livres scolaires et des agences de publicit\u00e9. Elle donne des cours de  bande dessin\u00e9e pour les \u00e9coles primaires et secondaires et collabore  occasionnellement avec des agences de divertissement en tant que dessinatrice.<br> Elle a travaill\u00e9 sur les storyboards du long m\u00e9trage Rainbow Winx Club  3D_Magic Adventure et a illustr\u00e9 la s\u00e9rie Un canap\u00e9 pour douze, \u00e9dit\u00e9e en Italie par Giunti.<br> Pour la France, elle con\u00e7oit la s\u00e9rie Chats !, de nous Gatti !, d&rsquo;apr\u00e8s des textes de Fr\u00e9d\u00e9ric Bremaud. <\/p>\n\n\n\n<ul class=\"wp-block-gallery columns-2 is-cropped wp-block-gallery-1 is-layout-flex wp-block-gallery-is-layout-flex\"><li class=\"blocks-gallery-item\"><figure><img data-recalc-dims=\"1\" decoding=\"async\" src=\"https:\/\/i0.wp.com\/bdmiam.fr\/wp-content\/uploads\/2023\/05\/9782822236645_1-2-2.jpeg?ssl=1\" alt=\"\" data-id=\"5993\" data-link=\"https:\/\/bdmiam.fr\/festival-2020\/paola-antista\/9782822236645_1\/\" class=\"wp-image-5993\"\/><\/figure><\/li><li class=\"blocks-gallery-item\"><figure><img data-recalc-dims=\"1\" decoding=\"async\" src=\"https:\/\/i0.wp.com\/bdmiam.fr\/wp-content\/uploads\/2023\/05\/Couv_455586-1-1.jpg?ssl=1\" alt=\"\" data-id=\"5995\" data-link=\"https:\/\/bdmiam.fr\/festival-2020\/paola-antista\/couv_455586\/\" class=\"wp-image-5995\"\/><\/figure><\/li><\/ul>\n\n\n\n<p style=\"text-align:center\">Source : <a href=\"https:\/\/www.bedetheque.com\/auteur-23209-BD-Antista-Paola.html\" target=\"_blank\" rel=\"noreferrer noopener\" aria-label=\"B\u00e9d\u00e9th\u00e8que (s\u2019ouvre dans un nouvel onglet)\">B\u00e9d\u00e9th\u00e8que<\/a>.<\/p>\n","protected":false},"excerpt":{"rendered":"<p>Apr\u00e8s les cours de dessin \u00e0 la Disney Academy, Paola Antista a commenc\u00e9 \u00e0 travailler comme designer pour Piemme, Red Whale, Barbie Magazine, des livres scolaires et des agences de publicit\u00e9. Elle donne des cours de bande dessin\u00e9e pour les \u00e9coles primaires et secondaires et collabore occasionnellement avec des agences de divertissement en tant que [&hellip;]<\/p>\n","protected":false},"author":7,"featured_media":5992,"parent":4479,"menu_order":0,"comment_status":"closed","ping_status":"closed","template":"","meta":{"footnotes":""},"class_list":["post-5439","page","type-page","status-publish","has-post-thumbnail","hentry"],"jetpack_sharing_enabled":true,"_links":{"self":[{"href":"https:\/\/bdmiam.fr\/index.php\/wp-json\/wp\/v2\/pages\/5439","targetHints":{"allow":["GET"]}}],"collection":[{"href":"https:\/\/bdmiam.fr\/index.php\/wp-json\/wp\/v2\/pages"}],"about":[{"href":"https:\/\/bdmiam.fr\/index.php\/wp-json\/wp\/v2\/types\/page"}],"author":[{"embeddable":true,"href":"https:\/\/bdmiam.fr\/index.php\/wp-json\/wp\/v2\/users\/7"}],"replies":[{"embeddable":true,"href":"https:\/\/bdmiam.fr\/index.php\/wp-json\/wp\/v2\/comments?post=5439"}],"version-history":[{"count":0,"href":"https:\/\/bdmiam.fr\/index.php\/wp-json\/wp\/v2\/pages\/5439\/revisions"}],"up":[{"embeddable":true,"href":"https:\/\/bdmiam.fr\/index.php\/wp-json\/wp\/v2\/pages\/4479"}],"wp:featuredmedia":[{"embeddable":true,"href":"https:\/\/bdmiam.fr\/index.php\/wp-json\/wp\/v2\/media\/5992"}],"wp:attachment":[{"href":"https:\/\/bdmiam.fr\/index.php\/wp-json\/wp\/v2\/media?parent=5439"}],"curies":[{"name":"wp","href":"https:\/\/api.w.org\/{rel}","templated":true}]}}