{"id":5447,"date":"2022-05-10T06:36:25","date_gmt":"2022-05-10T05:36:25","guid":{"rendered":"http:\/\/bdmiam.fr\/?page_id=5447"},"modified":"2022-05-10T06:36:25","modified_gmt":"2022-05-10T05:36:25","slug":"vincenzo-bizzarri","status":"publish","type":"page","link":"https:\/\/bdmiam.fr\/index.php\/nos-artistes\/vincenzo-bizzarri\/","title":{"rendered":"Vincenzo Bizzarri"},"content":{"rendered":"\n<div class=\"wp-block-image\"><figure class=\"aligncenter is-resized\"><img data-recalc-dims=\"1\" loading=\"lazy\" decoding=\"async\" src=\"https:\/\/i0.wp.com\/bdmiam.fr\/wp-content\/uploads\/2022\/05\/Photo_47458.jpg?resize=280%2C280&#038;ssl=1\" alt=\"\" class=\"wp-image-5448\" width=\"280\" height=\"280\"\/><\/figure><\/div>\n\n\n\n<p style=\"text-align:center\" class=\"has-text-color has-black-color\"><strong>Vincenzo Bizzarri<\/strong> est n\u00e9 en Italie. Il a r\u00e9alis\u00e9 ses \u00e9tudes \u00e0 l\u2019Acad\u00e9mie des beaux-arts de  Bologne o\u00f9 il r\u00e9side toujours. En France, en 2017, il publie aux  \u00e9ditions Sarbacane <em>La Cit\u00e9 des trois saints<\/em>. Deux ann\u00e9es plus  tard, il r\u00e9alise ses premi\u00e8res planches pour les \u00e9ditions Gl\u00e9nat, consacr\u00e9es \u00e0 deux albums de bande dessin\u00e9e historique sc\u00e9naris\u00e9es par <strong>No\u00ebl  Simsolo<\/strong> autour de la R\u00e9volution fran\u00e7aise <em>: \u00ab\u00a01789\u00a0\u00bb<\/em>. La collaboration se poursuit avec <em>Jean Gabin<\/em>, o\u00f9 Vincenzo revient \u00e0 un trait plus l\u00e2ch\u00e9 et a\u00e9rien, propre au roman graphique.<br>En 2022, il publie Les Assi\u00e9g\u00e9s, avec <strong>Stefano Nardella<\/strong> au sc\u00e9nario.<\/p>\n\n\n\n<div class=\"wp-block-image\"><figure class=\"aligncenter is-resized\"><img data-recalc-dims=\"1\" loading=\"lazy\" decoding=\"async\" src=\"https:\/\/i0.wp.com\/bdmiam.fr\/wp-content\/uploads\/2022\/05\/Couv_446080.jpg?resize=248%2C331&#038;ssl=1\" alt=\"\" class=\"wp-image-5449\" width=\"248\" height=\"331\"\/><\/figure><\/div>\n\n\n\n<p style=\"text-align:center\"><strong>Info festival 2022 :<\/strong> Vincenzzo Bizzarri \u00e9tant dans la promotion de son dernier album, <strong>il ne d\u00e9dicacera que son album <em>Les Assi\u00e9g\u00e9s<\/em>, achet\u00e9 \u00e0 la librairie du festival.<\/strong><\/p>\n\n\n\n<p style=\"text-align:center\">Source : <a href=\"https:\/\/www.glenat.com\/auteurs\/vincenzo-bizzarri\" target=\"_blank\" rel=\"noreferrer noopener\" aria-label=\"Gl\u00e9nat.com (s\u2019ouvre dans un nouvel onglet)\">Gl\u00e9nat.com<\/a><\/p>\n","protected":false},"excerpt":{"rendered":"<p>Vincenzo Bizzarri est n\u00e9 en Italie. Il a r\u00e9alis\u00e9 ses \u00e9tudes \u00e0 l\u2019Acad\u00e9mie des beaux-arts de Bologne o\u00f9 il r\u00e9side toujours. En France, en 2017, il publie aux \u00e9ditions Sarbacane La Cit\u00e9 des trois saints. Deux ann\u00e9es plus tard, il r\u00e9alise ses premi\u00e8res planches pour les \u00e9ditions Gl\u00e9nat, consacr\u00e9es \u00e0 deux albums de bande dessin\u00e9e [&hellip;]<\/p>\n","protected":false},"author":7,"featured_media":0,"parent":4494,"menu_order":0,"comment_status":"closed","ping_status":"closed","template":"","meta":{"footnotes":""},"class_list":["post-5447","page","type-page","status-publish","hentry"],"jetpack_sharing_enabled":true,"_links":{"self":[{"href":"https:\/\/bdmiam.fr\/index.php\/wp-json\/wp\/v2\/pages\/5447","targetHints":{"allow":["GET"]}}],"collection":[{"href":"https:\/\/bdmiam.fr\/index.php\/wp-json\/wp\/v2\/pages"}],"about":[{"href":"https:\/\/bdmiam.fr\/index.php\/wp-json\/wp\/v2\/types\/page"}],"author":[{"embeddable":true,"href":"https:\/\/bdmiam.fr\/index.php\/wp-json\/wp\/v2\/users\/7"}],"replies":[{"embeddable":true,"href":"https:\/\/bdmiam.fr\/index.php\/wp-json\/wp\/v2\/comments?post=5447"}],"version-history":[{"count":0,"href":"https:\/\/bdmiam.fr\/index.php\/wp-json\/wp\/v2\/pages\/5447\/revisions"}],"up":[{"embeddable":true,"href":"https:\/\/bdmiam.fr\/index.php\/wp-json\/wp\/v2\/pages\/4494"}],"wp:attachment":[{"href":"https:\/\/bdmiam.fr\/index.php\/wp-json\/wp\/v2\/media?parent=5447"}],"curies":[{"name":"wp","href":"https:\/\/api.w.org\/{rel}","templated":true}]}}