{"id":5460,"date":"2022-05-10T06:50:10","date_gmt":"2022-05-10T05:50:10","guid":{"rendered":"http:\/\/bdmiam.fr\/?page_id=5460"},"modified":"2022-05-10T06:50:10","modified_gmt":"2022-05-10T05:50:10","slug":"antoine-brivet","status":"publish","type":"page","link":"https:\/\/bdmiam.fr\/index.php\/nos-artistes\/antoine-brivet\/","title":{"rendered":"Antoine Brivet"},"content":{"rendered":"\n<div class=\"wp-block-image\"><figure class=\"aligncenter\"><img data-recalc-dims=\"1\" decoding=\"async\" src=\"https:\/\/i0.wp.com\/bdmiam.fr\/wp-content\/uploads\/2022\/05\/Photo_22785-2.jpg?ssl=1\" alt=\"\" class=\"wp-image-5462\"\/><figcaption><br><\/figcaption><\/figure><\/div>\n\n\n\n<p style=\"text-align:center\"> <strong>Antoine Brivet<\/strong> est n\u00e9 \u00e0 Bourg-en-Bresse en 1980. Apr\u00e8s un an de beaux arts \u00e0 Lyon, il d\u00e9cide de les quitter, jugeant cela trop \u00ab conceptuel \u00bb  pr\u00e9f\u00e9rant terminer une BD commenc\u00e9e avec son fr\u00e8re Mathieu, plus vieux de 4 ans et lui-m\u00eame sc\u00e9nariste \u00e0 ses heures. Trois journaux d\u2019\u00e9tudiants teint\u00e9s po\u00e9sie\/BD plus tard, et un d\u00e9placement sur Roanne (42), il est  contact\u00e9 par <strong>S\u00e9bastien Viozat<\/strong> qui lui propose le projet \u00ab Tortuga \u00bb pour  lequel les \u00e9ditions Ankama se montrent int\u00e9ress\u00e9es. Deux albums r\u00e9ussis seront publi\u00e9s en 2010 et 2012. Professeur des \u00e9coles, Antoine tente d\u2019allier son principal m\u00e9tier au dessin et continue de proposer des  projets, mais plut\u00f4t en tant qu\u2019illustrateur. La s\u00e9rie livre jeunesse \u00ab  Wonderpark \u00bb \u00e9tant la plus cons\u00e9quente (6 volumes chez Nathan, avec  Fabrice Colin), mais aussi d\u2019autres titres chez Belin ou SEDRAP. En 2018, il r\u00e9ussi cela dit \u00e0 boucler un projet avec Mathieu, son fr\u00e8re, et \u00ab Harald et le Tr\u00e9sor d&rsquo;Ignir \u00bb mini s\u00e9rie vikings teint\u00e9e  ados\/jeunesse, est sign\u00e9e aux \u00e9ditions Bamboo pour deux tomes. <\/p>\n\n\n\n<p style=\"text-align:center\">En 2022, il publie le premier tome d&rsquo;une nouvelle s\u00e9rie : \u00ab\u00a0Mal\u00e9fice sur Rome\u00a0\u00bb, sous la plume de <strong>Anne Schmauch<\/strong>.<\/p>\n\n\n\n<ul class=\"wp-block-gallery columns-2 is-cropped wp-block-gallery-1 is-layout-flex wp-block-gallery-is-layout-flex\"><li class=\"blocks-gallery-item\"><figure><img data-recalc-dims=\"1\" decoding=\"async\" src=\"https:\/\/i0.wp.com\/bdmiam.fr\/wp-content\/uploads\/2022\/05\/Couv_356976.jpg?ssl=1\" alt=\"\" data-id=\"5456\" data-link=\"https:\/\/bdmiam.fr\/?attachment_id=5456\" class=\"wp-image-5456\"\/><\/figure><\/li><li class=\"blocks-gallery-item\"><figure><img data-recalc-dims=\"1\" decoding=\"async\" src=\"https:\/\/i0.wp.com\/bdmiam.fr\/wp-content\/uploads\/2022\/05\/Couv_448000.jpg?ssl=1\" alt=\"\" data-id=\"5457\" data-link=\"https:\/\/bdmiam.fr\/?attachment_id=5457\" class=\"wp-image-5457\"\/><\/figure><\/li><\/ul>\n\n\n\n<p style=\"text-align:center\"><\/p>\n\n\n\n<p style=\"text-align:center\">Source : <a rel=\"noreferrer noopener\" aria-label=\"B\u00e9d\u00e9th\u00e8que (s\u2019ouvre dans un nouvel onglet)\" href=\"https:\/\/www.bedetheque.com\/auteur-22785-BD-Brivet-Antoine.html\" target=\"_blank\">B\u00e9d\u00e9th\u00e8que<\/a>.<\/p>\n","protected":false},"excerpt":{"rendered":"<p>Antoine Brivet est n\u00e9 \u00e0 Bourg-en-Bresse en 1980. Apr\u00e8s un an de beaux arts \u00e0 Lyon, il d\u00e9cide de les quitter, jugeant cela trop \u00ab conceptuel \u00bb pr\u00e9f\u00e9rant terminer une BD commenc\u00e9e avec son fr\u00e8re Mathieu, plus vieux de 4 ans et lui-m\u00eame sc\u00e9nariste \u00e0 ses heures. Trois journaux d\u2019\u00e9tudiants teint\u00e9s po\u00e9sie\/BD plus tard, et [&hellip;]<\/p>\n","protected":false},"author":7,"featured_media":0,"parent":4494,"menu_order":0,"comment_status":"closed","ping_status":"closed","template":"","meta":{"footnotes":""},"class_list":["post-5460","page","type-page","status-publish","hentry"],"jetpack_sharing_enabled":true,"_links":{"self":[{"href":"https:\/\/bdmiam.fr\/index.php\/wp-json\/wp\/v2\/pages\/5460","targetHints":{"allow":["GET"]}}],"collection":[{"href":"https:\/\/bdmiam.fr\/index.php\/wp-json\/wp\/v2\/pages"}],"about":[{"href":"https:\/\/bdmiam.fr\/index.php\/wp-json\/wp\/v2\/types\/page"}],"author":[{"embeddable":true,"href":"https:\/\/bdmiam.fr\/index.php\/wp-json\/wp\/v2\/users\/7"}],"replies":[{"embeddable":true,"href":"https:\/\/bdmiam.fr\/index.php\/wp-json\/wp\/v2\/comments?post=5460"}],"version-history":[{"count":0,"href":"https:\/\/bdmiam.fr\/index.php\/wp-json\/wp\/v2\/pages\/5460\/revisions"}],"up":[{"embeddable":true,"href":"https:\/\/bdmiam.fr\/index.php\/wp-json\/wp\/v2\/pages\/4494"}],"wp:attachment":[{"href":"https:\/\/bdmiam.fr\/index.php\/wp-json\/wp\/v2\/media?parent=5460"}],"curies":[{"name":"wp","href":"https:\/\/api.w.org\/{rel}","templated":true}]}}