{"id":5501,"date":"2022-05-24T11:14:24","date_gmt":"2022-05-24T10:14:24","guid":{"rendered":"http:\/\/bdmiam.fr\/?page_id=5501"},"modified":"2022-05-24T11:14:24","modified_gmt":"2022-05-24T10:14:24","slug":"philippe-pelaez","status":"publish","type":"page","link":"https:\/\/bdmiam.fr\/index.php\/nos-artistes\/philippe-pelaez\/","title":{"rendered":"Philippe Pelaez"},"content":{"rendered":"\n<div class=\"wp-block-image\"><figure class=\"aligncenter is-resized\"><img data-recalc-dims=\"1\" loading=\"lazy\" decoding=\"async\" src=\"https:\/\/i0.wp.com\/bdmiam.fr\/wp-content\/uploads\/2022\/05\/Photo_40796.jpg?resize=298%2C298&#038;ssl=1\" alt=\"\" class=\"wp-image-5502\" width=\"298\" height=\"298\"\/><\/figure><\/div>\n\n\n\n<p style=\"text-align:center\"> Professeur d&rsquo;anglais sur l&rsquo;\u00eele de la R\u00e9union, <strong>Philippe Pelaez<\/strong>, n\u00e9 en 1970, se lance dans l&rsquo;\u00e9criture de sc\u00e9narios un peu par hasard, et publie sa premi\u00e8re bande dessin\u00e9e en 2015, dans la maison d&rsquo;\u00e9dition r\u00e9unionnaise Des Bulles dans l&rsquo;Oc\u00e9an (Gaultier de Ch\u00e2lus et Fi\u00e8vre).  S&rsquo;essayant au financement participatif avec les s\u00e9ries <em>Oliver &amp; Peter<\/em> et <em>Parall\u00e8le<\/em>, il a depuis sign\u00e9 un r\u00e9cit chez Casterman (<em>Un peu de tarte aux \u00e9pinards<\/em>, avec <strong>Javier Casado<\/strong>), et d&rsquo;autres projets \u00e0 paraitre : chez DBDO (<em>Chroniques am\u00e9ricaines<\/em> avec <strong>Afif Ben Hamida<\/strong>), Grand Angle (<em>Puisqu&rsquo;il faut des hommes<\/em>, avec <strong>Victor Pinel <\/strong>; <em>Dans mon village on mangeait des chats<\/em>, avec <strong>Francis Porcel<\/strong>), Gl\u00e9nat (<em>Quelque chose de froid<\/em>, avec <strong>Hugues Labiano<\/strong>), Ankama (<em>Maudit sois-tu<\/em> avec <strong>Carlos Puerta<\/strong>,  <em>De Bruit et de Fureur<\/em> avec<strong> Federico Ferniani<\/strong>), et Soleil (<em>L&rsquo;Enfer pour Aube<\/em>, avec <strong>Tiburce Oger<\/strong>). <\/p>\n\n\n\n<ul class=\"wp-block-gallery columns-2 is-cropped wp-block-gallery-1 is-layout-flex wp-block-gallery-is-layout-flex\"><li class=\"blocks-gallery-item\"><figure><img data-recalc-dims=\"1\" height=\"1024\" width=\"781\" decoding=\"async\" src=\"https:\/\/i0.wp.com\/bdmiam.fr\/wp-content\/uploads\/2022\/05\/Couv_439913.jpg?resize=781%2C1024&#038;ssl=1\" alt=\"\" data-id=\"5503\" data-link=\"https:\/\/bdmiam.fr\/?attachment_id=5503\" class=\"wp-image-5503\"\/><\/figure><\/li><li class=\"blocks-gallery-item\"><figure><img data-recalc-dims=\"1\" decoding=\"async\" src=\"https:\/\/i0.wp.com\/bdmiam.fr\/wp-content\/uploads\/2022\/05\/Couv_446303.jpg?ssl=1\" alt=\"\" data-id=\"5504\" data-link=\"https:\/\/bdmiam.fr\/?attachment_id=5504\" class=\"wp-image-5504\"\/><\/figure><\/li><\/ul>\n\n\n\n<p style=\"text-align:center\">Source : <a href=\"https:\/\/www.bedetheque.com\/auteur-40796-BD-Pelaez-Philippe.html\" target=\"_blank\" rel=\"noreferrer noopener\" aria-label=\"B\u00e9d\u00e9th\u00e8que (s\u2019ouvre dans un nouvel onglet)\">B\u00e9d\u00e9th\u00e8que<\/a><\/p>\n","protected":false},"excerpt":{"rendered":"<p>Professeur d&rsquo;anglais sur l&rsquo;\u00eele de la R\u00e9union, Philippe Pelaez, n\u00e9 en 1970, se lance dans l&rsquo;\u00e9criture de sc\u00e9narios un peu par hasard, et publie sa premi\u00e8re bande dessin\u00e9e en 2015, dans la maison d&rsquo;\u00e9dition r\u00e9unionnaise Des Bulles dans l&rsquo;Oc\u00e9an (Gaultier de Ch\u00e2lus et Fi\u00e8vre). S&rsquo;essayant au financement participatif avec les s\u00e9ries Oliver &amp; Peter et [&hellip;]<\/p>\n","protected":false},"author":7,"featured_media":5504,"parent":4494,"menu_order":0,"comment_status":"closed","ping_status":"closed","template":"","meta":{"footnotes":""},"class_list":["post-5501","page","type-page","status-publish","has-post-thumbnail","hentry"],"jetpack_sharing_enabled":true,"_links":{"self":[{"href":"https:\/\/bdmiam.fr\/index.php\/wp-json\/wp\/v2\/pages\/5501","targetHints":{"allow":["GET"]}}],"collection":[{"href":"https:\/\/bdmiam.fr\/index.php\/wp-json\/wp\/v2\/pages"}],"about":[{"href":"https:\/\/bdmiam.fr\/index.php\/wp-json\/wp\/v2\/types\/page"}],"author":[{"embeddable":true,"href":"https:\/\/bdmiam.fr\/index.php\/wp-json\/wp\/v2\/users\/7"}],"replies":[{"embeddable":true,"href":"https:\/\/bdmiam.fr\/index.php\/wp-json\/wp\/v2\/comments?post=5501"}],"version-history":[{"count":0,"href":"https:\/\/bdmiam.fr\/index.php\/wp-json\/wp\/v2\/pages\/5501\/revisions"}],"up":[{"embeddable":true,"href":"https:\/\/bdmiam.fr\/index.php\/wp-json\/wp\/v2\/pages\/4494"}],"wp:featuredmedia":[{"embeddable":true,"href":"https:\/\/bdmiam.fr\/index.php\/wp-json\/wp\/v2\/media\/5504"}],"wp:attachment":[{"href":"https:\/\/bdmiam.fr\/index.php\/wp-json\/wp\/v2\/media?parent=5501"}],"curies":[{"name":"wp","href":"https:\/\/api.w.org\/{rel}","templated":true}]}}