{"id":5508,"date":"2022-05-24T11:22:11","date_gmt":"2022-05-24T10:22:11","guid":{"rendered":"http:\/\/bdmiam.fr\/?page_id=5508"},"modified":"2024-05-29T21:44:25","modified_gmt":"2024-05-29T19:44:25","slug":"eric-stalner","status":"publish","type":"page","link":"https:\/\/bdmiam.fr\/index.php\/festival-2024\/eric-stalner\/","title":{"rendered":"\u00c9ric Stalner"},"content":{"rendered":"\n<figure class=\"wp-block-image aligncenter\"><img data-recalc-dims=\"1\" decoding=\"async\" src=\"https:\/\/i0.wp.com\/bdmiam.fr\/wp-content\/uploads\/2022\/05\/Photo_235.jpg?ssl=1\" alt=\"\" class=\"wp-image-5509\"\/><\/figure>\n\n\n\n<p class=\"has-text-align-center\"> N\u00e9 le 11 mars 1959 \u00e0 Paris, <strong>\u00c9ric Stalner<\/strong> entame sa carri\u00e8re BD avec son  fr\u00e8re a\u00een\u00e9 <strong>Jean-Marc<\/strong> en d\u00e9marrant chez Gl\u00e9nat, d\u00e8s 1989, la trilogie \u00ab <em>Les Poux<\/em> \u00bb (sc\u00e9nario <strong>Christian Mouquet<\/strong>). Usant d\u2019un pseudo commun, les Stalner vont multiplier les ouvrages \u2013 l\u2019un dessinant, l\u2019autre encrant \u2013  au cours des ann\u00e9es 90. Ainsi s\u2019encha\u00eeneront : \u00ab <em>Le Boche<\/em> \u00bb (l\u2019histoire  d\u2019un \u00ab malgr\u00e9 nous \u00bb s\u2019\u00e9talant durant 6 tomes de 1990 \u00e0 1995, sc\u00e9nario <strong>Daniel Bardet<\/strong>) ; le fabuleux parcours du gamin parisien \u00ab <em>Fabien M<\/em>. \u00bb o\u00f9 les Stalner signent leur tout premier sc\u00e9nario (5 tomes publi\u00e9s de 1993 \u00e0 1996) ; divers travaux de commande comme \u00ab <em>Nordman <\/em>\u00bb (sc\u00e9nario Bardet, 1996) ; la tr\u00e8s virile s\u00e9rie \u00e9cossaise \u00ab <em>Malheig <\/em>\u00bb (un r\u00e9cit fantastique parus en 4 tomes entre 1996 et 1998) ; l\u2019excellente saga \u00ab <em>Le Fer et le Feu<\/em> \u00bb (4 tomes de 1998 \u00e0 2001) qu\u2019\u00c9ric ach\u00e8vera seul. Les Stalner se s\u00e9parent au cours de sa r\u00e9alisation, chacun faisant alors de  nouvelles rencontres professionnelles\u2026 Avec le meilleur coloriste de la profession qu\u2019il est le premier \u00e0 cr\u00e9diter en couverture \u2013 \u00e0 savoir <strong>Jean-Jacques Chagnaud<\/strong> \u2013 \u00c9ric Stalner imagine \u00ab <em>Le Roman de Malemort<\/em> \u00bb (6 tomes de 1999 \u00e0 2004), un r\u00e9cit vampirique de haute vol\u00e9e qui lui  permet de d\u00e9velopper son go\u00fbt pour les belles architectures gothiques, les for\u00eats inexpugnables et les jolies demoiselles\u2026 Puis vient la rencontre avec un kin\u00e9sith\u00e9rapeute pas comme les autres, <strong>Pierre Boisserie<\/strong>, avec qui notre dessinateur sympathise. Rapidement, les deux hommes s\u2019entendent pour cr\u00e9er une nouvelle s\u00e9rie : \u00ab <em>La Croix de Cazenac<\/em>  \u00bb est n\u00e9e ! Cette saga m\u00ealant espionnage et chamanisme se d\u00e9veloppe sur dix chapitres propos\u00e9s de 1999 \u00e0 2008 par Dargaud. Parall\u00e8lement, \u00c9ric Stalner, d\u00e9cid\u00e9ment infatigable, participe en 2000 au T.2 du best-seller  de Didier Convard \u00ab <strong>Le Triangle Secret<\/strong> \u00bb, cr\u00e9e avec <strong>Laurent Mo\u00ebnard <\/strong>le dynamique diptyque \u00ab Blues 46 \u00bb, un tr\u00e9pidant polar se d\u00e9roulant dans le  sud-ouest de la France si cher \u00e0 l\u2019auteur (2004 et 2005), et signe le  sublime \u00ab <em>Ange-Marie<\/em> \u00bb en couleurs directes, co\u00e9crit avec <strong>Aude Ettori<\/strong>,  jeune Corse \u00e0 la plume po\u00e9tique (one-shot paru chez Aire Libre en 2005). En 2006, Stalner se fait plaisir en d\u00e9veloppant \u00ab <em>La Liste 66<\/em> \u00bb, un road-movie d\u2019espionnage se d\u00e9roulant dans l\u2019Am\u00e9rique des ann\u00e9es 60 (4 tomes parus sur 5). Le rythme s\u2019acc\u00e9l\u00e8re encore d\u00e8s 2007 avec le  lancement de la saga \u00e0 auteurs multiples \u00ab <em>Voyageur <\/em>\u00bb, une ambitieuse fresque spatio-temporelle disposant d\u2019un g\u00e9n\u00e9rique de choix : <strong>Boisserie <\/strong>et Stalner bien s\u00fbr, mais aussi <strong>Marc Bourgne<\/strong>, <strong>Lucien Rollin<\/strong>, <strong>Siro<\/strong>, <strong>\u00c9ric Lambert<\/strong>, <strong>\u00c9ric Liberge<\/strong> et <strong>Juanjo Guarnido<\/strong> (13 tomes publi\u00e9s entre 2007 et  2011). En compagnie d\u2019\u00c9ric Lambert, Boisserie et Stalner s\u2019enthousiasment pour l\u2019histoire de Cuba et des producteurs de havanes, ces cigares qu\u2019affectionnent les auteurs et leur \u00e9diteur Jacques Gl\u00e9nat. La s\u00e9rie \u00ab <em>Flor de Luna<\/em> \u00bb compte pour le moment trois tomes parus depuis 2007. Puis viennent de nouvelles cr\u00e9ations chez 12 bis : \u00ab Ils  \u00e9taient dix \u00bb, une aventure historique narrant la vengeance d\u2019un homme dans la campagne moscovite, l\u2019adaptation r\u00e9ussie du roman \u00ab <em>Loup <\/em>\u00bb de  Nicolas Vanier en compagnie de Boisserie. Enfin, l\u2019auteur travaille  aujourd\u2019hui \u00e0 de nouveaux projets. Citons \u00ab <em>La Zone<\/em> \u00bb, une nouvelle  s\u00e9rie r\u00e9alis\u00e9e en solo mettant en sc\u00e8ne un monde futuriste victime d\u2019un  virus foudroyant ayant d\u00e9cim\u00e9 95 % de la population\u2026 Malgr\u00e9 un rythme de  production impressionnant, \u00c9ric Stalner cr\u00e9e des planches riches et  savamment construites, o\u00f9 son \u00e9l\u00e9gant dessin r\u00e9aliste fait toujours mouche et enchante ses lecteurs\u2026 Ind\u00e9niablement, il est l\u2019un des chefs de file de la bande dessin\u00e9e classique d\u2019aujourd\u2019hui.<\/p>\n\n\n\n<p><\/p>\n\n\n\n<p class=\"has-text-align-center\"><strong>Info festival 2024 : <\/strong> <br><strong>Achat sur place obligatoire<\/strong><\/p>\n\n\n\n<figure class=\"wp-block-gallery has-nested-images columns-default is-cropped wp-block-gallery-1 is-layout-flex wp-block-gallery-is-layout-flex\">\n<figure class=\"wp-block-image aligncenter size-large\"><img data-recalc-dims=\"1\" loading=\"lazy\" decoding=\"async\" width=\"794\" height=\"1024\" data-id=\"6825\" src=\"https:\/\/i0.wp.com\/bdmiam.fr\/wp-content\/uploads\/2024\/05\/4121_couv.jpg?resize=794%2C1024&#038;ssl=1\" alt=\"\" class=\"wp-image-6825\" srcset=\"https:\/\/i0.wp.com\/bdmiam.fr\/wp-content\/uploads\/2024\/05\/4121_couv.jpg?resize=794%2C1024&amp;ssl=1 794w, https:\/\/i0.wp.com\/bdmiam.fr\/wp-content\/uploads\/2024\/05\/4121_couv.jpg?resize=233%2C300&amp;ssl=1 233w, https:\/\/i0.wp.com\/bdmiam.fr\/wp-content\/uploads\/2024\/05\/4121_couv.jpg?resize=768%2C990&amp;ssl=1 768w, https:\/\/i0.wp.com\/bdmiam.fr\/wp-content\/uploads\/2024\/05\/4121_couv.jpg?w=931&amp;ssl=1 931w\" sizes=\"auto, (max-width: 794px) 100vw, 794px\" \/><\/figure>\n<\/figure>\n\n\n\n<p class=\"has-text-align-center\"><\/p>\n\n\n\n<p class=\"has-text-align-center\">Source : <a rel=\"noreferrer noopener\" aria-label=\"B\u00e9d\u00e9th\u00e8que (s\u2019ouvre dans un nouvel onglet)\" href=\"https:\/\/www.bedetheque.com\/auteur-235-BD-Stalner-Eric.html\" target=\"_blank\">B\u00e9d\u00e9th\u00e8que<\/a><\/p>\n","protected":false},"excerpt":{"rendered":"<p>N\u00e9 le 11 mars 1959 \u00e0 Paris, \u00c9ric Stalner entame sa carri\u00e8re BD avec son fr\u00e8re a\u00een\u00e9 Jean-Marc en d\u00e9marrant chez Gl\u00e9nat, d\u00e8s 1989, la trilogie \u00ab Les Poux \u00bb (sc\u00e9nario Christian Mouquet). Usant d\u2019un pseudo commun, les Stalner vont multiplier les ouvrages \u2013 l\u2019un dessinant, l\u2019autre encrant \u2013 au cours des ann\u00e9es 90. Ainsi [&hellip;]<\/p>\n","protected":false},"author":7,"featured_media":6826,"parent":6448,"menu_order":0,"comment_status":"closed","ping_status":"closed","template":"page-with-sidebar","meta":{"footnotes":""},"class_list":["post-5508","page","type-page","status-publish","has-post-thumbnail","hentry"],"jetpack_sharing_enabled":true,"_links":{"self":[{"href":"https:\/\/bdmiam.fr\/index.php\/wp-json\/wp\/v2\/pages\/5508","targetHints":{"allow":["GET"]}}],"collection":[{"href":"https:\/\/bdmiam.fr\/index.php\/wp-json\/wp\/v2\/pages"}],"about":[{"href":"https:\/\/bdmiam.fr\/index.php\/wp-json\/wp\/v2\/types\/page"}],"author":[{"embeddable":true,"href":"https:\/\/bdmiam.fr\/index.php\/wp-json\/wp\/v2\/users\/7"}],"replies":[{"embeddable":true,"href":"https:\/\/bdmiam.fr\/index.php\/wp-json\/wp\/v2\/comments?post=5508"}],"version-history":[{"count":1,"href":"https:\/\/bdmiam.fr\/index.php\/wp-json\/wp\/v2\/pages\/5508\/revisions"}],"predecessor-version":[{"id":6827,"href":"https:\/\/bdmiam.fr\/index.php\/wp-json\/wp\/v2\/pages\/5508\/revisions\/6827"}],"up":[{"embeddable":true,"href":"https:\/\/bdmiam.fr\/index.php\/wp-json\/wp\/v2\/pages\/6448"}],"wp:featuredmedia":[{"embeddable":true,"href":"https:\/\/bdmiam.fr\/index.php\/wp-json\/wp\/v2\/media\/6826"}],"wp:attachment":[{"href":"https:\/\/bdmiam.fr\/index.php\/wp-json\/wp\/v2\/media?parent=5508"}],"curies":[{"name":"wp","href":"https:\/\/api.w.org\/{rel}","templated":true}]}}