{"id":5543,"date":"2022-06-07T21:15:47","date_gmt":"2022-06-07T20:15:47","guid":{"rendered":"http:\/\/bdmiam.fr\/?page_id=5543"},"modified":"2022-06-07T21:15:47","modified_gmt":"2022-06-07T20:15:47","slug":"artoupan","status":"publish","type":"page","link":"https:\/\/bdmiam.fr\/index.php\/nos-artistes\/artoupan\/","title":{"rendered":"Artoupan"},"content":{"rendered":"\n<div class=\"wp-block-image\"><figure class=\"aligncenter is-resized\"><img data-recalc-dims=\"1\" loading=\"lazy\" decoding=\"async\" src=\"https:\/\/i0.wp.com\/bdmiam.fr\/wp-content\/uploads\/2022\/06\/Photo_28911.jpg?resize=233%2C233&#038;ssl=1\" alt=\"\" class=\"wp-image-5544\" width=\"233\" height=\"233\"\/><\/figure><\/div>\n\n\n\n<p style=\"text-align:center\"> Apr\u00e8s des \u00e9tudes d&rsquo;art \u00e0 Montpellier, <strong>Beno\u00eet Girier<\/strong>, n\u00e9 dans la r\u00e9gion lyonnaise, alias <strong>Lematou <\/strong>alias <strong>Artoupan <\/strong>(pseudo signifiant \u00ab\u00a0vaurien\u00a0\u00bb en  patois lyonnais) et fils de m\u00e9decin faluchard, a \u00e9tudi\u00e9 la biologie dans un premier temps. Mais il pr\u00e9f\u00e8re rapidement se tourner vers les Beaux-Arts. Fascin\u00e9 par la sensualit\u00e9 de l&rsquo;Inde, c&rsquo;est tout naturellement qu&rsquo;il met ses crayons au service de l&rsquo;histoire que lui  propose Labr\u00e9mure. Actuellement, Artoupan travaille \u00e0 Lyon en atelier. Artoupan a aussi particip\u00e9 au collectif Caf\u00e9 Creed. <\/p>\n\n\n\n<div class=\"wp-block-image\"><figure class=\"aligncenter is-resized\"><img data-recalc-dims=\"1\" loading=\"lazy\" decoding=\"async\" src=\"https:\/\/i0.wp.com\/bdmiam.fr\/wp-content\/uploads\/2022\/06\/9782353259106_cg.jpg?resize=266%2C375&#038;ssl=1\" alt=\"\" class=\"wp-image-5545\" width=\"266\" height=\"375\"\/><\/figure><\/div>\n\n\n\n<p style=\"text-align:center\">Source : <a rel=\"noreferrer noopener\" aria-label=\"B\u00e9d\u00e9th\u00e8que (s\u2019ouvre dans un nouvel onglet)\" href=\"https:\/\/www.bedetheque.com\/auteur-28911-BD-Artoupan.html\" target=\"_blank\">B\u00e9d\u00e9th\u00e8que<\/a>.<\/p>\n\n\n\n<p><\/p>\n\n\n\n<p><strong>Info festival 2022 :<\/strong><br>Artoupan d\u00e9dicacera <strong>uniquement l&rsquo;int\u00e9grale <em>Ad\u00e9lie la pie voleuse<\/em>, achet\u00e9 sur place \u00e0 la librairie du festival<\/strong>.<br><\/p>\n","protected":false},"excerpt":{"rendered":"<p>Apr\u00e8s des \u00e9tudes d&rsquo;art \u00e0 Montpellier, Beno\u00eet Girier, n\u00e9 dans la r\u00e9gion lyonnaise, alias Lematou alias Artoupan (pseudo signifiant \u00ab\u00a0vaurien\u00a0\u00bb en patois lyonnais) et fils de m\u00e9decin faluchard, a \u00e9tudi\u00e9 la biologie dans un premier temps. Mais il pr\u00e9f\u00e8re rapidement se tourner vers les Beaux-Arts. Fascin\u00e9 par la sensualit\u00e9 de l&rsquo;Inde, c&rsquo;est tout naturellement qu&rsquo;il [&hellip;]<\/p>\n","protected":false},"author":7,"featured_media":0,"parent":4494,"menu_order":0,"comment_status":"closed","ping_status":"closed","template":"","meta":{"footnotes":""},"class_list":["post-5543","page","type-page","status-publish","hentry"],"jetpack_sharing_enabled":true,"_links":{"self":[{"href":"https:\/\/bdmiam.fr\/index.php\/wp-json\/wp\/v2\/pages\/5543","targetHints":{"allow":["GET"]}}],"collection":[{"href":"https:\/\/bdmiam.fr\/index.php\/wp-json\/wp\/v2\/pages"}],"about":[{"href":"https:\/\/bdmiam.fr\/index.php\/wp-json\/wp\/v2\/types\/page"}],"author":[{"embeddable":true,"href":"https:\/\/bdmiam.fr\/index.php\/wp-json\/wp\/v2\/users\/7"}],"replies":[{"embeddable":true,"href":"https:\/\/bdmiam.fr\/index.php\/wp-json\/wp\/v2\/comments?post=5543"}],"version-history":[{"count":0,"href":"https:\/\/bdmiam.fr\/index.php\/wp-json\/wp\/v2\/pages\/5543\/revisions"}],"up":[{"embeddable":true,"href":"https:\/\/bdmiam.fr\/index.php\/wp-json\/wp\/v2\/pages\/4494"}],"wp:attachment":[{"href":"https:\/\/bdmiam.fr\/index.php\/wp-json\/wp\/v2\/media?parent=5543"}],"curies":[{"name":"wp","href":"https:\/\/api.w.org\/{rel}","templated":true}]}}