{"id":5561,"date":"2022-06-14T16:53:17","date_gmt":"2022-06-14T15:53:17","guid":{"rendered":"http:\/\/bdmiam.fr\/?page_id=5561"},"modified":"2022-06-14T16:53:17","modified_gmt":"2022-06-14T15:53:17","slug":"emmanuel-despujol","status":"publish","type":"page","link":"https:\/\/bdmiam.fr\/index.php\/nos-artistes\/emmanuel-despujol\/","title":{"rendered":"Emmanuel Despujol"},"content":{"rendered":"\n<div class=\"wp-block-image\"><figure class=\"aligncenter is-resized\"><img data-recalc-dims=\"1\" loading=\"lazy\" decoding=\"async\" src=\"https:\/\/i0.wp.com\/bdmiam.fr\/wp-content\/uploads\/2022\/06\/Photo_37547.jpg?resize=229%2C229&#038;ssl=1\" alt=\"\" class=\"wp-image-5562\" width=\"229\" height=\"229\"\/><\/figure><\/div>\n\n\n\n<p style=\"text-align:center\"> N\u00e9 \u00e0 Bordeaux en 1964, <strong>Emmanuel Despujol<\/strong> a toujours eu un crayon entre les doigts et la t\u00eate dans les \u00e9toiles. Son premier dessin r\u00e9mun\u00e9r\u00e9 fut  pour \u00ab Temps X \u00bb, alors qu\u2019il \u00e9tait encore au lyc\u00e9e. Il continua comme illustrateur pour des magazines de jeux de r\u00f4les avant d\u2019entreprendre une carri\u00e8re comme graphiste pour le pr\u00eat-\u00e0-porter o\u00f9 il adaptait les  licences, dont celles de Disney et Marvel. Mais le besoin de raconter en image le ram\u00e8ne \u00e0 ses premi\u00e8res amours, la bande dessin\u00e9e. Il en est sorti une s\u00e9rie qui explore de mani\u00e8re d\u00e9cal\u00e9e les origines de notre monde \u00ab Le Dixi\u00e8me peuple \u00bb. Emmanuel s\u2019est vu propos\u00e9 par Delcourt de  travailler sur le Tome 5 d\u2019\u00a0\u00bbAspic, d\u00e9tectives de l\u2019\u00e9trange\u00a0\u00bb, la s\u00e9rie de l\u2019illustrateur <strong>Jacques Lamontagne<\/strong> et du sc\u00e9nariste <strong>Thierry Gloris<\/strong> (Collection Quadrants), une s\u00e9rie BD sous forme de \u00ab\u00a0thriller fantastique d\u2019enqu\u00eate qui ne se prend pas au s\u00e9rieux\u00a0\u00bb (<em>dixit <\/em>les auteurs).  <\/p>\n\n\n\n<ul class=\"wp-block-gallery columns-2 is-cropped wp-block-gallery-1 is-layout-flex wp-block-gallery-is-layout-flex\"><li class=\"blocks-gallery-item\"><figure><img data-recalc-dims=\"1\" height=\"1024\" width=\"772\" decoding=\"async\" src=\"https:\/\/i0.wp.com\/bdmiam.fr\/wp-content\/uploads\/2022\/06\/Couv_424492.jpg?resize=772%2C1024&#038;ssl=1\" alt=\"\" data-id=\"5566\" data-link=\"https:\/\/bdmiam.fr\/festival-2020\/emmanuel-despujol\/couv_424492\/\" class=\"wp-image-5566\"\/><\/figure><\/li><li class=\"blocks-gallery-item\"><figure><img data-recalc-dims=\"1\" decoding=\"async\" src=\"https:\/\/i0.wp.com\/bdmiam.fr\/wp-content\/uploads\/2022\/06\/Couv_448032-1.jpg?ssl=1\" alt=\"\" data-id=\"5567\" data-link=\"https:\/\/bdmiam.fr\/festival-2020\/emmanuel-despujol\/couv_448032-2\/\" class=\"wp-image-5567\"\/><\/figure><\/li><\/ul>\n\n\n\n<p style=\"text-align:center\">Source : <a href=\"https:\/\/www.bedetheque.com\/auteur-37547-BD-Despujol-Emmanuel.html\" target=\"_blank\" rel=\"noreferrer noopener\" aria-label=\"B\u00e9d\u00e9th\u00e8que (s\u2019ouvre dans un nouvel onglet)\">B\u00e9d\u00e9th\u00e8que<\/a>.<\/p>\n","protected":false},"excerpt":{"rendered":"<p>N\u00e9 \u00e0 Bordeaux en 1964, Emmanuel Despujol a toujours eu un crayon entre les doigts et la t\u00eate dans les \u00e9toiles. Son premier dessin r\u00e9mun\u00e9r\u00e9 fut pour \u00ab Temps X \u00bb, alors qu\u2019il \u00e9tait encore au lyc\u00e9e. Il continua comme illustrateur pour des magazines de jeux de r\u00f4les avant d\u2019entreprendre une carri\u00e8re comme graphiste pour [&hellip;]<\/p>\n","protected":false},"author":7,"featured_media":0,"parent":4494,"menu_order":0,"comment_status":"closed","ping_status":"closed","template":"","meta":{"footnotes":""},"class_list":["post-5561","page","type-page","status-publish","hentry"],"jetpack_sharing_enabled":true,"_links":{"self":[{"href":"https:\/\/bdmiam.fr\/index.php\/wp-json\/wp\/v2\/pages\/5561","targetHints":{"allow":["GET"]}}],"collection":[{"href":"https:\/\/bdmiam.fr\/index.php\/wp-json\/wp\/v2\/pages"}],"about":[{"href":"https:\/\/bdmiam.fr\/index.php\/wp-json\/wp\/v2\/types\/page"}],"author":[{"embeddable":true,"href":"https:\/\/bdmiam.fr\/index.php\/wp-json\/wp\/v2\/users\/7"}],"replies":[{"embeddable":true,"href":"https:\/\/bdmiam.fr\/index.php\/wp-json\/wp\/v2\/comments?post=5561"}],"version-history":[{"count":0,"href":"https:\/\/bdmiam.fr\/index.php\/wp-json\/wp\/v2\/pages\/5561\/revisions"}],"up":[{"embeddable":true,"href":"https:\/\/bdmiam.fr\/index.php\/wp-json\/wp\/v2\/pages\/4494"}],"wp:attachment":[{"href":"https:\/\/bdmiam.fr\/index.php\/wp-json\/wp\/v2\/media?parent=5561"}],"curies":[{"name":"wp","href":"https:\/\/api.w.org\/{rel}","templated":true}]}}