{"id":5574,"date":"2022-06-15T19:20:06","date_gmt":"2022-06-15T18:20:06","guid":{"rendered":"http:\/\/bdmiam.fr\/?page_id=5574"},"modified":"2022-06-15T19:20:06","modified_gmt":"2022-06-15T18:20:06","slug":"adn","status":"publish","type":"page","link":"https:\/\/bdmiam.fr\/index.php\/nos-artistes\/adn\/","title":{"rendered":"A&rsquo;dn"},"content":{"rendered":"\n<div class=\"wp-block-image\"><figure class=\"aligncenter is-resized\"><img data-recalc-dims=\"1\" loading=\"lazy\" decoding=\"async\" src=\"https:\/\/i0.wp.com\/bdmiam.fr\/wp-content\/uploads\/2022\/06\/WelcomeToParadise1_24042009_001218.jpg?resize=205%2C282&#038;ssl=1\" alt=\"\" class=\"wp-image-5575\" width=\"205\" height=\"282\"\/><\/figure><\/div>\n\n\n\n<p style=\"text-align:center\"> \u00ab\u00a0Paradise, simple bourgade touristique du nord Michigan. Ce genre de  petite localit\u00e9 o\u00f9 certains ont l&rsquo;art de cultiver les fruits rouges, et  d&rsquo;autres les plus noirs secrets. Paradise, lieu de tous les complots et  de tous les trafics, o\u00f9 la p\u00e8gre locale est d\u00e9rang\u00e9e par une s\u00e9rie de  meurtres qui risquent d&rsquo;attirer l&rsquo;attention sur ses activit\u00e9s. Un  endroit \u00e9trange o\u00f9 viennent se perdre un bien curieux zoologiste et une  polici\u00e8re beaucoup trop s\u00fbre d&rsquo;elle&#8230; \u00ab\u00a0<\/p>\n\n\n\n<p style=\"text-align:center\">Source : <a href=\"https:\/\/www.bedetheque.com\/serie-20379-BD-Welcome-to-Paradise.html\" target=\"_blank\" rel=\"noreferrer noopener\" aria-label=\"B\u00e9d\u00e9th\u00e8que (s\u2019ouvre dans un nouvel onglet)\">B\u00e9d\u00e9th\u00e8que<\/a>.<\/p>\n","protected":false},"excerpt":{"rendered":"<p>\u00ab\u00a0Paradise, simple bourgade touristique du nord Michigan. Ce genre de petite localit\u00e9 o\u00f9 certains ont l&rsquo;art de cultiver les fruits rouges, et d&rsquo;autres les plus noirs secrets. Paradise, lieu de tous les complots et de tous les trafics, o\u00f9 la p\u00e8gre locale est d\u00e9rang\u00e9e par une s\u00e9rie de meurtres qui risquent d&rsquo;attirer l&rsquo;attention sur ses [&hellip;]<\/p>\n","protected":false},"author":7,"featured_media":0,"parent":4494,"menu_order":0,"comment_status":"closed","ping_status":"closed","template":"","meta":{"footnotes":""},"class_list":["post-5574","page","type-page","status-publish","hentry"],"jetpack_sharing_enabled":true,"_links":{"self":[{"href":"https:\/\/bdmiam.fr\/index.php\/wp-json\/wp\/v2\/pages\/5574","targetHints":{"allow":["GET"]}}],"collection":[{"href":"https:\/\/bdmiam.fr\/index.php\/wp-json\/wp\/v2\/pages"}],"about":[{"href":"https:\/\/bdmiam.fr\/index.php\/wp-json\/wp\/v2\/types\/page"}],"author":[{"embeddable":true,"href":"https:\/\/bdmiam.fr\/index.php\/wp-json\/wp\/v2\/users\/7"}],"replies":[{"embeddable":true,"href":"https:\/\/bdmiam.fr\/index.php\/wp-json\/wp\/v2\/comments?post=5574"}],"version-history":[{"count":0,"href":"https:\/\/bdmiam.fr\/index.php\/wp-json\/wp\/v2\/pages\/5574\/revisions"}],"up":[{"embeddable":true,"href":"https:\/\/bdmiam.fr\/index.php\/wp-json\/wp\/v2\/pages\/4494"}],"wp:attachment":[{"href":"https:\/\/bdmiam.fr\/index.php\/wp-json\/wp\/v2\/media?parent=5574"}],"curies":[{"name":"wp","href":"https:\/\/api.w.org\/{rel}","templated":true}]}}