{"id":5583,"date":"2022-06-15T19:27:05","date_gmt":"2022-06-15T18:27:05","guid":{"rendered":"http:\/\/bdmiam.fr\/?page_id=5583"},"modified":"2022-06-15T19:27:05","modified_gmt":"2022-06-15T18:27:05","slug":"valentin-marechal","status":"publish","type":"page","link":"https:\/\/bdmiam.fr\/index.php\/nos-artistes\/valentin-marechal\/","title":{"rendered":"Valentin Mar\u00e9chal"},"content":{"rendered":"\n<div class=\"wp-block-image\"><figure class=\"aligncenter is-resized\"><img data-recalc-dims=\"1\" loading=\"lazy\" decoding=\"async\" src=\"https:\/\/i0.wp.com\/bdmiam.fr\/wp-content\/uploads\/2022\/06\/Couv_448055.jpg?resize=264%2C339&#038;ssl=1\" alt=\"\" class=\"wp-image-5584\" width=\"264\" height=\"339\"\/><\/figure><\/div>\n\n\n\n<p style=\"text-align:center\"> \u00a0\u00bb Quand la petite histoire s&rsquo;impr\u00e8gne de la  grande Mai 68. La M\u00e8re, Jean et ses soeurs quittent Paris pr\u00e9cipitamment pour  le Beaujolais. Gaulliste acharn\u00e9e, la M\u00e8re a des craintes de guerre  civile. Jean, lui, est persuad\u00e9 qu&rsquo;elle leur cache quelque chose.Faut  dire qu&rsquo;elle est \u00e9trange, la M\u00e8re, avec sa jambe de bois et ses  impr\u00e9visibles coups de gueule. Alors qu&rsquo;Herman, un id\u00e9aliste recherch\u00e9  par la police, surgit dans leur vie, s&rsquo;instaure un jeu de cache-cache  qui pourrait bien faire \u00e9clater la v\u00e9rit\u00e9&#8230; \u00ab\u00a0<\/p>\n\n\n\n<p style=\"text-align:center\">Source : <a href=\"https:\/\/www.bedetheque.com\/BD-Ce-garcon-448055.html\" target=\"_blank\" rel=\"noreferrer noopener\" aria-label=\"B\u00e9d\u00e9th\u00e8que (s\u2019ouvre dans un nouvel onglet)\">B\u00e9d\u00e9th\u00e8que<\/a>.<\/p>\n","protected":false},"excerpt":{"rendered":"<p>\u00a0\u00bb Quand la petite histoire s&rsquo;impr\u00e8gne de la grande Mai 68. La M\u00e8re, Jean et ses soeurs quittent Paris pr\u00e9cipitamment pour le Beaujolais. Gaulliste acharn\u00e9e, la M\u00e8re a des craintes de guerre civile. Jean, lui, est persuad\u00e9 qu&rsquo;elle leur cache quelque chose.Faut dire qu&rsquo;elle est \u00e9trange, la M\u00e8re, avec sa jambe de bois et ses [&hellip;]<\/p>\n","protected":false},"author":7,"featured_media":0,"parent":4494,"menu_order":0,"comment_status":"closed","ping_status":"closed","template":"","meta":{"footnotes":""},"class_list":["post-5583","page","type-page","status-publish","hentry"],"jetpack_sharing_enabled":true,"_links":{"self":[{"href":"https:\/\/bdmiam.fr\/index.php\/wp-json\/wp\/v2\/pages\/5583","targetHints":{"allow":["GET"]}}],"collection":[{"href":"https:\/\/bdmiam.fr\/index.php\/wp-json\/wp\/v2\/pages"}],"about":[{"href":"https:\/\/bdmiam.fr\/index.php\/wp-json\/wp\/v2\/types\/page"}],"author":[{"embeddable":true,"href":"https:\/\/bdmiam.fr\/index.php\/wp-json\/wp\/v2\/users\/7"}],"replies":[{"embeddable":true,"href":"https:\/\/bdmiam.fr\/index.php\/wp-json\/wp\/v2\/comments?post=5583"}],"version-history":[{"count":0,"href":"https:\/\/bdmiam.fr\/index.php\/wp-json\/wp\/v2\/pages\/5583\/revisions"}],"up":[{"embeddable":true,"href":"https:\/\/bdmiam.fr\/index.php\/wp-json\/wp\/v2\/pages\/4494"}],"wp:attachment":[{"href":"https:\/\/bdmiam.fr\/index.php\/wp-json\/wp\/v2\/media?parent=5583"}],"curies":[{"name":"wp","href":"https:\/\/api.w.org\/{rel}","templated":true}]}}