{"id":5588,"date":"2022-06-15T19:31:28","date_gmt":"2022-06-15T18:31:28","guid":{"rendered":"http:\/\/bdmiam.fr\/?page_id=5588"},"modified":"2022-06-15T19:31:28","modified_gmt":"2022-06-15T18:31:28","slug":"christophe-swal","status":"publish","type":"page","link":"https:\/\/bdmiam.fr\/index.php\/nos-artistes\/christophe-swal\/","title":{"rendered":"Christophe Swal"},"content":{"rendered":"\n<div class=\"wp-block-image\"><figure class=\"aligncenter is-resized\"><img data-recalc-dims=\"1\" loading=\"lazy\" decoding=\"async\" src=\"https:\/\/i0.wp.com\/bdmiam.fr\/wp-content\/uploads\/2022\/06\/Photo_2557.jpg?resize=250%2C250&#038;ssl=1\" alt=\"\" class=\"wp-image-5589\" width=\"250\" height=\"250\"\/><\/figure><\/div>\n\n\n\n<p style=\"text-align:center\"> Christophe Swal est n\u00e9 en 1974 \u00e0 Saint-Jean de Luz. Il vit \u00e0 Villeurbanne, mais travaille \u00e0 Lyon. Parfois, il fait l\u2019inverse. Comme il aime plein de choses (et surtout l\u2019imaginaire), il fait plein de choses : il dessine, il \u00e9crit, pour les grands et pour les plus petits. Il travaille aussi dans les domaines du jeu de r\u00f4le et du jeu de soci\u00e9t\u00e9. <strong>L\u2019Ours et le Trappeur<\/strong> est son premier livre jeunesse.<br>A BD Miam, il vient d\u00e9dicacer sa s\u00e9rie \u00ab\u00a0<strong>Dans le ventre du dragon<\/strong>\u00ab\u00a0.<br><\/p>\n\n\n\n<ul class=\"wp-block-gallery columns-2 is-cropped wp-block-gallery-1 is-layout-flex wp-block-gallery-is-layout-flex\"><li class=\"blocks-gallery-item\"><figure><img data-recalc-dims=\"1\" height=\"1024\" width=\"770\" decoding=\"async\" src=\"https:\/\/i0.wp.com\/bdmiam.fr\/wp-content\/uploads\/2022\/06\/Couv_441944.jpg?resize=770%2C1024&#038;ssl=1\" alt=\"\" data-id=\"5590\" data-link=\"https:\/\/bdmiam.fr\/?attachment_id=5590\" class=\"wp-image-5590\"\/><\/figure><\/li><li class=\"blocks-gallery-item\"><figure><img data-recalc-dims=\"1\" height=\"1024\" width=\"766\" decoding=\"async\" src=\"https:\/\/i0.wp.com\/bdmiam.fr\/wp-content\/uploads\/2022\/06\/Couv_447501.jpg?resize=766%2C1024&#038;ssl=1\" alt=\"\" data-id=\"5591\" data-link=\"https:\/\/bdmiam.fr\/?attachment_id=5591\" class=\"wp-image-5591\"\/><\/figure><\/li><\/ul>\n\n\n\n<p style=\"text-align:center\">Source : <a href=\"https:\/\/www.bedetheque.com\/auteur-2557-BD-Swal-Christophe.html\" target=\"_blank\" rel=\"noreferrer noopener\" aria-label=\"B\u00e9d\u00e9th\u00e8que (s\u2019ouvre dans un nouvel onglet)\">B\u00e9d\u00e9th\u00e8que<\/a>.<\/p>\n","protected":false},"excerpt":{"rendered":"<p>Christophe Swal est n\u00e9 en 1974 \u00e0 Saint-Jean de Luz. Il vit \u00e0 Villeurbanne, mais travaille \u00e0 Lyon. Parfois, il fait l\u2019inverse. Comme il aime plein de choses (et surtout l\u2019imaginaire), il fait plein de choses : il dessine, il \u00e9crit, pour les grands et pour les plus petits. Il travaille aussi dans les domaines [&hellip;]<\/p>\n","protected":false},"author":7,"featured_media":0,"parent":4494,"menu_order":0,"comment_status":"closed","ping_status":"closed","template":"","meta":{"footnotes":""},"class_list":["post-5588","page","type-page","status-publish","hentry"],"jetpack_sharing_enabled":true,"_links":{"self":[{"href":"https:\/\/bdmiam.fr\/index.php\/wp-json\/wp\/v2\/pages\/5588","targetHints":{"allow":["GET"]}}],"collection":[{"href":"https:\/\/bdmiam.fr\/index.php\/wp-json\/wp\/v2\/pages"}],"about":[{"href":"https:\/\/bdmiam.fr\/index.php\/wp-json\/wp\/v2\/types\/page"}],"author":[{"embeddable":true,"href":"https:\/\/bdmiam.fr\/index.php\/wp-json\/wp\/v2\/users\/7"}],"replies":[{"embeddable":true,"href":"https:\/\/bdmiam.fr\/index.php\/wp-json\/wp\/v2\/comments?post=5588"}],"version-history":[{"count":0,"href":"https:\/\/bdmiam.fr\/index.php\/wp-json\/wp\/v2\/pages\/5588\/revisions"}],"up":[{"embeddable":true,"href":"https:\/\/bdmiam.fr\/index.php\/wp-json\/wp\/v2\/pages\/4494"}],"wp:attachment":[{"href":"https:\/\/bdmiam.fr\/index.php\/wp-json\/wp\/v2\/media?parent=5588"}],"curies":[{"name":"wp","href":"https:\/\/api.w.org\/{rel}","templated":true}]}}