{"id":5600,"date":"2022-06-28T13:36:26","date_gmt":"2022-06-28T12:36:26","guid":{"rendered":"http:\/\/bdmiam.fr\/?page_id=5600"},"modified":"2022-06-28T13:36:26","modified_gmt":"2022-06-28T12:36:26","slug":"ivan-gil","status":"publish","type":"page","link":"https:\/\/bdmiam.fr\/index.php\/nos-artistes\/ivan-gil\/","title":{"rendered":"Iv\u00e1n Gil"},"content":{"rendered":"\n<div class=\"wp-block-image\"><figure class=\"aligncenter is-resized\"><img data-recalc-dims=\"1\" loading=\"lazy\" decoding=\"async\" src=\"https:\/\/i0.wp.com\/bdmiam.fr\/wp-content\/uploads\/2022\/06\/Photo_28189.jpg?resize=206%2C206&#038;ssl=1\" alt=\"\" class=\"wp-image-5601\" width=\"206\" height=\"206\"\/><\/figure><\/div>\n\n\n\n<p style=\"text-align:center\"> <strong>Iv\u00e1n Gil Fernandez<\/strong> est n\u00e9 un 3 d\u00e9cembre \u00e0 Getafe, cit\u00e9 industrielle de  la banlieue de Madrid, o\u00f9 il a commenc\u00e9 ses \u00e9tudes de biologie avant de choisir de se d\u00e9dier \u00e0 sa v\u00e9ritable passion : le dessin et la  bande-dessin\u00e9e. Une passion qui le m\u00e8nera, d\u00e8s 2002, vers le monde de la  miniature, o\u00f9 il exercera pendant plusieurs ann\u00e9es le m\u00e9tier de mod\u00e9liste, concevant des figurines et illustrations pour diverses entreprises, principalement espagnoles. Au festival d&rsquo;Angoul\u00eame 2007, il entre en contact avec les <strong>\u00c9ditions Dupuis<\/strong>, qui, int\u00e9ress\u00e9s par son sens du d\u00e9tail, le choisissent pour participer au travail sur l&rsquo;adaptation  de \u00ab\u00a0La Bataille\u00a0\u00bb. Parall\u00e8lement \u00e0 ces activit\u00e9s, Ivan Gil Fernandez est \u00e9galement professeur de dessin et bande-dessin\u00e9e \u00e0 l&rsquo;Acad\u00e9mie de dessin professionnel et d&rsquo;illustration \u00ab\u00a0Acad\u00e9mie C10\u00a0\u00bb de Madrid. <\/p>\n\n\n\n<ul class=\"wp-block-gallery aligncenter columns-2 is-cropped wp-block-gallery-1 is-layout-flex wp-block-gallery-is-layout-flex\"><li class=\"blocks-gallery-item\"><figure><img data-recalc-dims=\"1\" decoding=\"async\" src=\"https:\/\/i0.wp.com\/bdmiam.fr\/wp-content\/uploads\/2022\/06\/Couv_414623.jpg?ssl=1\" alt=\"\" data-id=\"5602\" data-link=\"https:\/\/bdmiam.fr\/?attachment_id=5602\" class=\"wp-image-5602\"\/><\/figure><\/li><li class=\"blocks-gallery-item\"><figure><img data-recalc-dims=\"1\" decoding=\"async\" src=\"https:\/\/i0.wp.com\/bdmiam.fr\/wp-content\/uploads\/2022\/06\/Couv_447896.jpg?ssl=1\" alt=\"\" data-id=\"5603\" data-link=\"https:\/\/bdmiam.fr\/?attachment_id=5603\" class=\"wp-image-5603\"\/><\/figure><\/li><\/ul>\n\n\n\n<p style=\"text-align:center\">Source : <a href=\"https:\/\/www.bedetheque.com\/auteur-28189-BD-Gil-Ivan.html\" target=\"_blank\" rel=\"noreferrer noopener\" aria-label=\"B\u00e9d\u00e9th\u00e8que (s\u2019ouvre dans un nouvel onglet)\">B\u00e9d\u00e9th\u00e8que<\/a><\/p>\n","protected":false},"excerpt":{"rendered":"<p>Iv\u00e1n Gil Fernandez est n\u00e9 un 3 d\u00e9cembre \u00e0 Getafe, cit\u00e9 industrielle de la banlieue de Madrid, o\u00f9 il a commenc\u00e9 ses \u00e9tudes de biologie avant de choisir de se d\u00e9dier \u00e0 sa v\u00e9ritable passion : le dessin et la bande-dessin\u00e9e. Une passion qui le m\u00e8nera, d\u00e8s 2002, vers le monde de la miniature, o\u00f9 [&hellip;]<\/p>\n","protected":false},"author":7,"featured_media":0,"parent":4494,"menu_order":0,"comment_status":"closed","ping_status":"closed","template":"","meta":{"footnotes":""},"class_list":["post-5600","page","type-page","status-publish","hentry"],"jetpack_sharing_enabled":true,"_links":{"self":[{"href":"https:\/\/bdmiam.fr\/index.php\/wp-json\/wp\/v2\/pages\/5600","targetHints":{"allow":["GET"]}}],"collection":[{"href":"https:\/\/bdmiam.fr\/index.php\/wp-json\/wp\/v2\/pages"}],"about":[{"href":"https:\/\/bdmiam.fr\/index.php\/wp-json\/wp\/v2\/types\/page"}],"author":[{"embeddable":true,"href":"https:\/\/bdmiam.fr\/index.php\/wp-json\/wp\/v2\/users\/7"}],"replies":[{"embeddable":true,"href":"https:\/\/bdmiam.fr\/index.php\/wp-json\/wp\/v2\/comments?post=5600"}],"version-history":[{"count":0,"href":"https:\/\/bdmiam.fr\/index.php\/wp-json\/wp\/v2\/pages\/5600\/revisions"}],"up":[{"embeddable":true,"href":"https:\/\/bdmiam.fr\/index.php\/wp-json\/wp\/v2\/pages\/4494"}],"wp:attachment":[{"href":"https:\/\/bdmiam.fr\/index.php\/wp-json\/wp\/v2\/media?parent=5600"}],"curies":[{"name":"wp","href":"https:\/\/api.w.org\/{rel}","templated":true}]}}