{"id":5607,"date":"2022-06-28T13:42:04","date_gmt":"2022-06-28T12:42:04","guid":{"rendered":"http:\/\/bdmiam.fr\/?page_id=5607"},"modified":"2023-11-13T22:25:54","modified_gmt":"2023-11-13T21:25:54","slug":"giovanni-rigano","status":"publish","type":"page","link":"https:\/\/bdmiam.fr\/index.php\/festival-2023\/giovanni-rigano\/","title":{"rendered":"Giovanni Rigano"},"content":{"rendered":"\n<figure class=\"wp-block-image aligncenter is-resized\"><img data-recalc-dims=\"1\" decoding=\"async\" src=\"https:\/\/i0.wp.com\/bdmiam.fr\/wp-content\/uploads\/2022\/06\/Photo_6979.jpg?ssl=1\" alt=\"\" class=\"wp-image-5608\" style=\"width:177px;height:184px\"\/><\/figure>\n\n\n\n<p class=\"has-text-align-center\"><strong>Giovanni Rigano<\/strong> est n\u00e9 \u00e0 Cant\u00f9 pr\u00e8s de C\u00f4me, en Italie, le 8 d\u00e9cembre 1977. Apr\u00e8s des \u00e9tudes scientifiques, une ma\u00eetrise appliqu\u00e9e en g\u00e9nie nucl\u00e9aire \u00e0 l\u2019Universit\u00e9 de Florence, il change de voie et fait des \u00e9tudes \u00e0 l\u2019\u00e9cole de Bande Dessin\u00e9e de Milan. Ce faisant, il collabore avec des agences de  communication r\u00e9put\u00e9es et s\u2019inscrit \u00e0 l\u2019Acad\u00e9mie Disney. En 1999, il r\u00e9alise des \u00e9pisodes des s\u00e9ries <strong>Topolino<\/strong>, <strong>Pk<\/strong>, <strong>X-Mickey<\/strong>, <strong>Witch<\/strong>, <strong>Lilo and  Stich<\/strong> (Disney adventures, US), <strong>Les indestructibles<\/strong> (l\u2019adaptation en  bande dessin\u00e9e du film d\u2019animation et des histoires courtes pour la Grande-Bretagne). Il collabora \u00e9galement avec Mosa\u00efk en Allemagne pour des \u00e9pisodes de la s\u00e9rie <strong>Die Abrafax<\/strong>. En 2003, Giovanni est s\u00e9lectionn\u00e9 parmi un panel de 200 dessinateurs Disney. Il a alors la charge de la  partie dessin du tome 2 de <strong>Monster Allergy<\/strong>. Enfin, en 2004, sort en France chez Soleil et en Italie chez BD Edizioni, le premier album de la s\u00e9rie <strong>Daffodil<\/strong>, sc\u00e9naris\u00e9 par <strong>Fr\u00e9d\u00e9ric Brr\u00e9maud<\/strong>. <\/p>\n\n\n\n<figure class=\"wp-block-gallery has-nested-images columns-default is-cropped wp-block-gallery-1 is-layout-flex wp-block-gallery-is-layout-flex\">\n<figure class=\"wp-block-image size-full\"><img data-recalc-dims=\"1\" loading=\"lazy\" decoding=\"async\" width=\"600\" height=\"825\" data-id=\"6206\" src=\"https:\/\/i0.wp.com\/bdmiam.fr\/wp-content\/uploads\/2023\/11\/Couv_473322.jpg?resize=600%2C825&#038;ssl=1\" alt=\"\" class=\"wp-image-6206\" srcset=\"https:\/\/i0.wp.com\/bdmiam.fr\/wp-content\/uploads\/2023\/11\/Couv_473322.jpg?w=600&amp;ssl=1 600w, https:\/\/i0.wp.com\/bdmiam.fr\/wp-content\/uploads\/2023\/11\/Couv_473322.jpg?resize=218%2C300&amp;ssl=1 218w\" sizes=\"auto, (max-width: 600px) 100vw, 600px\" \/><\/figure>\n\n\n\n<figure class=\"wp-block-image size-full\"><img data-recalc-dims=\"1\" loading=\"lazy\" decoding=\"async\" width=\"600\" height=\"901\" data-id=\"6207\" src=\"https:\/\/i0.wp.com\/bdmiam.fr\/wp-content\/uploads\/2023\/11\/Couv_468380.jpg?resize=600%2C901&#038;ssl=1\" alt=\"\" class=\"wp-image-6207\" srcset=\"https:\/\/i0.wp.com\/bdmiam.fr\/wp-content\/uploads\/2023\/11\/Couv_468380.jpg?w=600&amp;ssl=1 600w, https:\/\/i0.wp.com\/bdmiam.fr\/wp-content\/uploads\/2023\/11\/Couv_468380.jpg?resize=200%2C300&amp;ssl=1 200w\" sizes=\"auto, (max-width: 600px) 100vw, 600px\" \/><\/figure>\n<\/figure>\n\n\n\n<p class=\"has-text-align-center\">Source : <a href=\"https:\/\/www.bedetheque.com\/auteur-6979-BD-Rigano-Giovanni.html\" target=\"_blank\" rel=\"noreferrer noopener\" aria-label=\"B\u00e9d\u00e9th\u00e8que (s\u2019ouvre dans un nouvel onglet)\">B\u00e9d\u00e9th\u00e8que<\/a><\/p>\n","protected":false},"excerpt":{"rendered":"<p>Giovanni Rigano est n\u00e9 \u00e0 Cant\u00f9 pr\u00e8s de C\u00f4me, en Italie, le 8 d\u00e9cembre 1977. Apr\u00e8s des \u00e9tudes scientifiques, une ma\u00eetrise appliqu\u00e9e en g\u00e9nie nucl\u00e9aire \u00e0 l\u2019Universit\u00e9 de Florence, il change de voie et fait des \u00e9tudes \u00e0 l\u2019\u00e9cole de Bande Dessin\u00e9e de Milan. Ce faisant, il collabore avec des agences de communication r\u00e9put\u00e9es et [&hellip;]<\/p>\n","protected":false},"author":7,"featured_media":6002,"parent":4479,"menu_order":0,"comment_status":"closed","ping_status":"closed","template":"","meta":{"footnotes":""},"class_list":["post-5607","page","type-page","status-publish","has-post-thumbnail","hentry"],"jetpack_sharing_enabled":true,"_links":{"self":[{"href":"https:\/\/bdmiam.fr\/index.php\/wp-json\/wp\/v2\/pages\/5607","targetHints":{"allow":["GET"]}}],"collection":[{"href":"https:\/\/bdmiam.fr\/index.php\/wp-json\/wp\/v2\/pages"}],"about":[{"href":"https:\/\/bdmiam.fr\/index.php\/wp-json\/wp\/v2\/types\/page"}],"author":[{"embeddable":true,"href":"https:\/\/bdmiam.fr\/index.php\/wp-json\/wp\/v2\/users\/7"}],"replies":[{"embeddable":true,"href":"https:\/\/bdmiam.fr\/index.php\/wp-json\/wp\/v2\/comments?post=5607"}],"version-history":[{"count":2,"href":"https:\/\/bdmiam.fr\/index.php\/wp-json\/wp\/v2\/pages\/5607\/revisions"}],"predecessor-version":[{"id":6413,"href":"https:\/\/bdmiam.fr\/index.php\/wp-json\/wp\/v2\/pages\/5607\/revisions\/6413"}],"up":[{"embeddable":true,"href":"https:\/\/bdmiam.fr\/index.php\/wp-json\/wp\/v2\/pages\/4479"}],"wp:featuredmedia":[{"embeddable":true,"href":"https:\/\/bdmiam.fr\/index.php\/wp-json\/wp\/v2\/media\/6002"}],"wp:attachment":[{"href":"https:\/\/bdmiam.fr\/index.php\/wp-json\/wp\/v2\/media?parent=5607"}],"curies":[{"name":"wp","href":"https:\/\/api.w.org\/{rel}","templated":true}]}}